{"id":969,"date":"2019-11-17T14:45:26","date_gmt":"2019-11-17T13:45:26","guid":{"rendered":"http:\/\/dfs-betriebssport.de\/?page_id=969"},"modified":"2023-03-27T09:34:38","modified_gmt":"2023-03-27T08:34:38","slug":"radsport-langen","status":"publish","type":"page","link":"https:\/\/dfs-betriebssport.de\/?page_id=969","title":{"rendered":"Radsport Langen"},"content":{"rendered":"\n<p>Herzlich wilkommen beim Radsport-Team des DFS-Betriebssportvereins!<\/p>\n<p><strong>Spartenleitung:<\/strong><br>Sven L\u00f6ber<\/p>\n<p><strong>\u00dcber uns:<\/strong><br>Seit der ersten Teilnahme am Henninger Rennen im Jahre 2006 gibt es in der DFS die Radsport-Gruppe.<\/p>\n<p>Wir treffen uns Mitte M\u00e4rz bis Mitte Oktober ein- bzw. zweimal die Woche zum Rennrad-Training. Dabei beginnen wir mit flachen Strecken um 60 km (Odenwald) und wenn die Tage l\u00e4nger werden, fahren wir bis zu 120 km (Feldberg) und 600-1000 hm.<\/p>\n<p>Highlight des Jahres ist auch heute noch die Teilnahme am Jedermann-Rennen Eschborn-Frankfurt sowie dem Radmarathon in Bimbach.<\/p>\n<p>Die Teilnehmer m\u00fcssen nicht bei der DFS Deutschen Flugsicherung GmbH angestellt sein. Das Training beginnt je nach Wettervorhersage Dienstag, Mittwoch oder\/und Donnerstag um 16:00 Uhr.<\/p>\n<p>F\u00fcr unsere Mountainbiker gibt es die M\u00f6glichkeit, mittwochs um 18:30 beim ADFC Dreieich mitzutrainieren. Au\u00dferdem bieten wir von M\u00e4rz bis September einmal im Monat eine Ausfahrt im Vordertaunus an.<\/p>\n<p>Wer sich f\u00fcr die Trainingsfahrten anmelden m\u00f6chte, meldet sich bitte per E-Mail bei Christoph Schneider<\/p>\n<p><a href=\"https:\/\/dfs-betriebssport.de\/wp-content\/uploads\/2015\/02\/radsport-2.jpg\"><img loading=\"lazy\" decoding=\"async\" class=\"alignnone size-large wp-image-298\" src=\"https:\/\/dfs-betriebssport.de\/wp-content\/uploads\/2015\/02\/radsport-2-1024x768.jpg\" alt=\"radsport-2\" width=\"604\" height=\"453\" srcset=\"https:\/\/dfs-betriebssport.de\/wp-content\/uploads\/2015\/02\/radsport-2-1024x768.jpg 1024w, https:\/\/dfs-betriebssport.de\/wp-content\/uploads\/2015\/02\/radsport-2-300x225.jpg 300w, https:\/\/dfs-betriebssport.de\/wp-content\/uploads\/2015\/02\/radsport-2.jpg 1386w\" sizes=\"auto, (max-width: 604px) 100vw, 604px\" \/><\/a> <a href=\"https:\/\/dfs-betriebssport.de\/wp-content\/uploads\/2015\/02\/radsport-1.jpg\"><img loading=\"lazy\" decoding=\"async\" class=\"alignnone size-large wp-image-299\" src=\"https:\/\/dfs-betriebssport.de\/wp-content\/uploads\/2015\/02\/radsport-1-1024x768.jpg\" alt=\"radsport-1\" width=\"604\" height=\"453\" srcset=\"https:\/\/dfs-betriebssport.de\/wp-content\/uploads\/2015\/02\/radsport-1-1024x768.jpg 1024w, https:\/\/dfs-betriebssport.de\/wp-content\/uploads\/2015\/02\/radsport-1-300x225.jpg 300w, https:\/\/dfs-betriebssport.de\/wp-content\/uploads\/2015\/02\/radsport-1.jpg 1386w\" sizes=\"auto, (max-width: 604px) 100vw, 604px\" \/><\/a><\/p>\n","protected":false},"excerpt":{"rendered":"<p>Herzlich wilkommen beim Radsport-Team des DFS-Betriebssportvereins! Spartenleitung:Sven L\u00f6ber \u00dcber uns:Seit der ersten Teilnahme am Henninger Rennen im Jahre 2006 gibt es in der DFS die Radsport-Gruppe. Wir treffen uns Mitte M\u00e4rz bis Mitte Oktober ein- bzw. zweimal die Woche zum Rennrad-Training. Dabei beginnen wir mit flachen Strecken um 60 km (Odenwald) und wenn die Tage &hellip; <a href=\"https:\/\/dfs-betriebssport.de\/?page_id=969\" class=\"more-link\"><span class=\"screen-reader-text\">Radsport Langen<\/span> weiterlesen <span class=\"meta-nav\">&rarr;<\/span><\/a><\/p>\n","protected":false},"author":16,"featured_media":0,"parent":0,"menu_order":0,"comment_status":"closed","ping_status":"closed","template":"","meta":{"footnotes":""},"class_list":["post-969","page","type-page","status-publish","hentry"],"_links":{"self":[{"href":"https:\/\/dfs-betriebssport.de\/index.php?rest_route=\/wp\/v2\/pages\/969","targetHints":{"allow":["GET"]}}],"collection":[{"href":"https:\/\/dfs-betriebssport.de\/index.php?rest_route=\/wp\/v2\/pages"}],"about":[{"href":"https:\/\/dfs-betriebssport.de\/index.php?rest_route=\/wp\/v2\/types\/page"}],"author":[{"embeddable":true,"href":"https:\/\/dfs-betriebssport.de\/index.php?rest_route=\/wp\/v2\/users\/16"}],"replies":[{"embeddable":true,"href":"https:\/\/dfs-betriebssport.de\/index.php?rest_route=%2Fwp%2Fv2%2Fcomments&post=969"}],"version-history":[{"count":4,"href":"https:\/\/dfs-betriebssport.de\/index.php?rest_route=\/wp\/v2\/pages\/969\/revisions"}],"predecessor-version":[{"id":1401,"href":"https:\/\/dfs-betriebssport.de\/index.php?rest_route=\/wp\/v2\/pages\/969\/revisions\/1401"}],"wp:attachment":[{"href":"https:\/\/dfs-betriebssport.de\/index.php?rest_route=%2Fwp%2Fv2%2Fmedia&parent=969"}],"curies":[{"name":"wp","href":"https:\/\/api.w.org\/{rel}","templated":true}]}}