{"id":941,"date":"2019-04-24T14:34:51","date_gmt":"2019-04-24T13:34:51","guid":{"rendered":"http:\/\/dfs-betriebssport.de\/?page_id=941"},"modified":"2019-04-24T14:43:10","modified_gmt":"2019-04-24T13:43:10","slug":"kickboxen-langen-2","status":"publish","type":"page","link":"https:\/\/dfs-betriebssport.de\/?page_id=941","title":{"rendered":"Kickboxen Langen"},"content":{"rendered":"\n<h6 class=\"wp-block-heading\">Bereits jetzt mit den guten Vors\u00e4tzen f\u00fcr 2015 anfangen \u2013 Kickboxen in der DFS Betriebssportgruppe<\/h6>\n\n\n\n<div class=\"wp-block-image\"><figure class=\"alignright\"><a href=\"https:\/\/dfs-betriebssport.de\/wp-content\/uploads\/2015\/02\/TrainingSandsack_sm.jpg\"><img loading=\"lazy\" decoding=\"async\" width=\"300\" height=\"200\" src=\"https:\/\/dfs-betriebssport.de\/wp-content\/uploads\/2015\/02\/TrainingSandsack_sm-300x200.jpg\" alt=\"TrainingSandsack_sm\" class=\"wp-image-352\" srcset=\"https:\/\/dfs-betriebssport.de\/wp-content\/uploads\/2015\/02\/TrainingSandsack_sm-300x200.jpg 300w, https:\/\/dfs-betriebssport.de\/wp-content\/uploads\/2015\/02\/TrainingSandsack_sm-1024x683.jpg 1024w\" sizes=\"auto, (max-width: 300px) 100vw, 300px\" \/><\/a><\/figure><\/div>\n\n\n\n<p>Das Kickboxen ist eine junge, vielseitige Trendsportart f\u00fcr jedes Alter. Kickboxen bietet dem Sportler, im Gegensatz zu vielen anderen Sportarten, keine einseitigen Belastungen sondern beansprucht viel mehr den gesamten K\u00f6rper.<\/p>\n\n\n\n<p>Geschult werden die Bewegungskoordination, Beweglichkeit, Dehnung, Ausdauer, St\u00e4rkung der Muskulatur, Schnelligkeit sowie das allgemeine Leistungsverm\u00f6gen und die positive Entwicklung der Pers\u00f6nlichkeit. Aus diesem Grund nutzen viele das Kickboxen als Breitensport zum Ausgleich f\u00fcr die t\u00e4glichen Belastungen.<\/p>\n\n\n\n<div class=\"wp-block-image\"><figure class=\"alignright\"><a href=\"https:\/\/dfs-betriebssport.de\/wp-content\/uploads\/2015\/02\/Training19.05.06Christiane.jpg\"><img loading=\"lazy\" decoding=\"async\" width=\"300\" height=\"200\" src=\"https:\/\/dfs-betriebssport.de\/wp-content\/uploads\/2015\/02\/Training19.05.06Christiane-300x200.jpg\" alt=\"Training19.05.06Christiane\" class=\"wp-image-349\" srcset=\"https:\/\/dfs-betriebssport.de\/wp-content\/uploads\/2015\/02\/Training19.05.06Christiane-300x200.jpg 300w, https:\/\/dfs-betriebssport.de\/wp-content\/uploads\/2015\/02\/Training19.05.06Christiane-1024x683.jpg 1024w\" sizes=\"auto, (max-width: 300px) 100vw, 300px\" \/><\/a><\/figure><\/div>\n\n\n\n<p>Die Inhalte f\u00fchren von den Grundlagen bis zum Wettkampfniveau. Es werden Faust und Fu\u00dftechniken mit den dazugeh\u00f6rigen Verteidigungskonzepten vermittelt. Zus\u00e4tzlich stehen Selbstverteidigung und G\u00fcrtelpr\u00fcfungen auf dem Trainingsplan.<\/p>\n\n\n\n<p>Weitere wichtige Aspekte in unserem Training sind die Freude am Sport und an der Bewegung, das soziale Verhalten, Disziplin und Teamf\u00e4higkeit, Abbau von Dysbalancen sowie das kompensieren entwicklungsbedingter und k\u00f6rperlicher Defizite.<\/p>\n\n\n\n<p>Anbei die wichtigsten Informationen:<\/p>\n\n\n\n<p>DFS Kickboxen, ist das neu oder gibt es das schon l\u00e4nger?<\/p>\n\n\n\n<p>Die DFS Kickboxtrainingsgruppe wurde im Juli 2010 gegr\u00fcndet und geh\u00f6rt seit Juni 2014 zur Betriebsportgruppe der DFS.<\/p>\n\n\n\n<p>Wann wird trainiert?<\/p>\n\n\n\n<p>Dienstag 15:30-17:00 Uhr und Donnerstag 17:30-19:00 Uhr<\/p>\n\n\n\n<div class=\"wp-block-image\"><figure class=\"alignright\"><a href=\"https:\/\/dfs-betriebssport.de\/wp-content\/uploads\/2015\/02\/Jessica-Aktion-Kick.jpg\"><img loading=\"lazy\" decoding=\"async\" width=\"300\" height=\"216\" src=\"https:\/\/dfs-betriebssport.de\/wp-content\/uploads\/2015\/02\/Jessica-Aktion-Kick-300x216.jpg\" alt=\"Jessica Aktion Kick\" class=\"wp-image-348\" srcset=\"https:\/\/dfs-betriebssport.de\/wp-content\/uploads\/2015\/02\/Jessica-Aktion-Kick-300x216.jpg 300w, https:\/\/dfs-betriebssport.de\/wp-content\/uploads\/2015\/02\/Jessica-Aktion-Kick-1024x739.jpg 1024w\" sizes=\"auto, (max-width: 300px) 100vw, 300px\" \/><\/a><\/figure><\/div>\n\n\n\n<p>Wo wird trainiert?<\/p>\n\n\n\n<p>AK Turnhalle, Campus Langen<\/p>\n\n\n\n<p>Wer ist der Trainer?<\/p>\n\n\n\n<p>Jimmy Iwinski (4. Dan) WAKO Diplomtrainer A-Lizenz, Landestrainer<\/p>\n\n\n\n<p>An wen kann ich mich wenden, wenn ich Fragen habe?<\/p>\n\n\n\n<figure class=\"wp-block-image\"><a href=\"https:\/\/dfs-betriebssport.de\/wp-content\/uploads\/2015\/02\/email-rautenberg.jpg\"><img loading=\"lazy\" decoding=\"async\" width=\"198\" height=\"23\" src=\"https:\/\/dfs-betriebssport.de\/wp-content\/uploads\/2015\/02\/email-rautenberg.jpg\" alt=\"email-rautenberg\" class=\"wp-image-353\" \/><\/a><\/figure>\n\n\n\n<p>Markus Rautenberg, Email: <\/p>\n\n\n\n<p>Wo finde ich weitere Infos zum Thema Kickboxen?<\/p>\n\n\n\n<p>Partnerverein: Budo-Do-Tameshi e.V.\/ <a href=\"http:\/\/www.bdt-da.de\">http:\/\/www.bdt-da.de<\/a><\/p>\n\n\n\n<p>Hessischer Kickbox Verband (HKBV) \/ <a href=\"http:\/\/www.wako-in-he.de\">http:\/\/www.wako-in-he.de<\/a><\/p>\n\n\n\n<p>Ist Kickboxen nur was f\u00fcr M\u00e4nner?<\/p>\n\n\n\n<p>Nein, auf keinen Fall. Am Beispiel der Kickboxweltmeisterin Dr. Christine Theiss ist f\u00fcr jeden ersichtlich das Kickboxen auch ein Sport f\u00fcr Frauen ist.<\/p>\n\n\n\n<p>Kann ich ein Probetraining machen?<\/p>\n\n\n\n<p>Klar, einfach Sportsachen mitbringen und los geht\u2019s! Eine Anmeldung vorher ist nicht notwendig.<\/p>\n\n\n\n<p>Sind Vorkenntnisse notwendig?<\/p>\n\n\n\n<p>Nein, jeder kann bei uns mitmachen. Das Training wird abh\u00e4ngig von der Erfahrung der einzelnen Teilnehmer individuell angepasst.<\/p>\n\n\n\n<p>Wir freuen uns auf euch!<\/p>\n","protected":false},"excerpt":{"rendered":"<p>Bereits jetzt mit den guten Vors\u00e4tzen f\u00fcr 2015 anfangen \u2013 Kickboxen in der DFS Betriebssportgruppe Das Kickboxen ist eine junge, vielseitige Trendsportart f\u00fcr jedes Alter. Kickboxen bietet dem Sportler, im Gegensatz zu vielen anderen Sportarten, keine einseitigen Belastungen sondern beansprucht viel mehr den gesamten K\u00f6rper. Geschult werden die Bewegungskoordination, Beweglichkeit, Dehnung, Ausdauer, St\u00e4rkung der Muskulatur, &hellip; <a href=\"https:\/\/dfs-betriebssport.de\/?page_id=941\" class=\"more-link\"><span class=\"screen-reader-text\">Kickboxen Langen<\/span> weiterlesen <span class=\"meta-nav\">&rarr;<\/span><\/a><\/p>\n","protected":false},"author":14,"featured_media":0,"parent":0,"menu_order":0,"comment_status":"closed","ping_status":"closed","template":"","meta":{"footnotes":""},"class_list":["post-941","page","type-page","status-publish","hentry"],"_links":{"self":[{"href":"https:\/\/dfs-betriebssport.de\/index.php?rest_route=\/wp\/v2\/pages\/941","targetHints":{"allow":["GET"]}}],"collection":[{"href":"https:\/\/dfs-betriebssport.de\/index.php?rest_route=\/wp\/v2\/pages"}],"about":[{"href":"https:\/\/dfs-betriebssport.de\/index.php?rest_route=\/wp\/v2\/types\/page"}],"author":[{"embeddable":true,"href":"https:\/\/dfs-betriebssport.de\/index.php?rest_route=\/wp\/v2\/users\/14"}],"replies":[{"embeddable":true,"href":"https:\/\/dfs-betriebssport.de\/index.php?rest_route=%2Fwp%2Fv2%2Fcomments&post=941"}],"version-history":[{"count":3,"href":"https:\/\/dfs-betriebssport.de\/index.php?rest_route=\/wp\/v2\/pages\/941\/revisions"}],"predecessor-version":[{"id":945,"href":"https:\/\/dfs-betriebssport.de\/index.php?rest_route=\/wp\/v2\/pages\/941\/revisions\/945"}],"wp:attachment":[{"href":"https:\/\/dfs-betriebssport.de\/index.php?rest_route=%2Fwp%2Fv2%2Fmedia&parent=941"}],"curies":[{"name":"wp","href":"https:\/\/api.w.org\/{rel}","templated":true}]}}