{"id":910,"date":"2018-12-06T16:44:44","date_gmt":"2018-12-06T15:44:44","guid":{"rendered":"http:\/\/dfs-betriebssport.de\/?page_id=910"},"modified":"2018-12-06T16:49:43","modified_gmt":"2018-12-06T15:49:43","slug":"fussball-langen","status":"publish","type":"page","link":"https:\/\/dfs-betriebssport.de\/?page_id=910","title":{"rendered":"Fu\u00dfball Langen"},"content":{"rendered":"<p>Herzlich wilkommen beim Fu\u00dfball-Team des DFS-Betriebssportvereins!<\/p>\n<p><strong>Spartenleitung:<\/strong><br \/>\nHerr Holger Eibler, Email: <a href=\"https:\/\/dfs-betriebssport.de\/wp-content\/uploads\/2015\/02\/email-eibler.jpg\"><img loading=\"lazy\" decoding=\"async\" class=\"alignnone size-full wp-image-284\" src=\"https:\/\/dfs-betriebssport.de\/wp-content\/uploads\/2015\/02\/email-eibler.jpg\" alt=\"email-eibler\" width=\"150\" height=\"20\" \/><\/a> \/ Tel.: 06103 707-3367<br \/>\nHerr Christian Volkmann, Email: <a href=\"https:\/\/dfs-betriebssport.de\/wp-content\/uploads\/2015\/02\/email-volkmann.jpg\"><img loading=\"lazy\" decoding=\"async\" class=\"alignnone size-full wp-image-285\" src=\"https:\/\/dfs-betriebssport.de\/wp-content\/uploads\/2015\/02\/email-volkmann.jpg\" alt=\"email-volkmann\" width=\"197\" height=\"17\" \/><\/a> \/ Tel.: 06103 707-2743<\/p>\n<p><a href=\"https:\/\/dfs-betriebssport.de\/wp-content\/uploads\/2015\/02\/BSV-Spartenbild-Fussball-Intranet.jpg\"><img loading=\"lazy\" decoding=\"async\" class=\"alignnone size-full wp-image-286\" src=\"https:\/\/dfs-betriebssport.de\/wp-content\/uploads\/2015\/02\/BSV-Spartenbild-Fussball-Intranet.jpg\" alt=\"BSV Spartenbild Fussball Intranet\" width=\"600\" height=\"225\" srcset=\"https:\/\/dfs-betriebssport.de\/wp-content\/uploads\/2015\/02\/BSV-Spartenbild-Fussball-Intranet.jpg 600w, https:\/\/dfs-betriebssport.de\/wp-content\/uploads\/2015\/02\/BSV-Spartenbild-Fussball-Intranet-300x113.jpg 300w\" sizes=\"auto, (max-width: 600px) 100vw, 600px\" \/><\/a><\/p>\n<p><b>Fu\u00dfball: \u201eDie sch\u00f6nste Nebensache der Welt \u2026\u201c<\/b><br \/>\nFu\u00dfballbegeisterte, die bislang noch keine sportliche Heimstatt finden konnten, sind in der Sparte Fu\u00dfball des Betriebssportvereins Langen genau richtig. Zumal man (sich) hier nicht nur eine ruhige Kugel (zu)schiebt, sondern an einem geregelten Spielbetrieb und auch an externen Turnieren teilnimmt.<\/p>\n<p>Auch wenn die Sparte Fu\u00dfball bereits auf den einen oder anderen achtbaren Erfolg zur\u00fcckblicken kann, spielen die sportlichen Ziele eine eher untergeordnete Rolle. Grunds\u00e4tzlich genie\u00dfen der Spa\u00df am Sport und die Zuverl\u00e4ssigkeit der Mitspieler Vorrang vor verbissen erk\u00e4mpften sportlichen Zielen. Ein gesunder sportlicher Ehrgeiz sollte jedoch trotzdem vorhanden sein.<\/p>\n<p><b>Mitglied werden<\/b><br \/>\nDie Sparte Fu\u00dfball umfasst derzeit rund 20 Mitglieder. Die Aufnahme ist an keine bestimmten Voraussetzungen gekn\u00fcpft. Von Vorteil sind jedoch folgende pers\u00f6nlichen Eigenschaften:<br \/>\nTeamgeist. Spa\u00df am Fu\u00dfball. Zuverl\u00e4ssigkeit. Verbindlichkeit \u2026 und im besten Fall: Talent &#8230; ;).<\/p>\n<p>Die Mitgliedschaft kann mittels Antragsformular (Link) schriftlich \u00fcber die Spartenleitung beantragt werden.<\/p>\n<p>Da wir an einem geregelten Spielbetrieb teilnehmen, erwarten wir insbesondere ein hohes Ma\u00df an Zuverl\u00e4ssigkeit, vor allem nat\u00fcrlich was die regelm\u00e4\u00dfige Teilnahme an den Ligaspielen betrifft.<\/p>\n<p><b>Spielbetrieb \/ Training<\/b><br \/>\n<i><span style=\"text-decoration: underline;\">Spielbetrieb<\/span><\/i><br \/>\nDie Sparte nimmt mit einer Mannschaft an der j\u00e4hrlich stattfindenden Kleinfeld-Betriebssportliga des Betriebssportverbandes Langen\/Dreieich teil. Die Spiele finden von ca. April bis Oktober jeden Montagabend (mit Ausnahme von spielfreien Tagen) auf dem Kunstrasenplatz des 1. FC Langen statt. Pro Jahr sind das etwa 15 Spiele in der Betriebssportliga. Gespielt wird mit 5 Feldspielern + Torwart sowie beliebig vielen Auswechselspielern. Die Spielzeit betr\u00e4gt 2 x 30 Minuten. Ab ca. 30 Mitgliedern w\u00e4re die Anmeldung einer zweiten Mannschaft denkbar.<\/p>\n<p>N\u00e4here Infos zur Kleinfeld-Betriebssportliga gibt es auf der offiziellen Internetseite: www.bsv-langen-fussball.de<\/p>\n<p>Hin und wieder nimmt die Sparte auch an externen Turnieren teil, wie z. B. 2012 am Amadeus Fire Cup oder bis 2010 j\u00e4hrlich am AFSBw-Turnier.<\/p>\n<p><i><span style=\"text-decoration: underline;\">Training<\/span><\/i><br \/>\nTrainiert wird an den spielfreien Montagen w\u00e4hrend der Ligasaison und ganzj\u00e4hrig am Mittwoch (jeweils auf dem Kunstrasenplatz der DFS bzw. im Winter in der DFS-Sporthalle). Die Teilnahme am Training ist nicht zwingend erforderlich, wird aber im Hinblick auf ein gemeinsames Spielverst\u00e4ndnis empfohlen.<\/p>\n<p><b>DFS-Multifunktionsplatz<\/b><br \/>\nDie Sparte Fu\u00dfball ist auch f\u00fcr den Belegungsplan des Multifunktionsplatzes der DFS (hinter der Akademie) verantwortlich. Den Platz kann unabh\u00e4ngig von einer Mitgliedschaft im DFS-Betriebssportverein jeder DFS-Mitarbeiter nutzen. Wer sichergehen will, dass der Platz frei ist, sollte sich allerdings ein Zeitfenster reservieren lassen und dazu Kontakt mit Holger Eibler aufnehmen. Es k\u00f6nnen sowohl einmalige wie auch regelm\u00e4\u00dfige Termine angemeldet werden.<\/p>\n<p>Der jeweils aktuelle Belegungsplan findet sich im Intranet und im Schaukasten am Platz selbst.<\/p>\n<p><a href=\"https:\/\/dfs-betriebssport.de\/wp-content\/uploads\/2015\/02\/BSV-Spartenbild-Fussball-Intranet.jpg\"><img loading=\"lazy\" decoding=\"async\" class=\"alignnone size-full wp-image-286\" src=\"https:\/\/dfs-betriebssport.de\/wp-content\/uploads\/2015\/02\/BSV-Spartenbild-Fussball-Intranet.jpg\" alt=\"BSV Spartenbild Fussball Intranet\" width=\"600\" height=\"225\" srcset=\"https:\/\/dfs-betriebssport.de\/wp-content\/uploads\/2015\/02\/BSV-Spartenbild-Fussball-Intranet.jpg 600w, https:\/\/dfs-betriebssport.de\/wp-content\/uploads\/2015\/02\/BSV-Spartenbild-Fussball-Intranet-300x113.jpg 300w\" sizes=\"auto, (max-width: 600px) 100vw, 600px\" \/><\/a><\/p>\n","protected":false},"excerpt":{"rendered":"<p>Herzlich wilkommen beim Fu\u00dfball-Team des DFS-Betriebssportvereins! Spartenleitung: Herr Holger Eibler, Email: \/ Tel.: 06103 707-3367 Herr Christian Volkmann, Email: \/ Tel.: 06103 707-2743 Fu\u00dfball: \u201eDie sch\u00f6nste Nebensache der Welt \u2026\u201c Fu\u00dfballbegeisterte, die bislang noch keine sportliche Heimstatt finden konnten, sind in der Sparte Fu\u00dfball des Betriebssportvereins Langen genau richtig. Zumal man (sich) hier nicht nur &hellip; <a href=\"https:\/\/dfs-betriebssport.de\/?page_id=910\" class=\"more-link\"><span class=\"screen-reader-text\">Fu\u00dfball Langen<\/span> weiterlesen <span class=\"meta-nav\">&rarr;<\/span><\/a><\/p>\n","protected":false},"author":12,"featured_media":0,"parent":0,"menu_order":0,"comment_status":"closed","ping_status":"closed","template":"","meta":{"footnotes":""},"class_list":["post-910","page","type-page","status-publish","hentry"],"_links":{"self":[{"href":"https:\/\/dfs-betriebssport.de\/index.php?rest_route=\/wp\/v2\/pages\/910","targetHints":{"allow":["GET"]}}],"collection":[{"href":"https:\/\/dfs-betriebssport.de\/index.php?rest_route=\/wp\/v2\/pages"}],"about":[{"href":"https:\/\/dfs-betriebssport.de\/index.php?rest_route=\/wp\/v2\/types\/page"}],"author":[{"embeddable":true,"href":"https:\/\/dfs-betriebssport.de\/index.php?rest_route=\/wp\/v2\/users\/12"}],"replies":[{"embeddable":true,"href":"https:\/\/dfs-betriebssport.de\/index.php?rest_route=%2Fwp%2Fv2%2Fcomments&post=910"}],"version-history":[{"count":2,"href":"https:\/\/dfs-betriebssport.de\/index.php?rest_route=\/wp\/v2\/pages\/910\/revisions"}],"predecessor-version":[{"id":912,"href":"https:\/\/dfs-betriebssport.de\/index.php?rest_route=\/wp\/v2\/pages\/910\/revisions\/912"}],"wp:attachment":[{"href":"https:\/\/dfs-betriebssport.de\/index.php?rest_route=%2Fwp%2Fv2%2Fmedia&parent=910"}],"curies":[{"name":"wp","href":"https:\/\/api.w.org\/{rel}","templated":true}]}}