{"id":91,"date":"2015-02-19T23:18:59","date_gmt":"2015-02-19T22:18:59","guid":{"rendered":"http:\/\/dfs-betriebssport.de\/?page_id=91"},"modified":"2017-04-05T13:53:41","modified_gmt":"2017-04-05T12:53:41","slug":"so-finanziert-sich-der-dfs-betriebssportverein","status":"publish","type":"page","link":"https:\/\/dfs-betriebssport.de\/?page_id=91","title":{"rendered":"So finanziert sich der DFS Betriebssportverein"},"content":{"rendered":"<p><strong>Der DFS Betriebssportverein e.V. stellt jedes Jahr eine Finanzplanung auf, so wie die meisten anderen Vereine auch. Doch woher kommt eigentlich das Geld um die Sportsparten zu unterst\u00fctzen? Der Nachfolgende Artikel gibt die Antwort: <\/strong><\/p>\n<p><strong>Ermittlung des Finanzbedarfs<\/strong><br \/>\nJedes Jahr im November trifft sich der Vorstand des Vereins zur Erstellung eines Finanzplans f\u00fcr das Folgejahr. Jede Sportsparte ist bis dahin aufgerufen einen Finanzplan zu erstellen und darzulegen was an Finanzmitteln f\u00fcr den Sportbetrieb im Folgejahr ben\u00f6tigt wird (z.B. Startgeb\u00fchren bei Wettbewerben, Trainingskosten, Miete f\u00fcr Sportger\u00e4te etc.).<br \/>\nReicht eine Sparte keine Planung ein, bekommt sie den obligatorischen Sockelbetrag zugewiesen (2014 waren dies 150,-, dies \u00e4ndert sich jedoch von Jahr zu Jahr je nach finanzieller Situation des Vereins).<\/p>\n<p>Hat jede Sparte ihren Bedarf gemeldet oder den Sockelbetrag genommen, dann steht der Gesamtfinanzbedarf des DFS Betriebssportvereins f\u00fcr das Folgejahr fest.<\/p>\n<p><strong>Zur Verf\u00fcgung stehende Mittel<\/strong><br \/>\nUm diesen Finanzierungsbedarf zu decken stehen drei Finanzierungsquellen zur Verf\u00fcgung:<br \/>\n&#8211; Spenden an den DFS Betriebssportverein<br \/>\n&#8211; Mitgliedsbeitr\u00e4ge der Mitglieder<br \/>\n&#8211; Zusatzbeitr\u00e4ge der Sportsparten<\/p>\n<p>An <strong>Spendengeldern<\/strong> steht das zur Verf\u00fcgung was die die DFS Gesch\u00e4ftsf\u00fchrung und ggf. Dritte dem DFS Betriebssportverein spenden. Dieser Betrag kann sich jedes Jahr \u00e4ndern.<\/p>\n<p>Von den <strong>Mitgliedsbeitr\u00e4gen<\/strong> werden die Versicherungsleistungen (inkl. der Verwaltungsgeb\u00fchren die der Versicherungstr\u00e4ger erhebt) f\u00fcr die Mitglieder bezahlt. Der Rest der Mitgliedsbeitr\u00e4ge flie\u00dft an die jeweiligen Sportsparten denen die Mitglieder angeh\u00f6ren zur\u00fcck.<\/p>\n<p>Fehlt einer Sportsparte nach ihrem Anteil an den Spendengeldern und Mitgliedsbeitr\u00e4gen noch Geld, so kann die Sparte einen entsprechenden <strong>Zusatzbeitrag<\/strong> von ihren Mitgliedern erheben um diese L\u00fccke zu decken. Sofern eine Sparte einen Zusatzbeitrag erhebt ist dies auf der Intranetseite der jeweiligen Sportsparte angegeben.<\/p>\n<p><strong>Verteilung der Mittel<\/strong><br \/>\nDie <strong>Spendengelder<\/strong> werden jedes Jahr auf der November-Sitzung des Gesamtvorstandes (bestehend aus den Vorstandsmitgliedern sowie allen Spartenleitern) verteilt. Die Zuteilung hat Fairness und Transparenz als oberstes Gebot. Da die Spendengelder \u00fcblicherweise geringer sind als der Gesamtbedarf, erh\u00e4lt jede Sportsparte normalerweise immer nur einen gewissen Anteil ihres Bedarfs aus den Spendengeldern (z.B. 60%). Dabei richtet sich der genaue Betrag haupts\u00e4chlich an den Mitgliedern der jeweiligen Sparte aus (damit eine Sparte mit 3 Mitgliedern nicht den gleichen Betrag wie eine Sparte mit 50 Mitgliedern bekommt, denn das w\u00e4re unfair&#8230;).<\/p>\n<p>Zudem flie\u00dft der Restanteil der <strong>Mitgliedsbeitr\u00e4ge<\/strong>, der nach Bezahlung der Versicherungsleistung und Geb\u00fchren \u00fcbrig bleibt, an die jeweiligen Sportsparten denen die Mitglieder angeh\u00f6ren zur\u00fcck. Derzeit betr\u00e4gt der Mitgliedsbeitrag 18,- EUR pro Jahr, wovon ein Teil f\u00fcr die Versicherungsleistungen und Geb\u00fchren ausgegeben werden und der Rest der jeweiligen Sportsparte zuflie\u00dft.<\/p>\n<p>Die Erhebung und Verwendung der <strong>Zusatzbeitr\u00e4ge<\/strong> hat jede Sparte selbst in der Hand.<\/p>\n<p><strong>Finanzierungsbeispiel einer Sportsparte<\/strong><br \/>\nEin Finanzierungsbeispiel f\u00fcr die virtuelle Sportsparte &#8222;Hallenhalma&#8220; mit 50 Mitgliedern w\u00fcrde z.B. so aussehen:<\/p>\n<p>&#8211; Finanzbedarf f\u00fcr Hallenmiete, Trainerstunden, Miete f\u00fcr Sportger\u00e4te (Spielbretter und Fig\u00fcrchen) und Wettkampfstartgeb\u00fchren: 1000,- f\u00fcr das n\u00e4chste Jahr<br \/>\n&#8211; Zuteilung aus den zur Verf\u00fcgung stehenden Spendengeldern anteilig: 400,-<br \/>\n&#8211; R\u00fcckfluss der Restbetr\u00e4ge aus den Mitgliedsbeitr\u00e4gen (2014 waren dies 9,- pro Mitglied): 50 x 9,- = 450,-<\/p>\n<p>Somit fehlen der Sparte noch 150,-, die \u00fcber einen Zusatzbeitrag von 3,- pro Jahr und Mitglied ausgeglichen werden.<\/p>\n<p><strong>Verwendungsgrunds\u00e4tze<\/strong><br \/>\n&#8211; Gef\u00f6rdert wird mit den Zusch\u00fcssen des Vereins grunds\u00e4tzlich nur der Sportbetrieb (Training, Startgeb\u00fchren, Mieten etc.).<\/p>\n<p>&#8211; Erstattungen sind unabh\u00e4ngig vom zugeteilten Budget nur gegen Quittungen\/Rechnungen\/Zahlungsbelegen m\u00f6glich.<\/p>\n<p>&#8211; Sch\u00f6pft eine Sportsparte ihr Budget nicht voll aus, so flie\u00dft dieses Restbudget in den Spendentopf des darauf folgenden Jahres und kommt somit wieder allen Sportsparten zugute.<\/p>\n","protected":false},"excerpt":{"rendered":"<p>Der DFS Betriebssportverein e.V. stellt jedes Jahr eine Finanzplanung auf, so wie die meisten anderen Vereine auch. Doch woher kommt eigentlich das Geld um die Sportsparten zu unterst\u00fctzen? Der Nachfolgende Artikel gibt die Antwort: Ermittlung des Finanzbedarfs Jedes Jahr im November trifft sich der Vorstand des Vereins zur Erstellung eines Finanzplans f\u00fcr das Folgejahr. Jede &hellip; <a href=\"https:\/\/dfs-betriebssport.de\/?page_id=91\" class=\"more-link\"><span class=\"screen-reader-text\">So finanziert sich der DFS Betriebssportverein<\/span> weiterlesen <span class=\"meta-nav\">&rarr;<\/span><\/a><\/p>\n","protected":false},"author":1,"featured_media":0,"parent":0,"menu_order":0,"comment_status":"closed","ping_status":"closed","template":"","meta":{"footnotes":""},"class_list":["post-91","page","type-page","status-publish","hentry"],"_links":{"self":[{"href":"https:\/\/dfs-betriebssport.de\/index.php?rest_route=\/wp\/v2\/pages\/91","targetHints":{"allow":["GET"]}}],"collection":[{"href":"https:\/\/dfs-betriebssport.de\/index.php?rest_route=\/wp\/v2\/pages"}],"about":[{"href":"https:\/\/dfs-betriebssport.de\/index.php?rest_route=\/wp\/v2\/types\/page"}],"author":[{"embeddable":true,"href":"https:\/\/dfs-betriebssport.de\/index.php?rest_route=\/wp\/v2\/users\/1"}],"replies":[{"embeddable":true,"href":"https:\/\/dfs-betriebssport.de\/index.php?rest_route=%2Fwp%2Fv2%2Fcomments&post=91"}],"version-history":[{"count":4,"href":"https:\/\/dfs-betriebssport.de\/index.php?rest_route=\/wp\/v2\/pages\/91\/revisions"}],"predecessor-version":[{"id":711,"href":"https:\/\/dfs-betriebssport.de\/index.php?rest_route=\/wp\/v2\/pages\/91\/revisions\/711"}],"wp:attachment":[{"href":"https:\/\/dfs-betriebssport.de\/index.php?rest_route=%2Fwp%2Fv2%2Fmedia&parent=91"}],"curies":[{"name":"wp","href":"https:\/\/api.w.org\/{rel}","templated":true}]}}