{"id":586,"date":"2016-10-18T14:21:43","date_gmt":"2016-10-18T13:21:43","guid":{"rendered":"http:\/\/dfs-betriebssport.de\/?page_id=586"},"modified":"2017-07-08T14:39:21","modified_gmt":"2017-07-08T13:39:21","slug":"klettern-karlsruhe-2","status":"publish","type":"page","link":"https:\/\/dfs-betriebssport.de\/?page_id=586","title":{"rendered":"Klettern Karlsruhe"},"content":{"rendered":"<p>Herzlich willkommen bei den Rhein Radar Climbers!<\/p>\n<p><strong>Spartenleitung:<\/strong><br \/>\nMathias Wegner und Michael Haslacher<br \/>\n<strong>Hintergrund:<\/strong><br \/>\nWir klettern schon seit vielen Jahren und m\u00f6chten Euch gerne f\u00fcr diese gleicherma\u00dfen aufregende wie gesunde Sportart begeistern. In unserem verantwortungsvollen beruflichen Umfeld kann das Klettern den n\u00f6tigen Ausgleich schaffen um k\u00f6rperlich fit zu bleiben und Stress abzubauen. Beim Klettern kann man v\u00f6llig abschalten und sich trotzdem auspowern- der Fokus steht auf Vertrauen zum Kletterpartner und der eigenen k\u00f6rperlichen und mentalen Kraft!<\/p>\n<p><a href=\"https:\/\/dfs-betriebssport.de\/wp-content\/uploads\/2016\/10\/15036499_1306377019387167_5715648208535862709_n.jpg\"><\/a>Wir freuen uns auf euer erscheinen \ud83d\ude42<\/p>\n","protected":false},"excerpt":{"rendered":"<p>Herzlich willkommen bei den Rhein Radar Climbers! Spartenleitung: Mathias Wegner und Michael Haslacher Hintergrund: Wir klettern schon seit vielen Jahren und m\u00f6chten Euch gerne f\u00fcr diese gleicherma\u00dfen aufregende wie gesunde Sportart begeistern. In unserem verantwortungsvollen beruflichen Umfeld kann das Klettern den n\u00f6tigen Ausgleich schaffen um k\u00f6rperlich fit zu bleiben und Stress abzubauen. Beim Klettern kann &hellip; <a href=\"https:\/\/dfs-betriebssport.de\/?page_id=586\" class=\"more-link\"><span class=\"screen-reader-text\">Klettern Karlsruhe<\/span> weiterlesen <span class=\"meta-nav\">&rarr;<\/span><\/a><\/p>\n","protected":false},"author":9,"featured_media":0,"parent":0,"menu_order":0,"comment_status":"closed","ping_status":"closed","template":"","meta":{"footnotes":""},"class_list":["post-586","page","type-page","status-publish","hentry"],"_links":{"self":[{"href":"https:\/\/dfs-betriebssport.de\/index.php?rest_route=\/wp\/v2\/pages\/586","targetHints":{"allow":["GET"]}}],"collection":[{"href":"https:\/\/dfs-betriebssport.de\/index.php?rest_route=\/wp\/v2\/pages"}],"about":[{"href":"https:\/\/dfs-betriebssport.de\/index.php?rest_route=\/wp\/v2\/types\/page"}],"author":[{"embeddable":true,"href":"https:\/\/dfs-betriebssport.de\/index.php?rest_route=\/wp\/v2\/users\/9"}],"replies":[{"embeddable":true,"href":"https:\/\/dfs-betriebssport.de\/index.php?rest_route=%2Fwp%2Fv2%2Fcomments&post=586"}],"version-history":[{"count":9,"href":"https:\/\/dfs-betriebssport.de\/index.php?rest_route=\/wp\/v2\/pages\/586\/revisions"}],"predecessor-version":[{"id":786,"href":"https:\/\/dfs-betriebssport.de\/index.php?rest_route=\/wp\/v2\/pages\/586\/revisions\/786"}],"wp:attachment":[{"href":"https:\/\/dfs-betriebssport.de\/index.php?rest_route=%2Fwp%2Fv2%2Fmedia&parent=586"}],"curies":[{"name":"wp","href":"https:\/\/api.w.org\/{rel}","templated":true}]}}