{"id":583,"date":"2016-10-18T14:20:37","date_gmt":"2016-10-18T13:20:37","guid":{"rendered":"http:\/\/dfs-betriebssport.de\/?page_id=583"},"modified":"2016-10-18T14:23:22","modified_gmt":"2016-10-18T13:23:22","slug":"laufen-karlsruhe-the-rhein-radar-runners","status":"publish","type":"page","link":"https:\/\/dfs-betriebssport.de\/?page_id=583","title":{"rendered":"Laufen Karlsruhe: The Rhein Radar Runners"},"content":{"rendered":"<p>Herzlich willkommen bei der Karlsruher Lauf-Sparte des DFS-Betriebssportvereins!<\/p>\n<p><strong>Spartenleitung: Boris Pfetzing, E-Mail: <a href=\"https:\/\/dfs-betriebssport.de\/wp-content\/uploads\/2015\/02\/email-pfetzing.jpg\"><img loading=\"lazy\" decoding=\"async\" class=\"alignnone size-full wp-image-193\" src=\"https:\/\/dfs-betriebssport.de\/wp-content\/uploads\/2015\/02\/email-pfetzing.jpg\" alt=\"email-pfetzing\" width=\"141\" height=\"17\" \/><\/a><\/strong><br \/>\n<strong> Vertreter: Michael Jung, E-Mail: <a href=\"https:\/\/dfs-betriebssport.de\/wp-content\/uploads\/2015\/02\/email-jung.jpg\"><img loading=\"lazy\" decoding=\"async\" class=\"alignnone size-full wp-image-192\" src=\"https:\/\/dfs-betriebssport.de\/wp-content\/uploads\/2015\/02\/email-jung.jpg\" alt=\"email-jung\" width=\"133\" height=\"16\" \/><\/a><br \/>\n<\/strong><\/p>\n<p>Unter dem Namen \u201eRhein Radar Runners\u201c gibt es die Laufgruppe in Karlsruhe schon lange Zeit, seit Juni 2014 auch als \u201eechte\u201c Betriebssportler. Neben der ehrenvollen Verpflichtung, nach M\u00f6glichkeit beim DFS-Challenge-Lauf zu starten, treffen sich die Mitglieder f\u00fcr unterschiedliche Wettbewerbe in sehr unterschiedlicher Konstellation. Ein gemeinsames Lauftraining gibt es (noch) nicht.<\/p>\n<p><a href=\"https:\/\/dfs-betriebssport.de\/wp-content\/uploads\/2015\/02\/Freiburg_JM_web.jpg\"><img loading=\"lazy\" decoding=\"async\" class=\"alignnone wp-image-195 size-full\" src=\"https:\/\/dfs-betriebssport.de\/wp-content\/uploads\/2015\/02\/Freiburg_JM_web.jpg\" alt=\"Freiburg_JM_web\" width=\"600\" height=\"389\" srcset=\"https:\/\/dfs-betriebssport.de\/wp-content\/uploads\/2015\/02\/Freiburg_JM_web.jpg 600w, https:\/\/dfs-betriebssport.de\/wp-content\/uploads\/2015\/02\/Freiburg_JM_web-300x195.jpg 300w\" sizes=\"auto, (max-width: 600px) 100vw, 600px\" \/><\/a><\/p>\n<p>Das Team der Rhein Radar Runners beim Freiburger Rock-Marathon 2014<\/p>\n<p><strong>Wie viele Mitglieder?<\/strong><br \/>\n23 (am 24.02.2015)<\/p>\n<p><strong>Ist eine Laufgruppe in Planung?<\/strong><br \/>\nNein, derzeit nicht.<\/p>\n<p><strong>Gibt es Voraussetzungen, um mitzumachen?<\/strong><br \/>\nSpa\u00df am Laufen, Spa\u00df an Wettbewerben, das Anerkennen unterschiedlicher Leistungs- und Ehrgeizauspr\u00e4gungen.<\/p>\n<p><strong>Welche Planungen gibt es f\u00fcr 2015?<\/strong><br \/>\nPlanungen \u2026 passt nicht so ganz. Es gibt Vorschl\u00e4ge f\u00fcr Wettbewerbe an denen jeder teilnehmen kann. Die Planung, dabei zu sein, macht jeder f\u00fcr sich. Die Spartenleitung organisiert die Staffeln, die Treffen davor oder danach und ein wenig das weitere Drumherum. Es laufen oft auch Nicht-Betriebssportler mit, Ehemalige oder Jetzt-Langener, sie alle sind willkommen!<\/p>\n<p><strong>Konkreter?<\/strong><br \/>\nHier unser bisheriger Kalender \u2013 wer sich entschlie\u00dft, irgendwo mitzumachen und als Rhein Radar Runner mit am Start zu sein, meldet sich bitte bei Boris Pfetzing oder Michael Jung!<\/p>\n<ol>\n<li>       29.3.2015: Freiburg-Marathon mit diversen Strecken und Staffeln (Meldeschluss ist der 15.3.)<\/li>\n<li>       3. Mai 2015: Badische Meile \u00fcber 8,88889 Kilometer<\/li>\n<li>       11. Juni 2015: Firmenlauf B2RUN Karlsruhe \u00fcber 6 Kilometer<\/li>\n<li>       10. Juli 2015: Die zweite Bergdorfmeile \u00fcber eine badische Meile<\/li>\n<li>       20.9.2015: Baden-Marathon mit diversen Strecken und Staffeln<\/li>\n<li>       15.11.2015: 22. KSC-Schlossparklauf: Staffel mit 3 x 3,3 und Einzelstart \u00fcber 9,9 Kilometer<\/li>\n<\/ol>\n<p>Und hier noch Tipps f\u00fcr denjenigen, der noch nicht genau wei\u00df, wie und wann und mit wem er laufen soll \u2026 die Karlsruher Lauftreffs \u2013 beinahe t\u00e4glich kann man irgendwo mitrennen. Die gro\u00dfen Lauftreffs bieten immer unterschiedlich schnelle und intensive Gruppen an, also auch was f\u00fcr Dich!<\/p>\n<p><strong>Zum Beispiel sonntags 10 Uhr der vom SSC:<\/strong><br \/>\n<a href=\"http:\/\/www.ssc-karlsruhe.de\/cms\/iwebs\/default.aspx?mmid=4444&amp;smid=16188\">http:\/\/www.ssc-karlsruhe.de\/cms\/iwebs\/default.aspx?mmid=4444&amp;smid=16188<\/a><\/p>\n<p><strong>Montags (und mittwochs) der Lauftreff Karlsruhe (immer 19 Uhr)<\/strong><br \/>\n<a href=\"http:\/\/www.lauftreff-karlsruhe.de\/\">http:\/\/www.lauftreff-karlsruhe.de\/<\/a><\/p>\n<p><strong>Oder jeden Mittwoch, 19 Uhr der memler-lauftreff<\/strong><br \/>\n<a href=\"http:\/\/www.memler.de\/\">http:\/\/www.memler.de\/<\/a><\/p>\n<p><strong>Dienstag (18 Uhr), Donnerstag (19 Uhr), Samstag (15 Uhr) Lauftreff S\u00fcdwest Karlsruhe vor der Europahalle<\/strong><br \/>\n<a href=\"http:\/\/www.lauftreff-suedwest.de\/0anfahrt.htm\">http:\/\/www.lauftreff-suedwest.de\/0anfahrt.htm<\/a><\/p>\n<p><strong>Das sind nur einige. Eine Sammlung findet sich unter<\/strong> <a href=\"http:\/\/www.lauftreff.de\/lauftreffs\/ltr76.aspx\">http:\/\/www.lauftreff.de\/lauftreffs\/ltr76.aspx<\/a><\/p>\n<p>&nbsp;<\/p>\n","protected":false},"excerpt":{"rendered":"<p>Herzlich willkommen bei der Karlsruher Lauf-Sparte des DFS-Betriebssportvereins! Spartenleitung: Boris Pfetzing, E-Mail: Vertreter: Michael Jung, E-Mail: Unter dem Namen \u201eRhein Radar Runners\u201c gibt es die Laufgruppe in Karlsruhe schon lange Zeit, seit Juni 2014 auch als \u201eechte\u201c Betriebssportler. Neben der ehrenvollen Verpflichtung, nach M\u00f6glichkeit beim DFS-Challenge-Lauf zu starten, treffen sich die Mitglieder f\u00fcr unterschiedliche Wettbewerbe &hellip; <a href=\"https:\/\/dfs-betriebssport.de\/?page_id=583\" class=\"more-link\"><span class=\"screen-reader-text\">Laufen Karlsruhe: The Rhein Radar Runners<\/span> weiterlesen <span class=\"meta-nav\">&rarr;<\/span><\/a><\/p>\n","protected":false},"author":8,"featured_media":0,"parent":0,"menu_order":0,"comment_status":"closed","ping_status":"closed","template":"","meta":{"footnotes":""},"class_list":["post-583","page","type-page","status-publish","hentry"],"_links":{"self":[{"href":"https:\/\/dfs-betriebssport.de\/index.php?rest_route=\/wp\/v2\/pages\/583","targetHints":{"allow":["GET"]}}],"collection":[{"href":"https:\/\/dfs-betriebssport.de\/index.php?rest_route=\/wp\/v2\/pages"}],"about":[{"href":"https:\/\/dfs-betriebssport.de\/index.php?rest_route=\/wp\/v2\/types\/page"}],"author":[{"embeddable":true,"href":"https:\/\/dfs-betriebssport.de\/index.php?rest_route=\/wp\/v2\/users\/8"}],"replies":[{"embeddable":true,"href":"https:\/\/dfs-betriebssport.de\/index.php?rest_route=%2Fwp%2Fv2%2Fcomments&post=583"}],"version-history":[{"count":2,"href":"https:\/\/dfs-betriebssport.de\/index.php?rest_route=\/wp\/v2\/pages\/583\/revisions"}],"predecessor-version":[{"id":588,"href":"https:\/\/dfs-betriebssport.de\/index.php?rest_route=\/wp\/v2\/pages\/583\/revisions\/588"}],"wp:attachment":[{"href":"https:\/\/dfs-betriebssport.de\/index.php?rest_route=%2Fwp%2Fv2%2Fmedia&parent=583"}],"curies":[{"name":"wp","href":"https:\/\/api.w.org\/{rel}","templated":true}]}}