{"id":564,"date":"2016-09-07T08:39:50","date_gmt":"2016-09-07T07:39:50","guid":{"rendered":"http:\/\/dfs-betriebssport.de\/?page_id=564"},"modified":"2022-06-27T12:02:35","modified_gmt":"2022-06-27T11:02:35","slug":"drachenboot-langen","status":"publish","type":"page","link":"https:\/\/dfs-betriebssport.de\/?page_id=564","title":{"rendered":"Drachenboot Langen"},"content":{"rendered":"<h1 style=\"text-align: center;\"><em><strong>Diese Sparte ist leider nicht mehr aktiv \ud83d\ude41<\/strong><\/em><\/h1>\n<p><strong>Spartenleitung:<\/strong><br \/>\nFrau Sandra Stark, Email: <strong><a href=\"https:\/\/dfs-betriebssport.de\/wp-content\/uploads\/2015\/02\/email-stark.jpg\"><img loading=\"lazy\" decoding=\"async\" class=\"alignnone size-full wp-image-127\" src=\"https:\/\/dfs-betriebssport.de\/wp-content\/uploads\/2015\/02\/email-stark.jpg\" alt=\"email-stark\" width=\"149\" height=\"18\" \/><\/a><\/strong><a href=\"https:\/\/dfs-betriebssport.de\/wp-content\/uploads\/2014\/10\/cropped-Header41.jpg\"><img loading=\"lazy\" decoding=\"async\" class=\"alignnone size-large wp-image-48\" src=\"https:\/\/dfs-betriebssport.de\/wp-content\/uploads\/2014\/10\/cropped-Header41-1024x147.jpg\" alt=\"cropped-Header41.jpg\" width=\"604\" height=\"87\" srcset=\"https:\/\/dfs-betriebssport.de\/wp-content\/uploads\/2014\/10\/cropped-Header41-1024x147.jpg 1024w, https:\/\/dfs-betriebssport.de\/wp-content\/uploads\/2014\/10\/cropped-Header41-300x43.jpg 300w, https:\/\/dfs-betriebssport.de\/wp-content\/uploads\/2014\/10\/cropped-Header41.jpg 1600w\" sizes=\"auto, (max-width: 604px) 100vw, 604px\" \/><\/a><\/p>\n<p><strong>\u00dcber uns:<\/strong><br \/>\nDas Drachenbootteam hat bereits eine langj\u00e4hrige Tradition in der DFS. In der jetzigen Auflage gibt es uns schon seit nunmehr 2008. Wir trainieren von Fr\u00fchjahr bis zum Herbst auf dem Main bei Offenbach und nehmen regelm\u00e4\u00dfig an zwei bis drei Wettk\u00e4mpfen pro Jahr teil. Ausdauer, Technik und vor allem perfektes Teamzusammenspiel sind das A und O im Drachenboot.<\/p>\n<p><video src=\"\/Extramedia\/drachenboot_webversion_576.mp4\" controls=\"controls\" width=\"600\" height=\"400\"><br \/>\n<\/video><\/p>\n<p><strong>Trainings:<\/strong><br \/>\nVon M\u00e4rz bis Oktober Dienstags im 2-Wochenrhytmus. Startpunkt unserer Trainings ist die Anlegestelle der SG Wiking in Offenbach<\/p>\n<p><strong>Zusatzbeitrag f\u00fcr diese Sparte:<\/strong><br \/>\nZus\u00e4tzlich zu den 18,- EUR Jahresbeitrag des Betriebssportvereins fallen in der Regel derzeit ca. 50,- EUR pro Jahr an f\u00fcr die Miete des Drachenboots, den Trainer sowie die Startgeb\u00fchren bei den Wettbewerben.<\/p>\n<p><strong>Wettbewerbe:<\/strong><\/p>\n<p>Bildergallerie vom Drachenbootrennen Fl\u00f6rsheim 2014:<\/p>\n<p><strong><img decoding=\"async\" class=\"ngg_displayed_gallery mceItem\" src=\"https:\/\/dfs-betriebssport.de\/index.php\/nextgen-attach_to_post\/preview\/id--278\" alt=\"\" data-mce-placeholder=\"1\" \/><\/strong><\/p>\n<p>Andere vergangene Wettbewerbe:<\/p>\n<p><a href=\"https:\/\/dfs-betriebssport.de\/wp-content\/uploads\/2015\/02\/Drachenboot-1.jpg\"><img loading=\"lazy\" decoding=\"async\" class=\"alignnone size-full wp-image-128\" src=\"https:\/\/dfs-betriebssport.de\/wp-content\/uploads\/2015\/02\/Drachenboot-1.jpg\" alt=\"Drachenboot-1\" width=\"600\" height=\"450\" srcset=\"https:\/\/dfs-betriebssport.de\/wp-content\/uploads\/2015\/02\/Drachenboot-1.jpg 600w, https:\/\/dfs-betriebssport.de\/wp-content\/uploads\/2015\/02\/Drachenboot-1-300x225.jpg 300w\" sizes=\"auto, (max-width: 600px) 100vw, 600px\" \/><\/a><\/p>\n<p><a href=\"https:\/\/dfs-betriebssport.de\/wp-content\/uploads\/2015\/02\/Drachenboot-2.jpg\"><img loading=\"lazy\" decoding=\"async\" class=\"alignnone size-full wp-image-129\" src=\"https:\/\/dfs-betriebssport.de\/wp-content\/uploads\/2015\/02\/Drachenboot-2.jpg\" alt=\"Drachenboot-2\" width=\"600\" height=\"450\" srcset=\"https:\/\/dfs-betriebssport.de\/wp-content\/uploads\/2015\/02\/Drachenboot-2.jpg 600w, https:\/\/dfs-betriebssport.de\/wp-content\/uploads\/2015\/02\/Drachenboot-2-300x225.jpg 300w\" sizes=\"auto, (max-width: 600px) 100vw, 600px\" \/><\/a><\/p>\n<p><a href=\"https:\/\/dfs-betriebssport.de\/wp-content\/uploads\/2015\/02\/Drachenboot-3.jpg\"><img loading=\"lazy\" decoding=\"async\" class=\"alignnone size-full wp-image-130\" src=\"https:\/\/dfs-betriebssport.de\/wp-content\/uploads\/2015\/02\/Drachenboot-3.jpg\" alt=\"Drachenboot-3\" width=\"600\" height=\"800\" srcset=\"https:\/\/dfs-betriebssport.de\/wp-content\/uploads\/2015\/02\/Drachenboot-3.jpg 600w, https:\/\/dfs-betriebssport.de\/wp-content\/uploads\/2015\/02\/Drachenboot-3-225x300.jpg 225w\" sizes=\"auto, (max-width: 600px) 100vw, 600px\" \/><\/a><\/p>\n","protected":false},"excerpt":{"rendered":"<p>Diese Sparte ist leider nicht mehr aktiv \ud83d\ude41 Spartenleitung: Frau Sandra Stark, Email: \u00dcber uns: Das Drachenbootteam hat bereits eine langj\u00e4hrige Tradition in der DFS. In der jetzigen Auflage gibt es uns schon seit nunmehr 2008. Wir trainieren von Fr\u00fchjahr bis zum Herbst auf dem Main bei Offenbach und nehmen regelm\u00e4\u00dfig an zwei bis drei &hellip; <a href=\"https:\/\/dfs-betriebssport.de\/?page_id=564\" class=\"more-link\"><span class=\"screen-reader-text\">Drachenboot Langen<\/span> weiterlesen <span class=\"meta-nav\">&rarr;<\/span><\/a><\/p>\n","protected":false},"author":7,"featured_media":0,"parent":0,"menu_order":0,"comment_status":"closed","ping_status":"closed","template":"","meta":{"footnotes":""},"class_list":["post-564","page","type-page","status-publish","hentry"],"_links":{"self":[{"href":"https:\/\/dfs-betriebssport.de\/index.php?rest_route=\/wp\/v2\/pages\/564","targetHints":{"allow":["GET"]}}],"collection":[{"href":"https:\/\/dfs-betriebssport.de\/index.php?rest_route=\/wp\/v2\/pages"}],"about":[{"href":"https:\/\/dfs-betriebssport.de\/index.php?rest_route=\/wp\/v2\/types\/page"}],"author":[{"embeddable":true,"href":"https:\/\/dfs-betriebssport.de\/index.php?rest_route=\/wp\/v2\/users\/7"}],"replies":[{"embeddable":true,"href":"https:\/\/dfs-betriebssport.de\/index.php?rest_route=%2Fwp%2Fv2%2Fcomments&post=564"}],"version-history":[{"count":7,"href":"https:\/\/dfs-betriebssport.de\/index.php?rest_route=\/wp\/v2\/pages\/564\/revisions"}],"predecessor-version":[{"id":1268,"href":"https:\/\/dfs-betriebssport.de\/index.php?rest_route=\/wp\/v2\/pages\/564\/revisions\/1268"}],"wp:attachment":[{"href":"https:\/\/dfs-betriebssport.de\/index.php?rest_route=%2Fwp%2Fv2%2Fmedia&parent=564"}],"curies":[{"name":"wp","href":"https:\/\/api.w.org\/{rel}","templated":true}]}}