{"id":461,"date":"2016-02-11T15:06:41","date_gmt":"2016-02-11T14:06:41","guid":{"rendered":"http:\/\/dfs-betriebssport.de\/?page_id=461"},"modified":"2019-12-18T07:55:18","modified_gmt":"2019-12-18T06:55:18","slug":"badminton-langen","status":"publish","type":"page","link":"https:\/\/dfs-betriebssport.de\/?page_id=461","title":{"rendered":"Badminton Langen"},"content":{"rendered":"<h5><strong>Spartenleitung:<\/strong><\/h5>\n<p>Herr Alexander Veneziano, Email: <a href=\"mailto:alexander.veneziano@dfs.de\">alexander.veneziano@dfs.de<\/a><\/p>\n<p><span lang=\"EN-US\"><span style=\"font-family: Arial\">F\u00fcr viele ist es einfach nur \u201eFederball\u201c \u2013 doch diese Bezeichnung kommt f\u00fcr so manchen aktiven Badminton-Sportler einer Beleidigung nahe. Zwar geh\u00f6ren Federball und Schl\u00e4ger f\u00fcr beide Sportarten zur Grundausstattung; doch ist das Eine vielmehr ein Freizeitspiel, das m\u00f6glichst lange Ballwechsel zum Ziel hat \u2013 und das Andere ein Wettkampfsport mit festen Regeln, der im Einzel oder im Doppel gespielt wird und der gewisse Anspr\u00fcche an Reflexe, Grundschnelligkeit und taktisches Geschick stellt. Badminton hat der eine sparteneigene Sprache entwickelt, die der einfachen Verst\u00e4ndigung einschl\u00e4giger Sachverhalte dient. Darin stehen beispielsweise Stechen, T\u00f6ten, Wischen f\u00fcr taktische Bewegungen des Schl\u00e4gers, um am Netz den Ball f\u00fcr den Gegner m\u00f6glichst schwer kontrollierbar zu machen.<\/span><\/span><\/p>\n<p>Die Mitglieder der Sparte treffen sich zum gemeinsamen Spiel, weniger mit dem Anspruch f\u00fcr den n\u00e4chsten Wettkampf zu trainieren, als mehr die eigene k\u00f6rperliche Fitness und Beweglichkeit aufrecht zu erhalten. Dabei ist die Bandbreite in Alter und Fertigkeiten breit gestaffelt. So kommt jeder auf seine Kosten &#8211; sei es ambitioniert oder doch etwas ruhiger.<\/p>\n<h5>\u00dcber uns:<\/h5>\n<p><em>Wie viele Mitglieder haben Sie bereits?<\/em><br \/>\n44, davon etwa 25 aktiv.<\/p>\n<p><em>Ist eine regelm\u00e4\u00dfige Trainingsteilnahme ein Muss?<\/em><br \/>\nGrunds\u00e4tzlich nein, allerdings sollte man bedenken: Regelm\u00e4\u00dfiges Erscheinen schafft pers\u00f6nliche Bindungen.<\/p>\n<p><em>Gibt es Voraussetzungen, um in Ihrer Sparte mitzumachen?<\/em><br \/>\nJa, insgesamt 17. Ein eigener Badmintonschl\u00e4ger. Spa\u00df am Spiel. Und die folgenden Eigenschaften [allerdings nicht ganz ernst gemeint]: \u201eEin Badmintonspieler sollte verf\u00fcgen \u00fcber die Ausdauer eines Marathonl\u00e4ufers, die Schnelligkeit eines Sprinters, die Sprungkraft eines Hochspringers, die Armkraft eines Speerwerfers, die Schlagst\u00e4rke eines Schmiedes, die Gewandtheit einer Artistin, die Reaktionsf\u00e4higkeit eines Fechters, die Konzentrationsf\u00e4higkeit eines Schachspielers, die Menschenkenntnis eines Staubsaugervertreters, die psychische H\u00e4rte eines Arktisforschers, die Nervenst\u00e4rke eines Sprengmeisters, die R\u00fccksichtslosigkeit eines Kolonialherren, die Besessenheit eines Bergsteigers sowie \u00fcber die Intuition und Phantasie eines K\u00fcnstlers. Weil diese Eigenschaften so selten in einer Person versammelt sind, gibt es so wenig gute Badmintonspieler.\u201c (aus: Martin Knupp: Yonex-Badminton-Jahrbuch 1986)<\/p>\n<p><em>Gibt es Zusatzbeitr\u00e4ge f\u00fcr die Sparte?<\/em><br \/>\nJa, nach Abschluss der j\u00e4hrlichen Budgetverhandlungen wird gepr\u00fcft, ob das zugeteilte Budget f\u00fcr die Deckung der Hallenmiete ausreicht und bei Bedarf ein Beitrag der aktiven Mitglieder erhoben. Als aktiv z\u00e4hlt, wer zu den Trainingszeiten dabei ist.<\/p>\n<h5>Trainings:<\/h5>\n<p><em>Wie oft wird trainiert?<\/em><br \/>\nZweimal pro Woche f\u00fcr 2h: montags und freitags ab 16:00 Uhr in der Sporthalle Am Trinkborn in Messel.<\/p>\n","protected":false},"excerpt":{"rendered":"<p>Spartenleitung: Herr Alexander Veneziano, Email: alexander.veneziano@dfs.de F\u00fcr viele ist es einfach nur \u201eFederball\u201c \u2013 doch diese Bezeichnung kommt f\u00fcr so manchen aktiven Badminton-Sportler einer Beleidigung nahe. Zwar geh\u00f6ren Federball und Schl\u00e4ger f\u00fcr beide Sportarten zur Grundausstattung; doch ist das Eine vielmehr ein Freizeitspiel, das m\u00f6glichst lange Ballwechsel zum Ziel hat \u2013 und das Andere ein &hellip; <a href=\"https:\/\/dfs-betriebssport.de\/?page_id=461\" class=\"more-link\"><span class=\"screen-reader-text\">Badminton Langen<\/span> weiterlesen <span class=\"meta-nav\">&rarr;<\/span><\/a><\/p>\n","protected":false},"author":4,"featured_media":0,"parent":0,"menu_order":0,"comment_status":"closed","ping_status":"closed","template":"","meta":{"footnotes":""},"class_list":["post-461","page","type-page","status-publish","hentry"],"_links":{"self":[{"href":"https:\/\/dfs-betriebssport.de\/index.php?rest_route=\/wp\/v2\/pages\/461","targetHints":{"allow":["GET"]}}],"collection":[{"href":"https:\/\/dfs-betriebssport.de\/index.php?rest_route=\/wp\/v2\/pages"}],"about":[{"href":"https:\/\/dfs-betriebssport.de\/index.php?rest_route=\/wp\/v2\/types\/page"}],"author":[{"embeddable":true,"href":"https:\/\/dfs-betriebssport.de\/index.php?rest_route=\/wp\/v2\/users\/4"}],"replies":[{"embeddable":true,"href":"https:\/\/dfs-betriebssport.de\/index.php?rest_route=%2Fwp%2Fv2%2Fcomments&post=461"}],"version-history":[{"count":9,"href":"https:\/\/dfs-betriebssport.de\/index.php?rest_route=\/wp\/v2\/pages\/461\/revisions"}],"predecessor-version":[{"id":981,"href":"https:\/\/dfs-betriebssport.de\/index.php?rest_route=\/wp\/v2\/pages\/461\/revisions\/981"}],"wp:attachment":[{"href":"https:\/\/dfs-betriebssport.de\/index.php?rest_route=%2Fwp%2Fv2%2Fmedia&parent=461"}],"curies":[{"name":"wp","href":"https:\/\/api.w.org\/{rel}","templated":true}]}}