{"id":453,"date":"2015-08-16T19:46:18","date_gmt":"2015-08-16T18:46:18","guid":{"rendered":"http:\/\/dfs-betriebssport.de\/?page_id=453"},"modified":"2023-03-21T17:06:50","modified_gmt":"2023-03-21T16:06:50","slug":"versicherung-was-tun-bei-einem-sportunfall","status":"publish","type":"page","link":"https:\/\/dfs-betriebssport.de\/?page_id=453","title":{"rendered":"Versicherung &#8211; Was tun bei einem Sportunfall?"},"content":{"rendered":"<p>Im Mitgliedsbeitrag des Vereins ist eine Versicherung enthalten die die Leistungsl\u00fccke zwischen der privaten oder gesetzlichen Krankenversicherung und der Versicherung des Arbeitgebers durch die Berufsgenossenschaft abdeckt.<\/p>\n<p>Ist ein Sportunfall bei Aktivit\u00e4ten des DFS Betriebssportvereins passiert ist folgendes zu beachten:<\/p>\n<ul>\n<li>Ist der Sportunfall w\u00e4hrend eines Trainings oder einer &#8222;normalen Aktivit\u00e4t ohne Wettkampf-Charakter&#8220; der Sportart passiert?\n<ul>\n<li><strong>Falls ja gilt:<\/strong>\n<ul>\n<li>Dieser Unfall wird wie ein Arbeitsunfall behandelt und ist versicherungstechnisch vollst\u00e4ndig durch die Berufsgenossenschaft abgedeckt. D.h. es ist ein Durchgangsarzt aufzusuchen wie bei einem Arbeitsunfall auch. Weitere Aktivit\u00e4ten sind nicht erforderlich<\/li>\n<\/ul>\n<\/li>\n<\/ul>\n<\/li>\n<\/ul>\n<ul>\n<li>Ist der Sportunfall w\u00e4hrend eines Wettkampfes oder einer &#8222;nicht regelm\u00e4\u00dfigen, besonderen Veranstaltung mit Wettkampf-Charakter&#8220; passiert?\n<ul>\n<li><strong>Falls ja gilt:<\/strong>\n<ul>\n<li>Auch ein solcher Unfall wird zun\u00e4chst wie ein Arbeitsunfall behandelt, d.h. es ist ein Durchgangsarzt aufzusuchen. Im Anschlu\u00df ist es ratsam das Schadensmeldeformular der Zusatzversicherung auszuf\u00fcllen und an die Versicherung zu schicken (die Adresse steht auf dem Formular drauf), sowie eine Kopie an <a href=\"https:\/\/dfs-betriebssport.de\/wp-content\/uploads\/2015\/02\/betriebssport-at-dfs.de_.jpg\"><img loading=\"lazy\" decoding=\"async\" class=\"alignnone size-full wp-image-77\" src=\"https:\/\/dfs-betriebssport.de\/wp-content\/uploads\/2015\/02\/betriebssport-at-dfs.de_.jpg\" alt=\"betriebssport-at-dfs.de\" width=\"157\" height=\"15\" srcset=\"https:\/\/dfs-betriebssport.de\/wp-content\/uploads\/2015\/02\/betriebssport-at-dfs.de_.jpg 157w, https:\/\/dfs-betriebssport.de\/wp-content\/uploads\/2015\/02\/betriebssport-at-dfs.de_-150x15.jpg 150w\" sizes=\"auto, (max-width: 157px) 100vw, 157px\" \/><\/a>.<\/li>\n<li>Die Zusatzversicherung des Betriebssportvereins deckt die Versicherungsl\u00fccken ab die nicht durch die Berufsgenossenschaft abgedeckt sind. Das sind in der Hauptsache dauerhaft bleibende gesundheitliche Sch\u00e4den die aus Sportunf\u00e4lle bei Wettk\u00e4mpfen resultieren (z.B. Verlust eines Fingers o.\u00c4.) und Selbstbeteiligungen am Krankenhaustagegeld bei station\u00e4ren Krankhausaufenthalten<\/li>\n<\/ul>\n<\/li>\n<\/ul>\n<\/li>\n<\/ul>\n<p>F\u00fcr Fragen rund um die Zusatzversicherung steht der Vorstand des DFS Betriebssportvereins jederzeit gerne zur Verf\u00fcgung.<\/p>\n<p>Den Versicherungsvertrag sowie das Formular zu Schadensmeldung findet sich hier:<\/p>\n<p><a href=\"https:\/\/bsv-hessen.de\/verband\/versicherungen\" target=\"_blank\" rel=\"noopener\">Betriebssportverband Hessen e.V. &#8211; Sportversicherungen<\/a><\/p>\n","protected":false},"excerpt":{"rendered":"<p>Im Mitgliedsbeitrag des Vereins ist eine Versicherung enthalten die die Leistungsl\u00fccke zwischen der privaten oder gesetzlichen Krankenversicherung und der Versicherung des Arbeitgebers durch die Berufsgenossenschaft abdeckt. Ist ein Sportunfall bei Aktivit\u00e4ten des DFS Betriebssportvereins passiert ist folgendes zu beachten: Ist der Sportunfall w\u00e4hrend eines Trainings oder einer &#8222;normalen Aktivit\u00e4t ohne Wettkampf-Charakter&#8220; der Sportart passiert? Falls &hellip; <a href=\"https:\/\/dfs-betriebssport.de\/?page_id=453\" class=\"more-link\"><span class=\"screen-reader-text\">Versicherung &#8211; Was tun bei einem Sportunfall?<\/span> weiterlesen <span class=\"meta-nav\">&rarr;<\/span><\/a><\/p>\n","protected":false},"author":1,"featured_media":0,"parent":0,"menu_order":0,"comment_status":"closed","ping_status":"closed","template":"","meta":{"footnotes":""},"class_list":["post-453","page","type-page","status-publish","hentry"],"_links":{"self":[{"href":"https:\/\/dfs-betriebssport.de\/index.php?rest_route=\/wp\/v2\/pages\/453","targetHints":{"allow":["GET"]}}],"collection":[{"href":"https:\/\/dfs-betriebssport.de\/index.php?rest_route=\/wp\/v2\/pages"}],"about":[{"href":"https:\/\/dfs-betriebssport.de\/index.php?rest_route=\/wp\/v2\/types\/page"}],"author":[{"embeddable":true,"href":"https:\/\/dfs-betriebssport.de\/index.php?rest_route=\/wp\/v2\/users\/1"}],"replies":[{"embeddable":true,"href":"https:\/\/dfs-betriebssport.de\/index.php?rest_route=%2Fwp%2Fv2%2Fcomments&post=453"}],"version-history":[{"count":3,"href":"https:\/\/dfs-betriebssport.de\/index.php?rest_route=\/wp\/v2\/pages\/453\/revisions"}],"predecessor-version":[{"id":1398,"href":"https:\/\/dfs-betriebssport.de\/index.php?rest_route=\/wp\/v2\/pages\/453\/revisions\/1398"}],"wp:attachment":[{"href":"https:\/\/dfs-betriebssport.de\/index.php?rest_route=%2Fwp%2Fv2%2Fmedia&parent=453"}],"curies":[{"name":"wp","href":"https:\/\/api.w.org\/{rel}","templated":true}]}}