{"id":397,"date":"2015-05-29T14:29:00","date_gmt":"2015-05-29T13:29:00","guid":{"rendered":"http:\/\/dfs-betriebssport.de\/?page_id=397"},"modified":"2025-03-08T11:34:10","modified_gmt":"2025-03-08T10:34:10","slug":"sportangebot-leipzig-2","status":"publish","type":"page","link":"https:\/\/dfs-betriebssport.de\/?page_id=397","title":{"rendered":"Sportangebot Leipzig"},"content":{"rendered":"<p>Willkommen bei der Regionalsportsparte Leipzig\u00a0des DFS-Betriebssportvereins!<\/p>\n<p style=\"text-align: justify\"><strong>Spartenleitung:<\/strong><\/p>\n<p style=\"text-align: justify\"><strong>Falk Stieber, E-Mail: falk.stieber@dfs.de<br \/>\nJonas Michael, E-Mail: jonas.michael@dfs.de<\/strong><\/p>\n<p>Unser Betriebssportverein ist unter anderem in folgenden Sportarten aktiv:<\/p>\n<ul>\n<li>Beachvolleyball<\/li>\n<li>Fu\u00dfball<\/li>\n<li>Bouldern<\/li>\n<li>Laufen<\/li>\n<\/ul>\n<p>Dabei nehmen wir zus\u00e4tzlich zum Trainingsbetrieb regelm\u00e4\u00dfig an Fu\u00dfball-Turnieren teil, so unter anderem am Kalle-K\u00fcch-Cup (auch 2025 in D\u00fcsseldorf und 2026 in Wien) und beim European Controllers Cup (2026 geplant). An Beachvolleyball-Turnieren haben wir in der Vergangenheit ebenfalls regelm\u00e4\u00dfig teilgenommen und werden dies sicher auch in der Zukunft, denn gerade in dieser Sportart verzeichnen wir ein erheblich gesteigertes Interesse in den letzten Monaten.<\/p>\n<p>Am Firmenlauf in Leipzig nehmen wir auch in jedem Jahr teil und versuchen, \u00fcber 5km gute Zeiten auf den Asphalt zu bringen.<\/p>\n<p><strong>Fotogalerie:<\/strong><\/p>\n<hr \/>\n<p><strong>Sachsenbeach 2016:<\/strong><\/p>\n<figure id=\"attachment_544\" aria-describedby=\"caption-attachment-544\" style=\"width: 1086px\" class=\"wp-caption aligncenter\"><a href=\"https:\/\/dfs-betriebssport.de\/wp-content\/uploads\/2015\/05\/thumb_IMG_1328_1024.jpg\"><img loading=\"lazy\" decoding=\"async\" class=\"wp-image-544 size-full\" src=\"https:\/\/dfs-betriebssport.de\/wp-content\/uploads\/2015\/05\/thumb_IMG_1328_1024.jpg\" alt=\"thumb_IMG_1328_1024\" width=\"1086\" height=\"724\" srcset=\"https:\/\/dfs-betriebssport.de\/wp-content\/uploads\/2015\/05\/thumb_IMG_1328_1024.jpg 1086w, https:\/\/dfs-betriebssport.de\/wp-content\/uploads\/2015\/05\/thumb_IMG_1328_1024-300x200.jpg 300w, https:\/\/dfs-betriebssport.de\/wp-content\/uploads\/2015\/05\/thumb_IMG_1328_1024-768x512.jpg 768w, https:\/\/dfs-betriebssport.de\/wp-content\/uploads\/2015\/05\/thumb_IMG_1328_1024-1024x683.jpg 1024w\" sizes=\"auto, (max-width: 1086px) 100vw, 1086px\" \/><\/a><figcaption id=\"caption-attachment-544\" class=\"wp-caption-text\">Unser Team beim Vereinsturnier<\/figcaption><\/figure>\n<figure id=\"attachment_545\" aria-describedby=\"caption-attachment-545\" style=\"width: 1086px\" class=\"wp-caption alignnone\"><a href=\"https:\/\/dfs-betriebssport.de\/wp-content\/uploads\/2015\/05\/thumb_IMG_1310_1024.jpg\"><img loading=\"lazy\" decoding=\"async\" class=\"wp-image-545 size-full\" src=\"https:\/\/dfs-betriebssport.de\/wp-content\/uploads\/2015\/05\/thumb_IMG_1310_1024.jpg\" alt=\"thumb_IMG_1310_1024\" width=\"1086\" height=\"724\" srcset=\"https:\/\/dfs-betriebssport.de\/wp-content\/uploads\/2015\/05\/thumb_IMG_1310_1024.jpg 1086w, https:\/\/dfs-betriebssport.de\/wp-content\/uploads\/2015\/05\/thumb_IMG_1310_1024-300x200.jpg 300w, https:\/\/dfs-betriebssport.de\/wp-content\/uploads\/2015\/05\/thumb_IMG_1310_1024-768x512.jpg 768w, https:\/\/dfs-betriebssport.de\/wp-content\/uploads\/2015\/05\/thumb_IMG_1310_1024-1024x683.jpg 1024w\" sizes=\"auto, (max-width: 1086px) 100vw, 1086px\" \/><\/a><figcaption id=\"caption-attachment-545\" class=\"wp-caption-text\">Sieg!!! 18:11 im Spiel der Zwischenrunde<\/figcaption><\/figure>\n<hr \/>\n<p style=\"text-align: left\"><strong>Commerzbank Firmenlauf 2016:\u00a0<\/strong><\/p>\n<figure id=\"attachment_523\" aria-describedby=\"caption-attachment-523\" style=\"width: 1086px\" class=\"wp-caption aligncenter\"><a href=\"https:\/\/dfs-betriebssport.de\/wp-content\/uploads\/2016\/07\/thumb_IMG_0492_1024.jpg\"><img loading=\"lazy\" decoding=\"async\" class=\"wp-image-523 size-full\" src=\"https:\/\/dfs-betriebssport.de\/wp-content\/uploads\/2016\/07\/thumb_IMG_0492_1024.jpg\" alt=\"thumb_IMG_0492_1024\" width=\"1086\" height=\"724\" srcset=\"https:\/\/dfs-betriebssport.de\/wp-content\/uploads\/2016\/07\/thumb_IMG_0492_1024.jpg 1086w, https:\/\/dfs-betriebssport.de\/wp-content\/uploads\/2016\/07\/thumb_IMG_0492_1024-300x200.jpg 300w, https:\/\/dfs-betriebssport.de\/wp-content\/uploads\/2016\/07\/thumb_IMG_0492_1024-768x512.jpg 768w, https:\/\/dfs-betriebssport.de\/wp-content\/uploads\/2016\/07\/thumb_IMG_0492_1024-1024x683.jpg 1024w\" sizes=\"auto, (max-width: 1086px) 100vw, 1086px\" \/><\/a><figcaption id=\"caption-attachment-523\" class=\"wp-caption-text\">Unsere L\u00e4ufer kurz vor dem Startschuss<\/figcaption><\/figure>\n<hr \/>\n<p style=\"text-align: left\"><strong>Kalle-K\u00fcch-Cup 2017 (Turniersieg!):<\/strong><\/p>\n<figure id=\"attachment_515\" aria-describedby=\"caption-attachment-515\" style=\"width: 5472px\" class=\"wp-caption aligncenter\"><a href=\"https:\/\/dfs-betriebssport.de\/wp-content\/uploads\/2015\/05\/SAM_4668.jpg\" rel=\"attachment wp-att-515\"><img loading=\"lazy\" decoding=\"async\" class=\"size-full wp-image-515\" src=\"https:\/\/dfs-betriebssport.de\/wp-content\/uploads\/2015\/05\/SAM_4668.jpg\" alt=\"SAMSUNG CSC\" width=\"5472\" height=\"3080\" srcset=\"https:\/\/dfs-betriebssport.de\/wp-content\/uploads\/2015\/05\/SAM_4668.jpg 5472w, https:\/\/dfs-betriebssport.de\/wp-content\/uploads\/2015\/05\/SAM_4668-300x169.jpg 300w, https:\/\/dfs-betriebssport.de\/wp-content\/uploads\/2015\/05\/SAM_4668-768x432.jpg 768w, https:\/\/dfs-betriebssport.de\/wp-content\/uploads\/2015\/05\/SAM_4668-1024x576.jpg 1024w\" sizes=\"auto, (max-width: 5472px) 100vw, 5472px\" \/><\/a><figcaption id=\"caption-attachment-515\" class=\"wp-caption-text\">So ein Tag, so wundersch\u00f6n wie heute&#8230;\u00a0KKC in Stuttgart<\/figcaption><\/figure>\n<hr \/>\n<p><strong>Sachsenbeach 2015:<\/strong><\/p>\n<figure id=\"attachment_450\" aria-describedby=\"caption-attachment-450\" style=\"width: 600px\" class=\"wp-caption alignnone\"><a href=\"https:\/\/dfs-betriebssport.de\/wp-content\/uploads\/2015\/05\/IMG-20150725-WA0023.jpg\"><img loading=\"lazy\" decoding=\"async\" class=\"wp-image-450\" src=\"https:\/\/dfs-betriebssport.de\/wp-content\/uploads\/2015\/05\/IMG-20150725-WA0023.jpg\" alt=\"IMG-20150725-WA0023\" width=\"600\" height=\"338\" srcset=\"https:\/\/dfs-betriebssport.de\/wp-content\/uploads\/2015\/05\/IMG-20150725-WA0023.jpg 1280w, https:\/\/dfs-betriebssport.de\/wp-content\/uploads\/2015\/05\/IMG-20150725-WA0023-300x169.jpg 300w, https:\/\/dfs-betriebssport.de\/wp-content\/uploads\/2015\/05\/IMG-20150725-WA0023-1024x576.jpg 1024w\" sizes=\"auto, (max-width: 600px) 100vw, 600px\" \/><\/a><figcaption id=\"caption-attachment-450\" class=\"wp-caption-text\">So l\u00e4sst sich Beachvolleyball genie\u00dfen. Den Uniriesen stets im Blick&#8230;<\/figcaption><\/figure>\n<hr \/>\n<p><b>Entstehung und Ergebnisse KKC:<\/b><\/p>\n<p style=\"text-align: left\">Nachdem in den letzten Jahren viele junge Kollegen an unsere Niederlassung kamen, entwickelte sich beim sporadischem Freizeitkick die Idee, am Kalle-K\u00fcch-Cup (KKC\/DFS-internes Traditionsturnier) teilzunehmen. Erstmalig war dies 2012 in Karlsruhe m\u00f6glich. Inzwischen sind wir regelm\u00e4\u00dfiger Gast beim j\u00e4hrlichen\u00a0KKC, mit vorzeigbaren Ergebnissen:<\/p>\n<ul>\n<li>2012 in Karlsruhe: 5. Platz<\/li>\n<li>2013 in Hamburg: 5. Platz<\/li>\n<li>2014 in M\u00fcnchen: 1. und 7. Platz<\/li>\n<li>2015 in Leipzig: 3. und 9. Platz<\/li>\n<li>2016 in Stuttgart: 1. Platz<\/li>\n<li>2017 in M\u00fcnchen: 4. Platz<\/li>\n<li>2018 in Braunschweig: 1. Platz<\/li>\n<li>2019 in Prag: 3. Platz<\/li>\n<li>2024 in Berlin: 6 Platz<\/li>\n<\/ul>\n<p>Als Titelverteidiger haben wir im April 2015 erstmalig den Kalle K\u00fcch Cup in Leipzig ausgetragen. Das Turnier verlief reibungslos und erf\u00fcllte vollends unsere eigenen Erwartungen an ein tolles Event. Durch Getr\u00e4nke- und Speisenverk\u00e4ufe und die Durchf\u00fchrung einer Tombola konnte letztlich eine unglaubliche Summe von 3131,31 \u20ac erzielt werden, die komplett dem Kinderhospiz B\u00e4renherz Leipzig e.V. gespendet wurde<\/p>\n<hr \/>\n<p style=\"text-align: justify\"><strong>Ergebnisse SachsenBeach:<\/strong><\/p>\n<ul>\n<li style=\"text-align: justify\">2015: 13. von 13 (\u00dc150)<\/li>\n<li style=\"text-align: justify\">2016: 4. von 12 (Vereinsturnier)<\/li>\n<li style=\"text-align: justify\">2016: 19. von 40 (Flutlichtturnier f\u00fcr Jedermann)<\/li>\n<li style=\"text-align: justify\">2016: 12. von 12 (\u00dc150)<\/li>\n<li style=\"text-align: justify\">2017: 4. von 12 (Vereinsturnier)<\/li>\n<li style=\"text-align: justify\">2017: 24. von 40 (Flutlichtturnier)<\/li>\n<li style=\"text-align: justify\">2017: 12. von 12 (\u00dc150)<\/li>\n<li>2018: 22. von 40 (Flutlichtturnier)<\/li>\n<li>2018: 12 von 12 (Vereinsturnier)<\/li>\n<li><\/li>\n<\/ul>\n<hr \/>\n<p><strong>Ergebnisse ECC:<\/strong><\/p>\n<ul>\n<li>2017 in Madrid: 10. von 48<\/li>\n<li>2018 in Lissabon: 21. von 44<\/li>\n<li>2019 in Moskau: 24. von 44<\/li>\n<li>2022 in Verona: 27. von 35<\/li>\n<li>2023 in Pula:<\/li>\n<\/ul>\n<hr \/>\n<p style=\"text-align: left\"><b>Allgemeines:<\/b><\/p>\n<p style=\"text-align: left\">Trainiert wird \u2013 sp\u00e4testens seit dem Turnier in Karlsruhe 2012 \u2013 regelm\u00e4\u00dfiger in einer Kunstrasenhalle in der Kick it Halle in Leutzsch. Alle zwei Wochen versuchen wir ein Training am Donnerstag Nachmittag\/Abend zu organisieren.<\/p>\n<p style=\"text-align: left\">Ein weiterer Schwerpunkt unserer Aktivit\u00e4ten (neben dem Fu\u00dfball) ist Beachvolleyball. Neben den im ganzen Jahr unter anderem an der Schladitzer Bucht stattfindenden Trainings nehmen wir auch in dieser Sportart an Turnieren teil, wie z.B. dem SachsenBeach. Auch beim Firmenlauf der Stadt Leipzig ist unser Team inzwischen regelm\u00e4\u00dfiger Teilnehmer.<\/p>\n<p>Neu dazugekommen ist im Jahr 2025 das Bouldern. Angefangen hat es mit einer kleinen Gruppe Kletterer, die immer mehr Leute daf\u00fcr begeistern konnten, sodass wir nun regelm\u00e4\u00dfig zusammen die Kletterw\u00e4nde im Bloc No Limit in der Brandenburger Stra\u00dfe erklimmen.<\/p>\n<p style=\"text-align: left\">Unabh\u00e4ngig der Sportart liegt unser Hauptinteresse darin, abseits vom Arbeitsplatz zusammenzukommen und Spa\u00df zu haben. Dabei treffen junge und alte, neue, alteingesessene und teilweise sogar pensionierte Kollegen und Freunde aufeinander und tauschen dabei nicht nur berufliche Erfahrung aus.<\/p>\n<p style=\"text-align: left\">Inzwischen umfasst unsere Sparte Betriebssport Tower Leipzig \u00fcber 45 Mitglieder, damit sind wir hinter der Sparte &#8222;Langen Laufen Triathlon&#8220; die zweitgr\u00f6\u00dfte Sparte im Betriebssportverein!.<br \/>\nDas verdanken wir auch vielen neuen Lotsen der Pl\u00e4tze Saarbr\u00fccken &amp; Erfurt, die im Rahmen des RTC-Projektes 2018 bzw. 2022 zu uns an die Niederlassung wechselten und damit unsere Sparte wachsen lie\u00dfen. In Zukunft freuen wir uns auf die Dresdner Kolleg\/innen, die voraussichtlich 2026 dazusto\u00dfen werden.<\/p>\n<p>Termine k\u00f6nnen auch\u00a0bei\u00a0<strong>falk.stieber@dfs.de<\/strong> erfragt werden.<\/p>\n<figure id=\"attachment_436\" aria-describedby=\"caption-attachment-436\" style=\"width: 604px\" class=\"wp-caption alignnone\"><a href=\"https:\/\/dfs-betriebssport.de\/wp-content\/uploads\/2015\/05\/Bild11.png\"><img loading=\"lazy\" decoding=\"async\" class=\"wp-image-436 \" src=\"https:\/\/dfs-betriebssport.de\/wp-content\/uploads\/2015\/05\/Bild11.png\" alt=\"Bild1\" width=\"604\" height=\"227\" srcset=\"https:\/\/dfs-betriebssport.de\/wp-content\/uploads\/2015\/05\/Bild11.png 1461w, https:\/\/dfs-betriebssport.de\/wp-content\/uploads\/2015\/05\/Bild11-300x113.png 300w, https:\/\/dfs-betriebssport.de\/wp-content\/uploads\/2015\/05\/Bild11-1024x385.png 1024w\" sizes=\"auto, (max-width: 604px) 100vw, 604px\" \/><\/a><figcaption id=\"caption-attachment-436\" class=\"wp-caption-text\">Unsere\u00a0beiden Leipziger Teams beim Heim-KKC 2015<\/figcaption><\/figure>\n","protected":false},"excerpt":{"rendered":"<p>Willkommen bei der Regionalsportsparte Leipzig\u00a0des DFS-Betriebssportvereins! Spartenleitung: Falk Stieber, E-Mail: falk.stieber@dfs.de Jonas Michael, E-Mail: jonas.michael@dfs.de Unser Betriebssportverein ist unter anderem in folgenden Sportarten aktiv: Beachvolleyball Fu\u00dfball Bouldern Laufen Dabei nehmen wir zus\u00e4tzlich zum Trainingsbetrieb regelm\u00e4\u00dfig an Fu\u00dfball-Turnieren teil, so unter anderem am Kalle-K\u00fcch-Cup (auch 2025 in D\u00fcsseldorf und 2026 in Wien) und beim European Controllers &hellip; <a href=\"https:\/\/dfs-betriebssport.de\/?page_id=397\" class=\"more-link\"><span class=\"screen-reader-text\">Sportangebot Leipzig<\/span> weiterlesen <span class=\"meta-nav\">&rarr;<\/span><\/a><\/p>\n","protected":false},"author":3,"featured_media":0,"parent":0,"menu_order":0,"comment_status":"closed","ping_status":"closed","template":"","meta":{"footnotes":""},"class_list":["post-397","page","type-page","status-publish","hentry"],"_links":{"self":[{"href":"https:\/\/dfs-betriebssport.de\/index.php?rest_route=\/wp\/v2\/pages\/397","targetHints":{"allow":["GET"]}}],"collection":[{"href":"https:\/\/dfs-betriebssport.de\/index.php?rest_route=\/wp\/v2\/pages"}],"about":[{"href":"https:\/\/dfs-betriebssport.de\/index.php?rest_route=\/wp\/v2\/types\/page"}],"author":[{"embeddable":true,"href":"https:\/\/dfs-betriebssport.de\/index.php?rest_route=\/wp\/v2\/users\/3"}],"replies":[{"embeddable":true,"href":"https:\/\/dfs-betriebssport.de\/index.php?rest_route=%2Fwp%2Fv2%2Fcomments&post=397"}],"version-history":[{"count":73,"href":"https:\/\/dfs-betriebssport.de\/index.php?rest_route=\/wp\/v2\/pages\/397\/revisions"}],"predecessor-version":[{"id":1683,"href":"https:\/\/dfs-betriebssport.de\/index.php?rest_route=\/wp\/v2\/pages\/397\/revisions\/1683"}],"wp:attachment":[{"href":"https:\/\/dfs-betriebssport.de\/index.php?rest_route=%2Fwp%2Fv2%2Fmedia&parent=397"}],"curies":[{"name":"wp","href":"https:\/\/api.w.org\/{rel}","templated":true}]}}