{"id":17,"date":"2014-10-09T11:19:56","date_gmt":"2014-10-09T10:19:56","guid":{"rendered":"http:\/\/dfs-betriebssport.de\/?page_id=17"},"modified":"2018-11-06T11:06:33","modified_gmt":"2018-11-06T10:06:33","slug":"impressum-kontakt","status":"publish","type":"page","link":"https:\/\/dfs-betriebssport.de\/?page_id=17","title":{"rendered":"Impressum &#038; Kontakt"},"content":{"rendered":"<h6><strong>DFS Betriebssportverein Langen e. V.<\/strong><br \/>\nAm DFS-Campus 10<br \/>\n63225 Langen<\/h6>\n<p><em><strong>Vertreten durch:<\/strong><\/em><br \/>\nDen Vorstand, <a title=\"\u00dcber den Verein\" href=\"https:\/\/dfs-betriebssport.de\/?page_id=15\">hier klicken f\u00fcr die aktuelle Besetzung der Vorstandsmitglieder<\/a><\/p>\n<p><em><strong>Kontakt:<\/strong><\/em><br \/>\nTelefon: \u00a0\u00a0 \u00a006103-707-0<br \/>\nE-Mail: \u00a0\u00a0\u00a0 <a href=\"https:\/\/dfs-betriebssport.de\/wp-content\/uploads\/2015\/02\/betriebssport-at-dfs.de_.jpg\"><img loading=\"lazy\" decoding=\"async\" class=\"alignnone size-full wp-image-77\" src=\"https:\/\/dfs-betriebssport.de\/wp-content\/uploads\/2015\/02\/betriebssport-at-dfs.de_.jpg\" alt=\"betriebssport-at-dfs.de\" width=\"157\" height=\"15\" srcset=\"https:\/\/dfs-betriebssport.de\/wp-content\/uploads\/2015\/02\/betriebssport-at-dfs.de_.jpg 157w, https:\/\/dfs-betriebssport.de\/wp-content\/uploads\/2015\/02\/betriebssport-at-dfs.de_-150x15.jpg 150w\" sizes=\"auto, (max-width: 157px) 100vw, 157px\" \/><\/a><\/p>\n<p><em><strong>Registereintrag im Vereinsregister:<\/strong><\/em><br \/>\nRegistergericht: Offenbach<br \/>\nRegisternummer: VR 5520<\/p>\n<h5><em><strong>Haftungsausschluss (Disclaimer) &#8211; Rechtliche Hinweise<\/strong><\/em>:<\/h5>\n<div class=\"col-md-6 col-sm-6 \">\n<p><strong><em>Warnhinweis zu Inhalten<\/em><\/strong><br \/>\nDie kostenlosen und frei zug\u00e4nglichen Inhalte dieser Webseite wurden mit gr\u00f6\u00dftm\u00f6glicher Sorgfalt erstellt. Der Anbieter dieser Webseite \u00fcbernimmt jedoch keine Gew\u00e4hr f\u00fcr die Richtigkeit und Aktualit\u00e4t der bereitgestellten kostenlosen und frei zug\u00e4nglichen journalistischen Ratgeber und Nachrichten. Namentlich gekennzeichnete Beitr\u00e4ge geben die Meinung des jeweiligen Autors und nicht immer die Meinung des Anbieters wieder. Allein durch den Aufruf der kostenlosen und frei zug\u00e4nglichen Inhalte kommt keinerlei Vertragsverh\u00e4ltnis zwischen dem Nutzer und dem Anbieter zustande, insoweit fehlt es am Rechtsbindungswillen des Anbieters.<\/p>\n<p><strong><em>Externe Links<\/em><\/strong><br \/>\nDiese Website enth\u00e4lt Verkn\u00fcpfungen zu Websites Dritter (&#8222;externe Links&#8220;). Diese Websites unterliegen der Haftung der jeweiligen Betreiber. Der Anbieter hat bei der erstmaligen Verkn\u00fcpfung der externen Links die fremden Inhalte daraufhin \u00fcberpr\u00fcft, ob etwaige Rechtsverst\u00f6\u00dfe bestehen. Zu dem Zeitpunkt waren keine Rechtsverst\u00f6\u00dfe ersichtlich. Der Anbieter hat keinerlei Einfluss auf die aktuelle und zuk\u00fcnftige Gestaltung und auf die Inhalte der verkn\u00fcpften Seiten. Das Setzen von externen Links bedeutet nicht, dass sich der Anbieter die hinter dem Verweis oder Link liegenden Inhalte zu Eigen macht. Eine st\u00e4ndige Kontrolle der externen Links ist f\u00fcr den Anbieter ohne konkrete Hinweise auf Rechtsverst\u00f6\u00dfe nicht zumutbar. Bei Kenntnis von Rechtsverst\u00f6\u00dfen werden jedoch derartige externe Links unverz\u00fcglich gel\u00f6scht.<\/p>\n<p><strong><em>Urheber- und Leistungsschutzrechte<\/em><\/strong><br \/>\nDie auf dieser Website ver\u00f6ffentlichten Inhalte unterliegen dem deutschen Urheber- und Leistungsschutzrecht. Jede vom deutschen Urheber- und Leistungsschutzrecht nicht zugelassene Verwertung bedarf der vorherigen schriftlichen Zustimmung des Anbieters oder jeweiligen Rechteinhabers. Dies gilt insbesondere f\u00fcr Vervielf\u00e4ltigung, Bearbeitung, \u00dcbersetzung, Einspeicherung, Verarbeitung bzw. Wiedergabe von Inhalten in Datenbanken oder anderen elektronischen Medien und Systemen. Inhalte und Rechte Dritter sind dabei als solche gekennzeichnet. Die unerlaubte Vervielf\u00e4ltigung oder Weitergabe einzelner Inhalte oder kompletter Seiten ist nicht gestattet und strafbar. Lediglich die Herstellung von Kopien und Downloads f\u00fcr den pers\u00f6nlichen, privaten und nicht kommerziellen Gebrauch ist erlaubt.<\/p>\n<p>Die Darstellung dieser Website in fremden Frames ist nur mit schriftlicher Erlaubnis zul\u00e4ssig.<\/p>\n<p><strong><em>Besondere Nutzungsbedingungen<\/em><\/strong><br \/>\nSoweit besondere Bedingungen f\u00fcr einzelne Nutzungen dieser Website von den vorgenannten Paragraphen abweichen, wird an entsprechender Stelle ausdr\u00fccklich darauf hingewiesen. In diesem Falle gelten im jeweiligen Einzelfall die besonderen Nutzungsbedingungen.<\/p>\n<h5><\/h5>\n<h5><strong><em>Datenschutzerkl\u00e4rung<\/em><\/strong><\/h5>\n<\/div>\n<p>Wir informieren Sie nachfolgend gem\u00e4\u00df den gesetzlichen Vorgaben des Datenschutzrechts (insb. gem\u00e4\u00df BDSG n.F. und der europ\u00e4ischen Datenschutz-Grundverordnung \u201aDS-GVO\u2018) \u00fcber die Art, den Umfang und Zweck der Verarbeitung personenbezogener Daten durch unseren Verein. Diese Datenschutzerkl\u00e4rung gilt auch f\u00fcr unsere Websites und Sozial-Media-Profile (sofern vorhanden). Bez\u00fcglich der Definition von Begriffen wie etwa \u201epersonenbezogene Daten\u201c oder \u201eVerarbeitung\u201c verweisen wir auf Art. 4 DS-GVO.<\/p>\n<p><strong>Name und Kontaktdaten des \/ der Verantwortlichen<\/strong><br \/>\nUnser\/e Verantwortliche\/r (nachfolgend \u201eVerantwortlicher\u201c) i.S.d. Art. 4 Zif. 7 DS-GVO ist:<\/p>\n<p>DFS Betriebssportverein e.V.<br \/>\nDen Vorstand, <a title=\"\u00dcber den Verein\" href=\"https:\/\/dfs-betriebssport.de\/?page_id=15\">hier klicken f\u00fcr die aktuelle Besetzung der Vorstandsmitglieder<\/a><br \/>\nAm DFS-Campus 1<br \/>\n63225 Langen<br \/>\nE-Mail-Adresse: <a href=\"https:\/\/dfs-betriebssport.de\/wp-content\/uploads\/2015\/02\/betriebssport-at-dfs.de_.jpg\"><img loading=\"lazy\" decoding=\"async\" class=\"alignnone size-full wp-image-77\" src=\"https:\/\/dfs-betriebssport.de\/wp-content\/uploads\/2015\/02\/betriebssport-at-dfs.de_.jpg\" alt=\"betriebssport-at-dfs.de\" width=\"157\" height=\"15\" srcset=\"https:\/\/dfs-betriebssport.de\/wp-content\/uploads\/2015\/02\/betriebssport-at-dfs.de_.jpg 157w, https:\/\/dfs-betriebssport.de\/wp-content\/uploads\/2015\/02\/betriebssport-at-dfs.de_-150x15.jpg 150w\" sizes=\"auto, (max-width: 157px) 100vw, 157px\" \/><\/a><\/p>\n<p><strong>Datenarten, Zwecke der Verarbeitung und Kategorien betroffener Personen<\/strong><br \/>\nNachfolgend informieren wir Sie \u00fcber Art, Umfang und Zweck der Erhebung, Verarbeitung und Nutzung personenbezogener Daten.<\/p>\n<p><strong>1. Arten der Daten, die wir verarbeiten<\/strong><br \/>\nNutzungsdaten (Zugriffszeiten, besuchte Websites etc.), Bestandsdaten (Name, Adresse etc.), Kontaktdaten (Telefonnummer, E-Mail etc.), Zahlungsdaten (Bankdaten, Kontodaten, Zahlungshistorie etc.), Vertragsdaten (Gegenstand des Vertrages, Mitgliedschaft, Laufzeit etc.), Kommunikationsdaten (IP-Adresse etc.),<\/p>\n<p><strong>2. Zwecke der Verarbeitung nach Art. 13 Abs. 1 c) DS-GVO<\/strong><br \/>\nAbwicklung des Sportbetriebes, Erf\u00fcllung gesetzlicher Aufbewahrungspflichten, Erstellung von Statistiken, Websites mit Funktionen und Inhalten bereitstellen.<\/p>\n<p><strong>3. Kategorien der betroffenen Personen nach Art. 13 Abs. 1 e) DS-GVO<\/strong><br \/>\nBesucher\/Nutzer der Website, Mitglieder<br \/>\nDie betroffenen Personen werden zusammenfassend als \u201eNutzer\u201c bezeichnet.<\/p>\n<p><strong>Rechtsgrundlagen der Verarbeitung personenbezogener Daten<\/strong><br \/>\nNachfolgend Informieren wir Sie \u00fcber die Rechtsgrundlagen der Verarbeitung personenbezogener Daten:<\/p>\n<ol>\n<li>Wenn wir Ihre Einwilligung f\u00fcr die Verarbeitung personenbezogenen Daten eingeholt haben, ist Art. 6 Abs. 1 S. 1 lit. a) DS-GVO Rechtsgrundlage.<\/li>\n<li>Ist die Verarbeitung zur Erf\u00fcllung eines Vertrags oder zur Durchf\u00fchrung vorvertraglicher Ma\u00dfnahmen erforderlich, die auf Ihre Anfrage hin erfolgen, so ist Art. 6 Abs. 1 S. 1 lit. b) DS-GVO Rechtsgrundlage.<\/li>\n<li>Ist die Verarbeitung zur Erf\u00fcllung einer rechtlichen Verpflichtung erforderlich, der wir unterliegen (z.B. gesetzliche Aufbewahrungspflichten), so ist Art. 6 Abs. 1 S. 1 lit. c) DS-GVO Rechtsgrundlage.<\/li>\n<li>Ist die Verarbeitung erforderlich, um lebenswichtige Interessen der betroffenen Person oder einer anderen nat\u00fcrlichen Person zu sch\u00fctzen, so ist Art. 6 Abs. 1 S. 1 lit. d) DS-GVO Rechtsgrundlage.<\/li>\n<li>Ist die Verarbeitung zur Wahrung unserer oder der berechtigten Interessen eines Dritten erforderlich und \u00fcberwiegen diesbez\u00fcglich Ihre Interessen oder Grundrechte und Grundfreiheiten nicht, so ist Art. 6 Abs. 1 S. 1 lit. f) DS-GVO Rechtsgrundlage.<\/li>\n<\/ol>\n<p><strong>Weitergabe personenbezogener Daten an Dritte und Auftragsverarbeiter<\/strong><\/p>\n<p><em>Ohne Ihre Einwilligung geben wir grunds\u00e4tzlich keine Daten an Dritte weiter.<\/em> Sollte dies doch der Fall sein, dann erfolgt die Weitergabe auf der Grundlage der zuvor genannten Rechtsgrundlagen z.B. zur Vertragserf\u00fcllung oder aufgrund gerichtlicher Anordnung oder wegen einer gesetzlichen Verpflichtung zur Herausgabe der Daten zum Zwecke der Strafverfolgung, zur Gefahrenabwehr oder zur Durchsetzung der Rechte am geistigen Eigentum.<br \/>\nWir setzen zudem Auftragsverarbeiter (externe Dienstleister z.B. zum Webhosting unserer Websites) zur Verarbeitung Ihrer Daten ein. Wenn im Rahmen einer Vereinbarung zur Auftragsverarbeitung an die Auftragsverarbeiter Daten weitergegeben werden, erfolgt dies immer nach Art. 28 DS-GVO. Wir w\u00e4hlen dabei unsere Auftragsverarbeiter sorgf\u00e4ltig aus, kontrollieren diese regelm\u00e4\u00dfig und haben uns ein Weisungsrecht hinsichtlich der Daten einr\u00e4umen lassen. Zudem m\u00fcssen die Auftragsverarbeiter geeignete technische und organisatorische Ma\u00dfnahmen getroffen haben und die Datenschutzvorschriften gem. BDSG n.F. und DS-GVO einhalten<\/p>\n<p><strong>L\u00f6schung von Daten und Speicherdauer<\/strong><\/p>\n<p>Sofern nicht in dieser Datenschutzerkl\u00e4rung ausdr\u00fccklich angegeben, werden Ihre personenbezogen Daten gel\u00f6scht oder gesperrt, sobald der Zweck f\u00fcr die Speicherung entf\u00e4llt, es sei denn deren weitere Aufbewahrung ist zu Beweiszwecken erforderlich oder dem stehen gesetzliche Aufbewahrungspflichten entgegenstehen. Darunter fallen etwa handelsrechtliche Aufbewahrungspflichten von Gesch\u00e4ftsbriefen nach \u00a7 257 Abs. 1 HGB (6 Jahre) sowie steuerrechtliche Aufbewahrungspflichten nach \u00a7 147 Abs. 1 AO von Belegen (10 Jahre). Wenn die vorgeschriebene Aufbewahrungsfrist abl\u00e4uft, erfolgt eine Sperrung oder L\u00f6schung Ihrer Daten, es sei denn die Speicherung ist weiterhin f\u00fcr einen Vertragsabschluss oder zur Vertragserf\u00fcllung erforderlich.<\/p>\n<p><strong>Bestehen einer automatisierten Entscheidungsfindung<\/strong><\/p>\n<p>Wir setzen keine automatische Entscheidungsfindung oder ein Profiling ein.<\/p>\n<p><strong>Bereitstellung unserer Website und Erstellung von Logfiles<\/strong><\/p>\n<ol>\n<li>Wenn Sie unsere Webseite lediglich informatorisch nutzen (also keine Registrierung und auch keine anderweitige \u00dcbermittlung von Informationen), erheben wir nur die personenbezogenen Daten, die Ihr Browser an unseren Server \u00fcbermittelt. Wenn Sie unsere Website betrachten m\u00f6chten, erheben wir die folgenden Daten: \u2022 IP-Adresse;<br \/>\n\u2022 Internet-Service-Provider des Nutzers;<br \/>\n\u2022 Datum und Uhrzeit des Abrufs;<br \/>\n\u2022 Browsertyp;<br \/>\n\u2022 Sprache und Browser-Version;<br \/>\n\u2022 Inhalt des Abrufs;<br \/>\n\u2022 Zeitzone;<br \/>\n\u2022 Zugriffsstatus\/HTTP-Statuscode;<br \/>\n\u2022 Datenmenge;<br \/>\n\u2022 Websites, von denen die Anforderung kommt;<br \/>\n\u2022 Betriebssystem.<br \/>\nEine Speicherung dieser Daten zusammen mit anderen personenbezogenen Daten von Ihnen findet nicht statt.<\/li>\n<li>Diese Daten dienen dem Zweck der nutzerfreundlichen, funktionsf\u00e4higen und sicheren Auslieferung unserer Website an Sie mit Funktionen und Inhalten sowie deren Optimierung und statistischen Auswertung.<\/li>\n<li>Rechtsgrundlage hierf\u00fcr ist unser in den obigen Zwecken auch liegendes berechtigtes Interesse an der Datenverarbeitung nach Art. 6 Abs. 1 S.1 lit. f) DS-GVO.<\/li>\n<li>Wir speichern aus Sicherheitsgr\u00fcnden diese Daten in Server-Logfiles f\u00fcr die Speicherdauer von 50 Tagen. Nach Ablauf dieser Frist werden diese automatisch gel\u00f6scht, es sei denn wir ben\u00f6tigen deren Aufbewahrung zu Beweiszwecken bei Angriffen auf die Serverinfrastruktur oder anderen Rechtsverletzungen.<\/li>\n<\/ol>\n<p>&nbsp;<\/p>\n<p><strong>Cookies<\/strong><\/p>\n<p>Wir verwenden sog. Cookies bei Ihrem Besuch unserer Website. Cookies sind kleine Textdateien, die Ihr Internet-Browser auf Ihrem Rechner ablegt und speichert. Wenn Sie unsere Website erneut aufrufen, geben diese Cookies Informationen ab, um Sie automatisch wiederzuerkennen. Die so erlangten Informationen dienen dem Zweck, unsere Webangebote technisch und wirtschaftlich zu optimieren und Ihnen einen leichteren und sicheren Zugang auf unsere Website zu erm\u00f6glichen. Wir informieren Sie dazu beim Aufruf unserer Website mittels eines Hinweises auf unsere Datenschutzerkl\u00e4rung \u00fcber die Verwendung von Cookies zu den zuvor genannten Zwecken und wie Sie dieser widersprechen bzw. deren Speicherung verhindern k\u00f6nnen (\u201eOpt-out\u201c). Unsere Website nutzt Session-Cookies, persistente Cookies und Cookies von Drittanbietern:<\/p>\n<ul>\n<li><strong>Session-Cookies:<\/strong> Wir verwenden sog. Cookies zum Wiedererkennen mehrfacher Nutzung eines Angebots durch denselben Nutzer (z.B. wenn Sie sich eingeloggt haben zur Feststellung Ihres Login-Status). Wenn Sie unsere Seite erneut aufrufen, geben diese Cookies Informationen ab, um Sie automatisch wiederzuerkennen. Die so erlangten Informationen dienen dazu, unsere Angebote zu optimieren und Ihnen einen leichteren Zugang auf unsere Seite zu erm\u00f6glichen. Wenn Sie den Browser schlie\u00dfen oder Sie sich ausloggen, werden die Session-Cookies gel\u00f6scht.<\/li>\n<li><strong>Persistente Cookies:<\/strong> Diese werden automatisiert nach einer vorgegebenen Dauer gel\u00f6scht, die sich je nach Cookie unterscheiden kann. In den Sicherheitseinstellungen Ihres Browsers k\u00f6nnen Sie die Cookies jederzeit l\u00f6schen.<\/li>\n<li><strong>Cookies von Drittanbietern (Third-Party-Cookies):<\/strong> Entsprechend Ihren W\u00fcnschen k\u00f6nnen Sie k\u00f6nnen Ihre Browser-Einstellung konfigurieren und z. B. Die Annahme von Third-Party-Cookies oder allen Cookies ablehnen. Wir weisen Sie jedoch an dieser Stelle darauf hin, dass Sie dann eventuell nicht alle Funktionen dieser Website nutzen k\u00f6nnen. Lesen Sie N\u00e4heres zu diesen Cookies bei den jeweiligen Datenschutzerkl\u00e4rungen zu den Drittanbietern.<\/li>\n<\/ul>\n<p>Rechtsgrundlage dieser Verarbeitung ist Art. 6 Abs. 1 S. lit. b) DS-GVO, wenn die Cookies zur Vertragsanbahnung z.B. bei Bestellungen gesetzt werden und ansonsten haben wir ein berechtigtes Interesse an der effektiven Funktionalit\u00e4t der Website, so dass in dem Falle Art. 6 Abs. 1 S. 1 lit. f) DS-GVO Rechtsgrundlage ist.<\/p>\n<p><strong>Widerspruch und \u201eOpt-Out\u201c:<\/strong> Das Speichern von Cookies auf Ihrer Festplatte k\u00f6nnen Sie allgemein verhindern, indem Sie in Ihren Browser-Einstellungen \u201ekeine Cookies akzeptieren\u201c w\u00e4hlen. Dies kann aber eine Funktionseinschr\u00e4nkung unserer Angebote zur Folge haben. Sie k\u00f6nnen dem Einsatz von Cookies von Drittanbietern zu Werbezwecken \u00fcber ein sog. \u201eOpt-out\u201c \u00fcber diese amerikanische Website (<a href=\"https:\/\/optout.aboutads.info\/\" target=\"_blank\" rel=\"nofollow noopener\">https:\/\/optout.aboutads.info<\/a>) oder diese europ\u00e4ische Website (<a href=\"http:\/\/www.youronlinechoices.com\/de\/praferenzmanagement\/\" target=\"_blank\" rel=\"nofollow noopener\">http:\/\/www.youronlinechoices.com\/de\/praferenzmanagement\/<\/a>) widersprechen.<\/p>\n<p><strong>Rechte der betroffenen Person<\/strong><\/p>\n<p style=\"padding-left: 30px;\"><strong>Widerspruch oder Widerruf gegen die Verarbeitung Ihrer Daten<\/strong><br \/>\nSoweit die Verarbeitung auf Ihrer Einwilligung gem\u00e4\u00df Art. 6 Abs. 1 S. 1 lit. a), Art. 7 DS-GVO beruht, haben Sie das Recht, die Einwilligung jederzeit zu widerrufen. Die Rechtm\u00e4\u00dfigkeit der aufgrund der Einwilligung bis zum Widerruf erfolgten Verarbeitung wird dadurch nicht ber\u00fchrt.Soweit wir die Verarbeitung Ihrer personenbezogenen Daten auf die Interessenabw\u00e4gung gem\u00e4\u00df Art. 6 Abs. 1 S. 1 lit. f) DS-GVO st\u00fctzen, k\u00f6nnen Sie Widerspruch gegen die Verarbeitung einlegen. Dies ist der Fall, wenn die Verarbeitung insbesondere nicht zur Erf\u00fcllung eines Vertrags mit Ihnen erforderlich ist, was von uns jeweils bei der nachfolgenden Beschreibung der Funktionen dargestellt wird. Bei Aus\u00fcbung eines solchen Widerspruchs bitten wir um Darlegung der Gr\u00fcnde, weshalb wir Ihre personenbezogenen Daten nicht wie von uns durchgef\u00fchrt verarbeiten sollten. Im Falle Ihres begr\u00fcndeten Widerspruchs pr\u00fcfen wir die Sachlage und werden entweder die Datenverarbeitung einstellen bzw. anpassen oder Ihnen unsere zwingenden schutzw\u00fcrdigen Gr\u00fcnde aufzeigen, aufgrund derer wir die Verarbeitung fortf\u00fchren.Sie k\u00f6nnen der Verarbeitung Ihrer personenbezogenen Daten jederzeit widersprechen. Das Widerspruchsrecht k\u00f6nnen Sie kostenfrei aus\u00fcben. \u00dcber Ihren Widerspruch k\u00f6nnen Sie uns unter folgenden Kontaktdaten informieren:<\/p>\n<p style=\"padding-left: 30px;\">DFS Betriebssportverein e.V.<br \/>\nAm DFS-Campus 1<br \/>\n63225 Langen<br \/>\nE-Mail-Adresse: <a href=\"https:\/\/dfs-betriebssport.de\/wp-content\/uploads\/2015\/02\/betriebssport-at-dfs.de_.jpg\"><img loading=\"lazy\" decoding=\"async\" class=\"alignnone size-full wp-image-77\" src=\"https:\/\/dfs-betriebssport.de\/wp-content\/uploads\/2015\/02\/betriebssport-at-dfs.de_.jpg\" alt=\"betriebssport-at-dfs.de\" width=\"157\" height=\"15\" srcset=\"https:\/\/dfs-betriebssport.de\/wp-content\/uploads\/2015\/02\/betriebssport-at-dfs.de_.jpg 157w, https:\/\/dfs-betriebssport.de\/wp-content\/uploads\/2015\/02\/betriebssport-at-dfs.de_-150x15.jpg 150w\" sizes=\"auto, (max-width: 157px) 100vw, 157px\" \/><\/a><\/p>\n<p style=\"padding-left: 30px;\"><strong>Recht auf Auskunft<\/strong><br \/>\nSie haben das Recht, von uns eine Best\u00e4tigung dar\u00fcber zu verlangen, ob Sie betreffende personenbezogene Daten verarbeitet werden. Sofern dies der Fall ist, haben Sie ein Recht auf Auskunft \u00fcber Ihre bei uns gespeicherten pers\u00f6nlichen Daten nach Art. 15 DS-GVO. Dies beinhaltet insbesondere die Auskunft \u00fcber die Verarbeitungszwecke, die Kategorie der personenbezogenen Daten, die Kategorien von Empf\u00e4ngern, gegen\u00fcber denen Ihre Daten offengelegt wurden oder werden, die geplante Speicherdauer, die Herkunft ihrer Daten, sofern diese nicht direkt bei Ihnen erhoben wurden.<\/p>\n<p style=\"padding-left: 30px;\"><strong>Recht auf Berichtigung<\/strong><br \/>\nSie haben ein Recht auf Berichtigung unrichtiger oder auf Vervollst\u00e4ndigung richtiger Daten nach Art. 16 DS-GVO.<\/p>\n<p style=\"padding-left: 30px;\"><strong>Recht auf L\u00f6schung<\/strong><br \/>\nSie haben ein Recht auf L\u00f6schung Ihrer bei uns gespeicherten Daten nach Art. 17 DS-GVO, es sei denn gesetzliche oder vertraglichen Aufbewahrungsfristen oder andere gesetzliche Pflichten bzw. Rechte zur weiteren Speicherung stehen dieser entgegen.<\/p>\n<p style=\"padding-left: 30px;\"><strong>Recht auf Einschr\u00e4nkung<\/strong><br \/>\nSie haben das Recht, eine Einschr\u00e4nkung bei der Verarbeitung Ihrer personenbezogenen Daten zu verlangen, wenn eine der Voraussetzungen in Art. 18 Abs. 1 lit. a) bis d) DS-GVO erf\u00fcllt ist:<\/p>\n<p style=\"padding-left: 30px;\">\u2022 Wenn Sie die Richtigkeit der Sie betreffenden personenbezogenen f\u00fcr eine Dauer bestreiten, die es dem Verantwortlichen erm\u00f6glicht, die Richtigkeit der personenbezogenen Daten zu \u00fcberpr\u00fcfen;<\/p>\n<p style=\"padding-left: 30px;\">\u2022 die Verarbeitung unrechtm\u00e4\u00dfig ist und Sie die L\u00f6schung der personenbezogenen Daten ablehnen und stattdessen die Einschr\u00e4nkung der Nutzung der personenbezogenen Daten verlangen;<\/p>\n<p style=\"padding-left: 30px;\">\u2022 der Verantwortliche die personenbezogenen Daten f\u00fcr die Zwecke der Verarbeitung nicht l\u00e4nger ben\u00f6tigt, Sie diese jedoch zur Geltendmachung, Aus\u00fcbung oder Verteidigung von Rechtsanspr\u00fcchen ben\u00f6tigen, oder<\/p>\n<p style=\"padding-left: 30px;\">\u2022 wenn Sie Widerspruch gegen die Verarbeitung gem\u00e4\u00df Art. 21 Abs. 1 DS-GVO eingelegt haben und noch nicht feststeht, ob die berechtigten Gr\u00fcnde des Verantwortlichen gegen\u00fcber Ihren Gr\u00fcnden \u00fcberwiegen.<\/p>\n<p style=\"padding-left: 30px;\"><strong>Recht auf Daten\u00fcbertragbarkeit<\/strong><br \/>\nSie haben ein Recht auf Daten\u00fcbertragbarkeit nach Art. 20 DS-GVO, was bedeutet, dass Sie die bei uns \u00fcber Sie gespeicherten personenbezogenen Daten in einem strukturierten, g\u00e4ngigen und maschinenlesbaren Format erhalten k\u00f6nnen oder die \u00dcbermittlung an einen anderen Verantwortlichen verlangen k\u00f6nnen.<\/p>\n<p style=\"padding-left: 30px;\"><strong>Recht auf Beschwerde<\/strong><br \/>\nSie haben ein Recht auf Beschwerde bei einer Aufsichtsbeh\u00f6rde. In der Regel k\u00f6nnen Sie sich hierf\u00fcr an die Aufsichtsbeh\u00f6rde insbesondere in dem Mitgliedstaat ihres Aufenthaltsorts, ihres Arbeitsplatzes oder des Orts des mutma\u00dflichen Versto\u00dfes wenden.<\/p>\n<p><strong>Datensicherheit<\/strong><\/p>\n<p>Um alle personenbezogen Daten, die an uns \u00fcbermittelt werden, zu sch\u00fctzen und um sicherzustellen, dass die Datenschutzvorschriften von uns, aber auch unseren externen Dienstleistern eingehalten werden, haben wir geeignete technische und organisatorische Sicherheitsma\u00dfnahmen getroffen. Deshalb werden unter anderem alle Daten zwischen Ihrem Browser und unserem Server \u00fcber eine sichere SSL-Verbindung verschl\u00fcsselt \u00fcbertragen.<\/p>\n<p><em><strong>Stand 5.11.2018<\/strong><\/em><\/p>\n<hr \/>\n<p><span style=\"color: #808080;\"><em><strong>Quelle:<\/strong> <\/em>Als Grundlage zur Erstellung dienten das Muster-Impressum sowie die DSVGO-konforme Muster-Datenschutzerkl\u00e4rung von JuraForum.de:<\/span><br \/>\n<a href=\"https:\/\/www.juraforum.de\/impressum-generator\/\"><span style=\"color: #808080;\">Impressum Muster von JuraForum.de<\/span><\/a><\/p>\n","protected":false},"excerpt":{"rendered":"<p>DFS Betriebssportverein Langen e. V. Am DFS-Campus 10 63225 Langen Vertreten durch: Den Vorstand, hier klicken f\u00fcr die aktuelle Besetzung der Vorstandsmitglieder Kontakt: Telefon: \u00a0\u00a0 \u00a006103-707-0 E-Mail: \u00a0\u00a0\u00a0 Registereintrag im Vereinsregister: Registergericht: Offenbach Registernummer: VR 5520 Haftungsausschluss (Disclaimer) &#8211; Rechtliche Hinweise: Warnhinweis zu Inhalten Die kostenlosen und frei zug\u00e4nglichen Inhalte dieser Webseite wurden mit gr\u00f6\u00dftm\u00f6glicher &hellip; <a href=\"https:\/\/dfs-betriebssport.de\/?page_id=17\" class=\"more-link\"><span class=\"screen-reader-text\">Impressum &#038; Kontakt<\/span> weiterlesen <span class=\"meta-nav\">&rarr;<\/span><\/a><\/p>\n","protected":false},"author":1,"featured_media":0,"parent":0,"menu_order":0,"comment_status":"closed","ping_status":"closed","template":"","meta":{"footnotes":""},"class_list":["post-17","page","type-page","status-publish","hentry"],"_links":{"self":[{"href":"https:\/\/dfs-betriebssport.de\/index.php?rest_route=\/wp\/v2\/pages\/17","targetHints":{"allow":["GET"]}}],"collection":[{"href":"https:\/\/dfs-betriebssport.de\/index.php?rest_route=\/wp\/v2\/pages"}],"about":[{"href":"https:\/\/dfs-betriebssport.de\/index.php?rest_route=\/wp\/v2\/types\/page"}],"author":[{"embeddable":true,"href":"https:\/\/dfs-betriebssport.de\/index.php?rest_route=\/wp\/v2\/users\/1"}],"replies":[{"embeddable":true,"href":"https:\/\/dfs-betriebssport.de\/index.php?rest_route=%2Fwp%2Fv2%2Fcomments&post=17"}],"version-history":[{"count":13,"href":"https:\/\/dfs-betriebssport.de\/index.php?rest_route=\/wp\/v2\/pages\/17\/revisions"}],"predecessor-version":[{"id":876,"href":"https:\/\/dfs-betriebssport.de\/index.php?rest_route=\/wp\/v2\/pages\/17\/revisions\/876"}],"wp:attachment":[{"href":"https:\/\/dfs-betriebssport.de\/index.php?rest_route=%2Fwp%2Fv2%2Fmedia&parent=17"}],"curies":[{"name":"wp","href":"https:\/\/api.w.org\/{rel}","templated":true}]}}