{"id":1588,"date":"2024-09-06T18:16:41","date_gmt":"2024-09-06T17:16:41","guid":{"rendered":"https:\/\/dfs-betriebssport.de\/?page_id=1588"},"modified":"2026-05-11T21:04:53","modified_gmt":"2026-05-11T20:04:53","slug":"golf-langen","status":"publish","type":"page","link":"https:\/\/dfs-betriebssport.de\/?page_id=1588","title":{"rendered":"Golf Langen"},"content":{"rendered":"\n<p>Willkommen auf der Seite der Sparte Golfsport.  <\/p>\n\n\n\n<h3 class=\"wp-block-heading has-text-align-left\">\u00dcber uns<\/h3>\n\n\n\n<p><em>Der Golfsport hat in den vergangenen Jahren gro\u00dfen Zulauf erlebt. Auch unter DFS-Kollegen l\u00e4sst sich ein wachsendes Interesse beobachten. Deshalb wurde die Sparte \u201eGolfsport\u201c im Verein etabliert.&nbsp;<\/em><\/p>\n\n\n\n<p>Golf ist nicht nur ein Sport f\u00fcr Profis, sondern auch eine beliebte Freizeitaktivit\u00e4t f\u00fcr viele Menschen jeden Alters. Wenn auch du gerne in der Natur bist und deine Freizeit aktiv gestalten m\u00f6chtest, dann w\u00e4re die Betriebssportgruppe Golf vielleicht genau das Richtige f\u00fcr dich!<\/p>\n\n\n\n<p>Vielleicht spielst du schon Golf? Auch dann k\u00f6nnte dir die neue Sparte Golf des Betriebssportvereins gut gefallen!<\/p>\n\n\n\n<p>Derzeit gibt es in regelm\u00e4\u00dfigen Abst\u00e4nden die folgenden Events:<\/p>\n\n\n\n<ul class=\"wp-block-list\">\n<li>Anf\u00e4ngerkurse\/Platzreifekurse<\/li>\n\n\n\n<li>Gemeinsame Golftermine (zum Beispiel After-Work Golf und Golfausfl\u00fcge)<\/li>\n\n\n\n<li>Gemeinsame Trainingstermine (bei verschiedenen Trainern zu verg\u00fcnstigten Konditionen)<\/li>\n\n\n\n<li>Gemeinsame Teilnahme an Turnieren und Cups <\/li>\n<\/ul>\n\n\n\n<p>F\u00fcr das Jahr 2026 sind bereits zwei BSV-Turniere geplant. Auch hier erfahren unsere Mitglieder als erstes bescheid und erhalten verg\u00fcnstigte Teilnahmekonditionen.<\/p>\n\n\n\n<p>Dabei soll der Spa\u00df am Spiel immer im Vordergrund stehen, denn Golf ist nicht nur k\u00f6rperlich herausfordernd, sondern auch eine mentale Herausforderung, die Konzentration und Geschicklichkeit erfordert. Zudem bietet die Betriebssportgruppe Golf eine gro\u00dfartige Gelegenheit, neue Kollegen kennenzulernen und parallel sportlich aktiv zu sein.<\/p>\n\n\n\n<h3 class=\"wp-block-heading has-text-align-left\">H\u00e4ufige Fragen<\/h3>\n\n\n\n<p><em><strong>Ist eine regelm\u00e4\u00dfige Trainings- oder Eventteilnahme ein Muss?<\/strong><\/em><br>Nein, alle Events der Sparte sind f\u00fcr jedes Mitglied freiwillig. <\/p>\n\n\n\n<p><em><strong>Gibt es Voraussetzungen, um der Sparte mitzumachen?<\/strong><\/em><br>Nein, jeder der Spa\u00df am Golfspielen hat und\/oder es erlernen m\u00f6chte ist bei uns herzlich willkommen!<\/p>\n\n\n\n<p><em><strong>Ersetzt die BSV-Mitgliedschaft die Mitgliedschaft in einem Golfclub?<\/strong><\/em><br>Nein &#8211; die BSV Mitgliedschaft ersetzt keine Mitgliedschaft in einem Golfclub. Wir f\u00fchren f\u00fcr unsere Mitglieder kein Handicap. Da wir aber einige Mitglieder ohne Clubmitgliedschaft haben organisieren wir auch Events bei denen eine Clubmitgliedschaft nicht gefordert ist. <\/p>\n\n\n\n<p><em><strong>Gibt es Zusatzbeitr\u00e4ge f\u00fcr die Sparte?<\/strong><\/em><br>Nein, es fallen nur die regul\u00e4ren Mitgliedsbeitr\u00e4ge f\u00fcr den BSV der DFS an. Weitere Infos hierzu sind <a href=\"https:\/\/dfs-betriebssport.de\/?page_id=68\" data-type=\"page\" data-id=\"68\">hier<\/a> aufgef\u00fchrt. <\/p>\n\n\n\n<p><em><strong>Wie kann ich Mitglied werden?<\/strong><\/em><br>Der Mitgliedsantrag f\u00fcr den BSV kann <a href=\"https:\/\/dfs-betriebssport.de\/?page_id=68\" data-type=\"page\" data-id=\"68\">hier<\/a> heruntergeladen werden.<\/p>\n\n\n\n<p><em><strong>Was bieten wir unseren Mitgliedern aktuell im Rahmen der Mitgliedschaft?<\/strong><\/em><br>Unsere Mitglieder haben Zugang zu verg\u00fcnstigten Events wie z.B. Training, Turnierteilnahme oder Simulator-Golf welche durch den BSV gef\u00f6rdert werden. <\/p>\n\n\n\n<hr class=\"wp-block-separator has-alpha-channel-opacity is-style-dots\" \/>\n\n\n\n<h3 class=\"wp-block-heading has-text-align-center\">Kontakt<\/h3>\n\n\n\n<p class=\"has-text-align-center\"><strong>Wer Interesse an Informationen zur Golfsport-Sparte hat kann sich gerne an: <br><a href=\"mailto:golf@dfs-betriebssport.de\">golf@dfs-betriebssport.de<\/a> <br>wenden. Wir freuen uns auf eure Anfragen!<\/strong><\/p>\n\n\n\n<hr class=\"wp-block-separator has-alpha-channel-opacity is-style-dots\" \/>\n\n\n\n<h3 class=\"wp-block-heading\">Unsere Sponsoren und Partner<\/h3>\n\n\n\n<div class=\"wp-block-columns is-layout-flex wp-container-core-columns-is-layout-9d6595d7 wp-block-columns-is-layout-flex\">\n<div class=\"wp-block-column is-layout-flow wp-block-column-is-layout-flow\">\n<figure class=\"wp-block-image size-full\"><a href=\"https:\/\/www.planetgolf.de\/\" target=\"_blank\" rel=\" noreferrer noopener\" style=\"background-color: transparent\"><img loading=\"lazy\" decoding=\"async\" width=\"450\" height=\"103\" src=\"https:\/\/dfs-betriebssport.de\/wp-content\/uploads\/2025\/05\/logo-planetgolf_quer_pos.png\" alt=\"\" class=\"wp-image-1699\" srcset=\"https:\/\/dfs-betriebssport.de\/wp-content\/uploads\/2025\/05\/logo-planetgolf_quer_pos.png 450w, https:\/\/dfs-betriebssport.de\/wp-content\/uploads\/2025\/05\/logo-planetgolf_quer_pos-300x69.png 300w\" sizes=\"auto, (max-width: 450px) 100vw, 450px\" \/><\/a><\/figure>\n<\/div>\n\n\n\n<div class=\"wp-block-column is-layout-flow wp-block-column-is-layout-flow\">\n<figure class=\"wp-block-image size-full\"><a href=\"https:\/\/www.golfhouse.de\/\" target=\"_blank\" rel=\" noreferrer noopener\" style=\"background-color: transparent\"><img loading=\"lazy\" decoding=\"async\" width=\"217\" height=\"62\" src=\"https:\/\/dfs-betriebssport.de\/wp-content\/uploads\/2025\/05\/golfhouse-logo.png\" alt=\"\" class=\"wp-image-1697\" style=\"object-fit:cover\" \/><\/a><\/figure>\n<\/div>\n\n\n\n<div class=\"wp-block-column is-layout-flow wp-block-column-is-layout-flow\">\n<figure class=\"wp-block-image size-full\"><a href=\"https:\/\/www.jucad.de\/\" target=\"_blank\" rel=\" noreferrer noopener\" style=\"background-color: transparent\"><img loading=\"lazy\" decoding=\"async\" width=\"296\" height=\"142\" src=\"https:\/\/dfs-betriebssport.de\/wp-content\/uploads\/2025\/06\/JuCad-Logo-Online.png\" alt=\"\" class=\"wp-image-1757\" \/><\/a><\/figure>\n<\/div>\n<\/div>\n\n\n\n<div class=\"wp-block-columns is-layout-flex wp-container-core-columns-is-layout-9d6595d7 wp-block-columns-is-layout-flex\">\n<div class=\"wp-block-column is-layout-flow wp-block-column-is-layout-flow\">\n<figure class=\"wp-block-image size-large\"><a href=\"https:\/\/ruffgolf.eu\/de\/locations\/dreieich\/\" target=\"_blank\" rel=\" noreferrer noopener\" style=\"background-color: transparent\"><img loading=\"lazy\" decoding=\"async\" width=\"1024\" height=\"366\" src=\"https:\/\/dfs-betriebssport.de\/wp-content\/uploads\/2026\/05\/RUFF-Text-Black_rechteckig-1024x366.png\" alt=\"\" class=\"wp-image-1940\" srcset=\"https:\/\/dfs-betriebssport.de\/wp-content\/uploads\/2026\/05\/RUFF-Text-Black_rechteckig-1024x366.png 1024w, https:\/\/dfs-betriebssport.de\/wp-content\/uploads\/2026\/05\/RUFF-Text-Black_rechteckig-300x107.png 300w, https:\/\/dfs-betriebssport.de\/wp-content\/uploads\/2026\/05\/RUFF-Text-Black_rechteckig-768x274.png 768w, https:\/\/dfs-betriebssport.de\/wp-content\/uploads\/2026\/05\/RUFF-Text-Black_rechteckig-1536x548.png 1536w, https:\/\/dfs-betriebssport.de\/wp-content\/uploads\/2026\/05\/RUFF-Text-Black_rechteckig-2048x731.png 2048w\" sizes=\"auto, (max-width: 1024px) 100vw, 1024px\" \/><\/a><\/figure>\n<\/div>\n\n\n\n<div class=\"wp-block-column is-layout-flow wp-block-column-is-layout-flow\">\n<figure class=\"wp-block-image size-large\"><a href=\"https:\/\/www.leisurebreaks.de\/\" target=\"_blank\" rel=\" noreferrer noopener\" style=\"background-color: transparent\"><img loading=\"lazy\" decoding=\"async\" width=\"1024\" height=\"190\" src=\"https:\/\/dfs-betriebssport.de\/wp-content\/uploads\/2026\/05\/LeisureBREAKS_Logo_300dpi-e1778529797348-1024x190.jpg\" alt=\"\" class=\"wp-image-1941\" srcset=\"https:\/\/dfs-betriebssport.de\/wp-content\/uploads\/2026\/05\/LeisureBREAKS_Logo_300dpi-e1778529797348-1024x190.jpg 1024w, https:\/\/dfs-betriebssport.de\/wp-content\/uploads\/2026\/05\/LeisureBREAKS_Logo_300dpi-e1778529797348-300x56.jpg 300w, https:\/\/dfs-betriebssport.de\/wp-content\/uploads\/2026\/05\/LeisureBREAKS_Logo_300dpi-e1778529797348-768x142.jpg 768w, https:\/\/dfs-betriebssport.de\/wp-content\/uploads\/2026\/05\/LeisureBREAKS_Logo_300dpi-e1778529797348.jpg 1442w\" sizes=\"auto, (max-width: 1024px) 100vw, 1024px\" \/><\/a><\/figure>\n<\/div>\n\n\n\n<div class=\"wp-block-column is-layout-flow wp-block-column-is-layout-flow\">\n<figure class=\"wp-block-image size-full\"><a href=\"https:\/\/www.jacques.de\/weindepot\/D381\/Langen\" target=\"_blank\" rel=\" noreferrer noopener\" style=\"background-color: transparent\"><img loading=\"lazy\" decoding=\"async\" width=\"632\" height=\"241\" src=\"https:\/\/dfs-betriebssport.de\/wp-content\/uploads\/2025\/06\/Jacques-Weindepot-Logo.png\" alt=\"\" class=\"wp-image-1758\" srcset=\"https:\/\/dfs-betriebssport.de\/wp-content\/uploads\/2025\/06\/Jacques-Weindepot-Logo.png 632w, https:\/\/dfs-betriebssport.de\/wp-content\/uploads\/2025\/06\/Jacques-Weindepot-Logo-300x114.png 300w\" sizes=\"auto, (max-width: 632px) 100vw, 632px\" \/><\/a><\/figure>\n<\/div>\n<\/div>\n\n\n\n<div class=\"wp-block-columns is-layout-flex wp-container-core-columns-is-layout-9d6595d7 wp-block-columns-is-layout-flex\">\n<div class=\"wp-block-column is-layout-flow wp-block-column-is-layout-flow\"><\/div>\n\n\n\n<div class=\"wp-block-column is-layout-flow wp-block-column-is-layout-flow\">\n<figure class=\"wp-block-image size-full\"><img loading=\"lazy\" decoding=\"async\" width=\"288\" height=\"146\" src=\"https:\/\/dfs-betriebssport.de\/wp-content\/uploads\/2026\/05\/c8274069-5ffe-43af-94ee-b7e5f5ff8c4c.png\" alt=\"\" class=\"wp-image-1944\" \/><\/figure>\n<\/div>\n\n\n\n<div class=\"wp-block-column is-layout-flow wp-block-column-is-layout-flow\"><\/div>\n<\/div>\n\n\n\n<h3 class=\"wp-block-heading has-text-align-left\">Impressionen<\/h3>\n\n\n\n<figure class=\"wp-block-gallery has-nested-images columns-default is-cropped wp-block-gallery-1 is-layout-flex wp-block-gallery-is-layout-flex\">\n<figure class=\"wp-block-image size-large\"><a href=\"https:\/\/dfs-betriebssport.de\/wp-content\/uploads\/2024\/10\/DJI_0145_web.jpg\"><img loading=\"lazy\" decoding=\"async\" width=\"1024\" height=\"768\" data-id=\"1616\" src=\"https:\/\/dfs-betriebssport.de\/wp-content\/uploads\/2024\/10\/DJI_0145_web-1024x768.jpg\" alt=\"\" class=\"wp-image-1616\" srcset=\"https:\/\/dfs-betriebssport.de\/wp-content\/uploads\/2024\/10\/DJI_0145_web-1024x768.jpg 1024w, https:\/\/dfs-betriebssport.de\/wp-content\/uploads\/2024\/10\/DJI_0145_web-300x225.jpg 300w, https:\/\/dfs-betriebssport.de\/wp-content\/uploads\/2024\/10\/DJI_0145_web-768x576.jpg 768w, https:\/\/dfs-betriebssport.de\/wp-content\/uploads\/2024\/10\/DJI_0145_web-1536x1152.jpg 1536w, https:\/\/dfs-betriebssport.de\/wp-content\/uploads\/2024\/10\/DJI_0145_web.jpg 2000w\" sizes=\"auto, (max-width: 1024px) 100vw, 1024px\" \/><\/a><\/figure>\n\n\n\n<figure class=\"wp-block-image size-large\"><a href=\"https:\/\/dfs-betriebssport.de\/wp-content\/uploads\/2024\/10\/DJI_0149_web.jpg\"><img loading=\"lazy\" decoding=\"async\" width=\"1024\" height=\"768\" data-id=\"1614\" src=\"https:\/\/dfs-betriebssport.de\/wp-content\/uploads\/2024\/10\/DJI_0149_web-1024x768.jpg\" alt=\"\" class=\"wp-image-1614\" srcset=\"https:\/\/dfs-betriebssport.de\/wp-content\/uploads\/2024\/10\/DJI_0149_web-1024x768.jpg 1024w, https:\/\/dfs-betriebssport.de\/wp-content\/uploads\/2024\/10\/DJI_0149_web-300x225.jpg 300w, https:\/\/dfs-betriebssport.de\/wp-content\/uploads\/2024\/10\/DJI_0149_web-768x576.jpg 768w, https:\/\/dfs-betriebssport.de\/wp-content\/uploads\/2024\/10\/DJI_0149_web-1536x1152.jpg 1536w, https:\/\/dfs-betriebssport.de\/wp-content\/uploads\/2024\/10\/DJI_0149_web.jpg 2000w\" sizes=\"auto, (max-width: 1024px) 100vw, 1024px\" \/><\/a><\/figure>\n\n\n\n<figure class=\"wp-block-image size-large\"><a href=\"https:\/\/dfs-betriebssport.de\/wp-content\/uploads\/2024\/10\/DJI_0159_web.jpg\"><img loading=\"lazy\" decoding=\"async\" width=\"1024\" height=\"768\" data-id=\"1619\" src=\"https:\/\/dfs-betriebssport.de\/wp-content\/uploads\/2024\/10\/DJI_0159_web-1024x768.jpg\" alt=\"\" class=\"wp-image-1619\" srcset=\"https:\/\/dfs-betriebssport.de\/wp-content\/uploads\/2024\/10\/DJI_0159_web-1024x768.jpg 1024w, https:\/\/dfs-betriebssport.de\/wp-content\/uploads\/2024\/10\/DJI_0159_web-300x225.jpg 300w, https:\/\/dfs-betriebssport.de\/wp-content\/uploads\/2024\/10\/DJI_0159_web-768x576.jpg 768w, https:\/\/dfs-betriebssport.de\/wp-content\/uploads\/2024\/10\/DJI_0159_web-1536x1152.jpg 1536w, https:\/\/dfs-betriebssport.de\/wp-content\/uploads\/2024\/10\/DJI_0159_web.jpg 2000w\" sizes=\"auto, (max-width: 1024px) 100vw, 1024px\" \/><\/a><\/figure>\n\n\n\n<figure class=\"wp-block-image size-large\"><a href=\"https:\/\/dfs-betriebssport.de\/wp-content\/uploads\/2024\/10\/DJI_0189_web.jpg\"><img loading=\"lazy\" decoding=\"async\" width=\"1024\" height=\"768\" data-id=\"1615\" src=\"https:\/\/dfs-betriebssport.de\/wp-content\/uploads\/2024\/10\/DJI_0189_web-1024x768.jpg\" alt=\"\" class=\"wp-image-1615\" srcset=\"https:\/\/dfs-betriebssport.de\/wp-content\/uploads\/2024\/10\/DJI_0189_web-1024x768.jpg 1024w, https:\/\/dfs-betriebssport.de\/wp-content\/uploads\/2024\/10\/DJI_0189_web-300x225.jpg 300w, https:\/\/dfs-betriebssport.de\/wp-content\/uploads\/2024\/10\/DJI_0189_web-768x576.jpg 768w, https:\/\/dfs-betriebssport.de\/wp-content\/uploads\/2024\/10\/DJI_0189_web-1536x1152.jpg 1536w, https:\/\/dfs-betriebssport.de\/wp-content\/uploads\/2024\/10\/DJI_0189_web.jpg 2000w\" sizes=\"auto, (max-width: 1024px) 100vw, 1024px\" \/><\/a><\/figure>\n\n\n\n<figure class=\"wp-block-image size-large\"><a href=\"https:\/\/dfs-betriebssport.de\/wp-content\/uploads\/2024\/10\/DJI_0202_web.jpg\"><img loading=\"lazy\" decoding=\"async\" width=\"1024\" height=\"768\" data-id=\"1618\" src=\"https:\/\/dfs-betriebssport.de\/wp-content\/uploads\/2024\/10\/DJI_0202_web-1024x768.jpg\" alt=\"\" class=\"wp-image-1618\" srcset=\"https:\/\/dfs-betriebssport.de\/wp-content\/uploads\/2024\/10\/DJI_0202_web-1024x768.jpg 1024w, https:\/\/dfs-betriebssport.de\/wp-content\/uploads\/2024\/10\/DJI_0202_web-300x225.jpg 300w, https:\/\/dfs-betriebssport.de\/wp-content\/uploads\/2024\/10\/DJI_0202_web-768x576.jpg 768w, https:\/\/dfs-betriebssport.de\/wp-content\/uploads\/2024\/10\/DJI_0202_web-1536x1152.jpg 1536w, https:\/\/dfs-betriebssport.de\/wp-content\/uploads\/2024\/10\/DJI_0202_web.jpg 2000w\" sizes=\"auto, (max-width: 1024px) 100vw, 1024px\" \/><\/a><\/figure>\n\n\n\n<figure class=\"wp-block-image size-large\"><a href=\"https:\/\/dfs-betriebssport.de\/wp-content\/uploads\/2024\/10\/IMG_2136_web.jpg\"><img loading=\"lazy\" decoding=\"async\" width=\"1024\" height=\"768\" data-id=\"1617\" src=\"https:\/\/dfs-betriebssport.de\/wp-content\/uploads\/2024\/10\/IMG_2136_web-1024x768.jpg\" alt=\"\" class=\"wp-image-1617\" srcset=\"https:\/\/dfs-betriebssport.de\/wp-content\/uploads\/2024\/10\/IMG_2136_web-1024x768.jpg 1024w, https:\/\/dfs-betriebssport.de\/wp-content\/uploads\/2024\/10\/IMG_2136_web-300x225.jpg 300w, https:\/\/dfs-betriebssport.de\/wp-content\/uploads\/2024\/10\/IMG_2136_web-768x576.jpg 768w, https:\/\/dfs-betriebssport.de\/wp-content\/uploads\/2024\/10\/IMG_2136_web-1536x1152.jpg 1536w, https:\/\/dfs-betriebssport.de\/wp-content\/uploads\/2024\/10\/IMG_2136_web.jpg 2000w\" sizes=\"auto, (max-width: 1024px) 100vw, 1024px\" \/><\/a><\/figure>\n\n\n\n<figure class=\"wp-block-image size-large\"><a href=\"https:\/\/dfs-betriebssport.de\/wp-content\/uploads\/2024\/10\/IMG_3859_web.jpg\"><img loading=\"lazy\" decoding=\"async\" width=\"1024\" height=\"768\" data-id=\"1622\" src=\"https:\/\/dfs-betriebssport.de\/wp-content\/uploads\/2024\/10\/IMG_3859_web-1024x768.jpg\" alt=\"\" class=\"wp-image-1622\" srcset=\"https:\/\/dfs-betriebssport.de\/wp-content\/uploads\/2024\/10\/IMG_3859_web-1024x768.jpg 1024w, https:\/\/dfs-betriebssport.de\/wp-content\/uploads\/2024\/10\/IMG_3859_web-300x225.jpg 300w, https:\/\/dfs-betriebssport.de\/wp-content\/uploads\/2024\/10\/IMG_3859_web-768x576.jpg 768w, https:\/\/dfs-betriebssport.de\/wp-content\/uploads\/2024\/10\/IMG_3859_web-1536x1152.jpg 1536w, https:\/\/dfs-betriebssport.de\/wp-content\/uploads\/2024\/10\/IMG_3859_web.jpg 2000w\" sizes=\"auto, (max-width: 1024px) 100vw, 1024px\" \/><\/a><\/figure>\n\n\n\n<figure class=\"wp-block-image size-large\"><a href=\"https:\/\/dfs-betriebssport.de\/wp-content\/uploads\/2024\/10\/IMG_4148_web.jpg\"><img loading=\"lazy\" decoding=\"async\" width=\"1024\" height=\"768\" data-id=\"1620\" src=\"https:\/\/dfs-betriebssport.de\/wp-content\/uploads\/2024\/10\/IMG_4148_web-1024x768.jpg\" alt=\"\" class=\"wp-image-1620\" srcset=\"https:\/\/dfs-betriebssport.de\/wp-content\/uploads\/2024\/10\/IMG_4148_web-1024x768.jpg 1024w, https:\/\/dfs-betriebssport.de\/wp-content\/uploads\/2024\/10\/IMG_4148_web-300x225.jpg 300w, https:\/\/dfs-betriebssport.de\/wp-content\/uploads\/2024\/10\/IMG_4148_web-768x576.jpg 768w, https:\/\/dfs-betriebssport.de\/wp-content\/uploads\/2024\/10\/IMG_4148_web-1536x1152.jpg 1536w, https:\/\/dfs-betriebssport.de\/wp-content\/uploads\/2024\/10\/IMG_4148_web.jpg 2000w\" sizes=\"auto, (max-width: 1024px) 100vw, 1024px\" \/><\/a><\/figure>\n\n\n\n<figure class=\"wp-block-image size-large\"><a href=\"https:\/\/dfs-betriebssport.de\/wp-content\/uploads\/2024\/10\/IMG_4202_web.jpg\"><img loading=\"lazy\" decoding=\"async\" width=\"1024\" height=\"768\" data-id=\"1626\" src=\"https:\/\/dfs-betriebssport.de\/wp-content\/uploads\/2024\/10\/IMG_4202_web-1024x768.jpg\" alt=\"\" class=\"wp-image-1626\" srcset=\"https:\/\/dfs-betriebssport.de\/wp-content\/uploads\/2024\/10\/IMG_4202_web-1024x768.jpg 1024w, https:\/\/dfs-betriebssport.de\/wp-content\/uploads\/2024\/10\/IMG_4202_web-300x225.jpg 300w, https:\/\/dfs-betriebssport.de\/wp-content\/uploads\/2024\/10\/IMG_4202_web-768x576.jpg 768w, https:\/\/dfs-betriebssport.de\/wp-content\/uploads\/2024\/10\/IMG_4202_web-1536x1152.jpg 1536w, https:\/\/dfs-betriebssport.de\/wp-content\/uploads\/2024\/10\/IMG_4202_web.jpg 2000w\" sizes=\"auto, (max-width: 1024px) 100vw, 1024px\" \/><\/a><\/figure>\n\n\n\n<figure class=\"wp-block-image size-large\"><a href=\"https:\/\/dfs-betriebssport.de\/wp-content\/uploads\/2024\/10\/IMG_4591_web.jpg\"><img loading=\"lazy\" decoding=\"async\" width=\"1024\" height=\"768\" data-id=\"1625\" src=\"https:\/\/dfs-betriebssport.de\/wp-content\/uploads\/2024\/10\/IMG_4591_web-1024x768.jpg\" alt=\"\" class=\"wp-image-1625\" srcset=\"https:\/\/dfs-betriebssport.de\/wp-content\/uploads\/2024\/10\/IMG_4591_web-1024x768.jpg 1024w, https:\/\/dfs-betriebssport.de\/wp-content\/uploads\/2024\/10\/IMG_4591_web-300x225.jpg 300w, https:\/\/dfs-betriebssport.de\/wp-content\/uploads\/2024\/10\/IMG_4591_web-768x576.jpg 768w, https:\/\/dfs-betriebssport.de\/wp-content\/uploads\/2024\/10\/IMG_4591_web-1536x1152.jpg 1536w, https:\/\/dfs-betriebssport.de\/wp-content\/uploads\/2024\/10\/IMG_4591_web.jpg 2000w\" sizes=\"auto, (max-width: 1024px) 100vw, 1024px\" \/><\/a><\/figure>\n\n\n\n<figure class=\"wp-block-image size-large\"><a href=\"https:\/\/dfs-betriebssport.de\/wp-content\/uploads\/2024\/10\/IMG_4644_web.jpg\"><img loading=\"lazy\" decoding=\"async\" width=\"1024\" height=\"768\" data-id=\"1624\" src=\"https:\/\/dfs-betriebssport.de\/wp-content\/uploads\/2024\/10\/IMG_4644_web-1024x768.jpg\" alt=\"\" class=\"wp-image-1624\" srcset=\"https:\/\/dfs-betriebssport.de\/wp-content\/uploads\/2024\/10\/IMG_4644_web-1024x768.jpg 1024w, https:\/\/dfs-betriebssport.de\/wp-content\/uploads\/2024\/10\/IMG_4644_web-300x225.jpg 300w, https:\/\/dfs-betriebssport.de\/wp-content\/uploads\/2024\/10\/IMG_4644_web-768x576.jpg 768w, https:\/\/dfs-betriebssport.de\/wp-content\/uploads\/2024\/10\/IMG_4644_web-1536x1152.jpg 1536w, https:\/\/dfs-betriebssport.de\/wp-content\/uploads\/2024\/10\/IMG_4644_web.jpg 2000w\" sizes=\"auto, (max-width: 1024px) 100vw, 1024px\" \/><\/a><\/figure>\n\n\n\n<figure class=\"wp-block-image size-large\"><a href=\"https:\/\/dfs-betriebssport.de\/wp-content\/uploads\/2024\/10\/IMG_4754_web.jpg\"><img loading=\"lazy\" decoding=\"async\" width=\"1024\" height=\"768\" data-id=\"1621\" src=\"https:\/\/dfs-betriebssport.de\/wp-content\/uploads\/2024\/10\/IMG_4754_web-1024x768.jpg\" alt=\"\" class=\"wp-image-1621\" srcset=\"https:\/\/dfs-betriebssport.de\/wp-content\/uploads\/2024\/10\/IMG_4754_web-1024x768.jpg 1024w, https:\/\/dfs-betriebssport.de\/wp-content\/uploads\/2024\/10\/IMG_4754_web-300x225.jpg 300w, https:\/\/dfs-betriebssport.de\/wp-content\/uploads\/2024\/10\/IMG_4754_web-768x576.jpg 768w, https:\/\/dfs-betriebssport.de\/wp-content\/uploads\/2024\/10\/IMG_4754_web-1536x1152.jpg 1536w, https:\/\/dfs-betriebssport.de\/wp-content\/uploads\/2024\/10\/IMG_4754_web.jpg 2000w\" sizes=\"auto, (max-width: 1024px) 100vw, 1024px\" \/><\/a><\/figure>\n<\/figure>\n","protected":false},"excerpt":{"rendered":"<p>Willkommen auf der Seite der Sparte Golfsport. \u00dcber uns Der Golfsport hat in den vergangenen Jahren gro\u00dfen Zulauf erlebt. Auch unter DFS-Kollegen l\u00e4sst sich ein wachsendes Interesse beobachten. Deshalb wurde die Sparte \u201eGolfsport\u201c im Verein etabliert.&nbsp; Golf ist nicht nur ein Sport f\u00fcr Profis, sondern auch eine beliebte Freizeitaktivit\u00e4t f\u00fcr viele Menschen jeden Alters. Wenn &hellip; <a href=\"https:\/\/dfs-betriebssport.de\/?page_id=1588\" class=\"more-link\"><span class=\"screen-reader-text\">Golf Langen<\/span> weiterlesen <span class=\"meta-nav\">&rarr;<\/span><\/a><\/p>\n","protected":false},"author":22,"featured_media":0,"parent":0,"menu_order":0,"comment_status":"closed","ping_status":"closed","template":"","meta":{"footnotes":""},"class_list":["post-1588","page","type-page","status-publish","hentry"],"_links":{"self":[{"href":"https:\/\/dfs-betriebssport.de\/index.php?rest_route=\/wp\/v2\/pages\/1588","targetHints":{"allow":["GET"]}}],"collection":[{"href":"https:\/\/dfs-betriebssport.de\/index.php?rest_route=\/wp\/v2\/pages"}],"about":[{"href":"https:\/\/dfs-betriebssport.de\/index.php?rest_route=\/wp\/v2\/types\/page"}],"author":[{"embeddable":true,"href":"https:\/\/dfs-betriebssport.de\/index.php?rest_route=\/wp\/v2\/users\/22"}],"replies":[{"embeddable":true,"href":"https:\/\/dfs-betriebssport.de\/index.php?rest_route=%2Fwp%2Fv2%2Fcomments&post=1588"}],"version-history":[{"count":23,"href":"https:\/\/dfs-betriebssport.de\/index.php?rest_route=\/wp\/v2\/pages\/1588\/revisions"}],"predecessor-version":[{"id":1947,"href":"https:\/\/dfs-betriebssport.de\/index.php?rest_route=\/wp\/v2\/pages\/1588\/revisions\/1947"}],"wp:attachment":[{"href":"https:\/\/dfs-betriebssport.de\/index.php?rest_route=%2Fwp%2Fv2%2Fmedia&parent=1588"}],"curies":[{"name":"wp","href":"https:\/\/api.w.org\/{rel}","templated":true}]}}