{"id":155,"date":"2015-02-20T14:17:04","date_gmt":"2015-02-20T13:17:04","guid":{"rendered":"http:\/\/dfs-betriebssport.de\/?page_id=155"},"modified":"2022-06-27T16:34:14","modified_gmt":"2022-06-27T15:34:14","slug":"fussball-karlsruhe","status":"publish","type":"page","link":"https:\/\/dfs-betriebssport.de\/?page_id=155","title":{"rendered":"Fu\u00dfball Karlsruhe"},"content":{"rendered":"<p>Herzlich willkommen!<\/p>\n<p><strong>Spartenleitung:<\/strong><br \/>\nSimon Sch\u00f6ndelen<br \/>\nKnut Kraft<\/p>\n<p><strong>\u00dcber uns:<\/strong><br \/>\nWir spielen kein Fu\u00dfball, wir zelebrieren ihn. Und das in jeder K\u00f6nnensstufe!<\/p>\n<p><strong>Trainings:<\/strong><br \/>\nTraining ist jeden Montag von 19.15 Uhr bis 20.45 Uhr in der Sportschule Sch\u00f6neck Karlsruhe.<\/p>\n<p><strong>Zusatzbeitrag f\u00fcr diese Sparte:<\/strong><br \/>\nPro Einheit wird ein kleiner Zusatzbeitrag genommen.<\/p>\n","protected":false},"excerpt":{"rendered":"<p>Herzlich willkommen! Spartenleitung: Simon Sch\u00f6ndelen Knut Kraft \u00dcber uns: Wir spielen kein Fu\u00dfball, wir zelebrieren ihn. Und das in jeder K\u00f6nnensstufe! Trainings: Training ist jeden Montag von 19.15 Uhr bis 20.45 Uhr in der Sportschule Sch\u00f6neck Karlsruhe. Zusatzbeitrag f\u00fcr diese Sparte: Pro Einheit wird ein kleiner Zusatzbeitrag genommen.<\/p>\n","protected":false},"author":20,"featured_media":0,"parent":0,"menu_order":0,"comment_status":"closed","ping_status":"closed","template":"","meta":{"footnotes":""},"class_list":["post-155","page","type-page","status-publish","hentry"],"_links":{"self":[{"href":"https:\/\/dfs-betriebssport.de\/index.php?rest_route=\/wp\/v2\/pages\/155","targetHints":{"allow":["GET"]}}],"collection":[{"href":"https:\/\/dfs-betriebssport.de\/index.php?rest_route=\/wp\/v2\/pages"}],"about":[{"href":"https:\/\/dfs-betriebssport.de\/index.php?rest_route=\/wp\/v2\/types\/page"}],"author":[{"embeddable":true,"href":"https:\/\/dfs-betriebssport.de\/index.php?rest_route=\/wp\/v2\/users\/20"}],"replies":[{"embeddable":true,"href":"https:\/\/dfs-betriebssport.de\/index.php?rest_route=%2Fwp%2Fv2%2Fcomments&post=155"}],"version-history":[{"count":4,"href":"https:\/\/dfs-betriebssport.de\/index.php?rest_route=\/wp\/v2\/pages\/155\/revisions"}],"predecessor-version":[{"id":1271,"href":"https:\/\/dfs-betriebssport.de\/index.php?rest_route=\/wp\/v2\/pages\/155\/revisions\/1271"}],"wp:attachment":[{"href":"https:\/\/dfs-betriebssport.de\/index.php?rest_route=%2Fwp%2Fv2%2Fmedia&parent=155"}],"curies":[{"name":"wp","href":"https:\/\/api.w.org\/{rel}","templated":true}]}}