{"id":1530,"date":"2024-06-07T09:14:00","date_gmt":"2024-06-07T08:14:00","guid":{"rendered":"https:\/\/dfs-betriebssport.de\/?page_id=1530"},"modified":"2024-10-21T21:22:44","modified_gmt":"2024-10-21T20:22:44","slug":"bouldern-langen","status":"publish","type":"page","link":"https:\/\/dfs-betriebssport.de\/?page_id=1530","title":{"rendered":"Bouldern &amp; Klettern Langen"},"content":{"rendered":"\n<p>Mit der Gruppierung \u201eBouldern &amp; Klettern Langen\u201c gibt es eine neue Sparte des DFS-Betriebssportvereins. Geplant ist, regelm\u00e4\u00dfig in verschiedenen Hallen im Rhein-Main-Gebiet zu bouldern und zu klettern.<\/p>\n\n\n\n<p>W\u00e4hrend man sich beim Bouldern ohne Sicherung an W\u00e4nden in Absprungh\u00f6he \u00fcber dicken Matten fortbewegt, und Technik, Kraft sowie Beweglichkeit trainiert, wird beim Klettern mit Seil und Sicherung die Ausdauer bis zum Erreichen der Hallendecke und die sichere Bewegung in der H\u00f6he in den Vordergrund gestellt.<\/p>\n\n\n\n<p>Die verschiedenen Kletterarten kann man f\u00fcr sich alleine wie beim Bouldern, zu zweit wie beim Klettern (durch die gegenseitige Sicherung), oder auch gesellig in Gruppen ausf\u00fchren.<\/p>\n\n\n\n<p>Boulderhallen:<\/p>\n\n\n\n<figure class=\"wp-block-gallery has-nested-images columns-default is-cropped wp-block-gallery-1 is-layout-flex wp-block-gallery-is-layout-flex\">\n<figure class=\"wp-block-image size-large\"><a href=\"https:\/\/dfs-betriebssport.de\/wp-content\/uploads\/2024\/10\/IMG_2630-scaled.jpeg\"><img loading=\"lazy\" decoding=\"async\" width=\"1024\" height=\"768\" data-id=\"1645\" src=\"https:\/\/dfs-betriebssport.de\/wp-content\/uploads\/2024\/10\/IMG_2630-1024x768.jpeg\" alt=\"\" class=\"wp-image-1645\" srcset=\"https:\/\/dfs-betriebssport.de\/wp-content\/uploads\/2024\/10\/IMG_2630-1024x768.jpeg 1024w, https:\/\/dfs-betriebssport.de\/wp-content\/uploads\/2024\/10\/IMG_2630-300x225.jpeg 300w, https:\/\/dfs-betriebssport.de\/wp-content\/uploads\/2024\/10\/IMG_2630-768x576.jpeg 768w, https:\/\/dfs-betriebssport.de\/wp-content\/uploads\/2024\/10\/IMG_2630-1536x1152.jpeg 1536w, https:\/\/dfs-betriebssport.de\/wp-content\/uploads\/2024\/10\/IMG_2630-2048x1536.jpeg 2048w\" sizes=\"auto, (max-width: 1024px) 100vw, 1024px\" \/><\/a><\/figure>\n\n\n\n<figure class=\"wp-block-image size-large\"><a href=\"https:\/\/dfs-betriebssport.de\/wp-content\/uploads\/2024\/10\/IMG_3217-scaled.jpg\"><img loading=\"lazy\" decoding=\"async\" width=\"768\" height=\"1024\" data-id=\"1644\" src=\"https:\/\/dfs-betriebssport.de\/wp-content\/uploads\/2024\/10\/IMG_3217-768x1024.jpg\" alt=\"\" class=\"wp-image-1644\" srcset=\"https:\/\/dfs-betriebssport.de\/wp-content\/uploads\/2024\/10\/IMG_3217-768x1024.jpg 768w, https:\/\/dfs-betriebssport.de\/wp-content\/uploads\/2024\/10\/IMG_3217-225x300.jpg 225w, https:\/\/dfs-betriebssport.de\/wp-content\/uploads\/2024\/10\/IMG_3217-1152x1536.jpg 1152w, https:\/\/dfs-betriebssport.de\/wp-content\/uploads\/2024\/10\/IMG_3217-1536x2048.jpg 1536w, https:\/\/dfs-betriebssport.de\/wp-content\/uploads\/2024\/10\/IMG_3217-scaled.jpg 1920w\" sizes=\"auto, (max-width: 768px) 100vw, 768px\" \/><\/a><\/figure>\n\n\n\n<figure class=\"wp-block-image size-large\"><a href=\"https:\/\/dfs-betriebssport.de\/wp-content\/uploads\/2024\/10\/IMG_3220-scaled.jpg\"><img loading=\"lazy\" decoding=\"async\" width=\"768\" height=\"1024\" data-id=\"1647\" src=\"https:\/\/dfs-betriebssport.de\/wp-content\/uploads\/2024\/10\/IMG_3220-768x1024.jpg\" alt=\"\" class=\"wp-image-1647\" srcset=\"https:\/\/dfs-betriebssport.de\/wp-content\/uploads\/2024\/10\/IMG_3220-768x1024.jpg 768w, https:\/\/dfs-betriebssport.de\/wp-content\/uploads\/2024\/10\/IMG_3220-225x300.jpg 225w, https:\/\/dfs-betriebssport.de\/wp-content\/uploads\/2024\/10\/IMG_3220-1152x1536.jpg 1152w, https:\/\/dfs-betriebssport.de\/wp-content\/uploads\/2024\/10\/IMG_3220-1536x2048.jpg 1536w, https:\/\/dfs-betriebssport.de\/wp-content\/uploads\/2024\/10\/IMG_3220-scaled.jpg 1920w\" sizes=\"auto, (max-width: 768px) 100vw, 768px\" \/><\/a><\/figure>\n\n\n\n<figure class=\"wp-block-image size-large\"><a href=\"https:\/\/dfs-betriebssport.de\/wp-content\/uploads\/2024\/10\/IMG_2647-scaled.jpeg\"><img loading=\"lazy\" decoding=\"async\" width=\"1024\" height=\"768\" data-id=\"1648\" src=\"https:\/\/dfs-betriebssport.de\/wp-content\/uploads\/2024\/10\/IMG_2647-1024x768.jpeg\" alt=\"\" class=\"wp-image-1648\" srcset=\"https:\/\/dfs-betriebssport.de\/wp-content\/uploads\/2024\/10\/IMG_2647-1024x768.jpeg 1024w, https:\/\/dfs-betriebssport.de\/wp-content\/uploads\/2024\/10\/IMG_2647-300x225.jpeg 300w, https:\/\/dfs-betriebssport.de\/wp-content\/uploads\/2024\/10\/IMG_2647-768x576.jpeg 768w, https:\/\/dfs-betriebssport.de\/wp-content\/uploads\/2024\/10\/IMG_2647-1536x1152.jpeg 1536w, https:\/\/dfs-betriebssport.de\/wp-content\/uploads\/2024\/10\/IMG_2647-2048x1536.jpeg 2048w\" sizes=\"auto, (max-width: 1024px) 100vw, 1024px\" \/><\/a><\/figure>\n\n\n\n<figure class=\"wp-block-image size-large\"><a href=\"https:\/\/dfs-betriebssport.de\/wp-content\/uploads\/2024\/10\/IMG_2666-scaled.jpeg\"><img loading=\"lazy\" decoding=\"async\" width=\"1024\" height=\"768\" data-id=\"1646\" src=\"https:\/\/dfs-betriebssport.de\/wp-content\/uploads\/2024\/10\/IMG_2666-1024x768.jpeg\" alt=\"\" class=\"wp-image-1646\" srcset=\"https:\/\/dfs-betriebssport.de\/wp-content\/uploads\/2024\/10\/IMG_2666-1024x768.jpeg 1024w, https:\/\/dfs-betriebssport.de\/wp-content\/uploads\/2024\/10\/IMG_2666-300x225.jpeg 300w, https:\/\/dfs-betriebssport.de\/wp-content\/uploads\/2024\/10\/IMG_2666-768x576.jpeg 768w, https:\/\/dfs-betriebssport.de\/wp-content\/uploads\/2024\/10\/IMG_2666-1536x1152.jpeg 1536w, https:\/\/dfs-betriebssport.de\/wp-content\/uploads\/2024\/10\/IMG_2666-2048x1536.jpeg 2048w\" sizes=\"auto, (max-width: 1024px) 100vw, 1024px\" \/><\/a><\/figure>\n<\/figure>\n\n\n\n<p>Kletter-au\u00dfengel\u00e4nde:<\/p>\n\n\n\n<figure class=\"wp-block-gallery has-nested-images columns-default is-cropped wp-block-gallery-2 is-layout-flex wp-block-gallery-is-layout-flex\">\n<figure class=\"wp-block-image size-large\"><a href=\"https:\/\/dfs-betriebssport.de\/wp-content\/uploads\/2024\/10\/IMG_6160-scaled.jpg\"><img loading=\"lazy\" decoding=\"async\" width=\"1024\" height=\"768\" data-id=\"1653\" src=\"https:\/\/dfs-betriebssport.de\/wp-content\/uploads\/2024\/10\/IMG_6160-1024x768.jpg\" alt=\"\" class=\"wp-image-1653\" srcset=\"https:\/\/dfs-betriebssport.de\/wp-content\/uploads\/2024\/10\/IMG_6160-1024x768.jpg 1024w, https:\/\/dfs-betriebssport.de\/wp-content\/uploads\/2024\/10\/IMG_6160-300x225.jpg 300w, https:\/\/dfs-betriebssport.de\/wp-content\/uploads\/2024\/10\/IMG_6160-768x576.jpg 768w, https:\/\/dfs-betriebssport.de\/wp-content\/uploads\/2024\/10\/IMG_6160-1536x1152.jpg 1536w, https:\/\/dfs-betriebssport.de\/wp-content\/uploads\/2024\/10\/IMG_6160-2048x1536.jpg 2048w\" sizes=\"auto, (max-width: 1024px) 100vw, 1024px\" \/><\/a><\/figure>\n\n\n\n<figure class=\"wp-block-image size-large\"><a href=\"https:\/\/dfs-betriebssport.de\/wp-content\/uploads\/2024\/10\/IMG_6177-scaled.jpg\"><img loading=\"lazy\" decoding=\"async\" width=\"1024\" height=\"768\" data-id=\"1651\" src=\"https:\/\/dfs-betriebssport.de\/wp-content\/uploads\/2024\/10\/IMG_6177-1024x768.jpg\" alt=\"\" class=\"wp-image-1651\" srcset=\"https:\/\/dfs-betriebssport.de\/wp-content\/uploads\/2024\/10\/IMG_6177-1024x768.jpg 1024w, https:\/\/dfs-betriebssport.de\/wp-content\/uploads\/2024\/10\/IMG_6177-300x225.jpg 300w, https:\/\/dfs-betriebssport.de\/wp-content\/uploads\/2024\/10\/IMG_6177-768x576.jpg 768w, https:\/\/dfs-betriebssport.de\/wp-content\/uploads\/2024\/10\/IMG_6177-1536x1152.jpg 1536w, https:\/\/dfs-betriebssport.de\/wp-content\/uploads\/2024\/10\/IMG_6177-2048x1536.jpg 2048w\" sizes=\"auto, (max-width: 1024px) 100vw, 1024px\" \/><\/a><\/figure>\n\n\n\n<figure class=\"wp-block-image size-large\"><a href=\"https:\/\/dfs-betriebssport.de\/wp-content\/uploads\/2024\/10\/IMG_4496-scaled.jpeg\"><img loading=\"lazy\" decoding=\"async\" width=\"768\" height=\"1024\" data-id=\"1652\" src=\"https:\/\/dfs-betriebssport.de\/wp-content\/uploads\/2024\/10\/IMG_4496-768x1024.jpeg\" alt=\"\" class=\"wp-image-1652\" srcset=\"https:\/\/dfs-betriebssport.de\/wp-content\/uploads\/2024\/10\/IMG_4496-768x1024.jpeg 768w, https:\/\/dfs-betriebssport.de\/wp-content\/uploads\/2024\/10\/IMG_4496-225x300.jpeg 225w, https:\/\/dfs-betriebssport.de\/wp-content\/uploads\/2024\/10\/IMG_4496-1152x1536.jpeg 1152w, https:\/\/dfs-betriebssport.de\/wp-content\/uploads\/2024\/10\/IMG_4496-1536x2048.jpeg 1536w, https:\/\/dfs-betriebssport.de\/wp-content\/uploads\/2024\/10\/IMG_4496-scaled.jpeg 1920w\" sizes=\"auto, (max-width: 768px) 100vw, 768px\" \/><\/a><\/figure>\n<\/figure>\n\n\n\n<p>Sie sind ein ideales Ganzk\u00f6rpertraining mit positiven Effekten f\u00fcr K\u00f6rper und Geist. Gef\u00f6rdert werden dabei Koordination, Kraft, Beweglichkeit, taktisches Denken und Geduld.<\/p>\n\n\n\n<p>Die Sparte \u201eBouldern\/Klettern\u201c sucht weitere Mitstreiter f\u00fcr die erfolgreiche \u00dcberwindung der zirka drei Meter bis 18 Meter hohen W\u00e4nde.<\/p>\n\n\n\n<p>Erfahrene sowie Neueinsteiger sind herzlich willkommen. Jeder kann nach eigener Leistungsf\u00e4higkeit so weit oder so hoch klettern, wie er m\u00f6chte. Ausr\u00fcstung (Kletterschuhe beziehungweise Sicherungsgurt und -Ger\u00e4t beim Klettern) k\u00f6nnen in den Hallen geliehen oder erworben werden.<\/p>\n\n\n\n<p>Bei ausreichenden Interessenten ist geplant, gemeinsam einen Sicherungskurs (Toprope oder Vorsteigen) im Klettern zu besuchen (vermutlich zwei Termine zu jeweils drei Stunden).<\/p>\n\n\n\n<p>Die ersten Schritte im Bouldern k\u00f6nnen auch kurzfristiger unter Betreuung der Spartenleitung oder anderen Spartenmitgliedern geplant werden.<\/p>\n\n\n\n<p>Je nach voriger Absprache versuchen wir uns mehrmals im Monat an einem der folgenden Orte zu treffen:<\/p>\n\n\n\n<ul class=\"wp-block-list\">\n<li>Boulderhaus Darmstadt (Bouldern)<\/li>\n\n\n\n<li>StudioBloc Pfungstadt (Bouldern)<\/li>\n\n\n\n<li>Dynochrom Frankfurt (Bouldern)<\/li>\n\n\n\n<li>Kletterbar Offenbach (Klettern mit Seil und Sicherung)<\/li>\n\n\n\n<li>DAV Kletterzentrum Darmstadt (Klettern mit Seil und Sicherung)<\/li>\n\n\n\n<li>DAV Kletterzentrum Frankfurt (Klettern mit Seil und Sicherung)<\/li>\n\n\n\n<li>DAV Vereinsgel\u00e4nde Heubach&nbsp;bei Gro\u00df-Umstadt (DAV Mitgliedschaft notwendig)<\/li>\n\n\n\n<li>Die Liste wird weiter ausgebaut.<\/li>\n<\/ul>\n\n\n\n<p>Gerne auch mit einem gemeinsamen Kaltgetr\u00e4nk der Wahl im Nachhinein. Die meisten Hallen bieten auch eine kleine K\u00fcche an, zum Beispiel mit Pizza oder Flammkuchen.<\/p>\n\n\n\n<p>Interessierte k\u00f6nnen sich gerne an die Spartenleitung (klettern@dfs-betriebssport.de) wenden.<\/p>\n","protected":false},"excerpt":{"rendered":"<p>Mit der Gruppierung \u201eBouldern &amp; Klettern Langen\u201c gibt es eine neue Sparte des DFS-Betriebssportvereins. Geplant ist, regelm\u00e4\u00dfig in verschiedenen Hallen im Rhein-Main-Gebiet zu bouldern und zu klettern. W\u00e4hrend man sich beim Bouldern ohne Sicherung an W\u00e4nden in Absprungh\u00f6he \u00fcber dicken Matten fortbewegt, und Technik, Kraft sowie Beweglichkeit trainiert, wird beim Klettern mit Seil und Sicherung &hellip; <a href=\"https:\/\/dfs-betriebssport.de\/?page_id=1530\" class=\"more-link\"><span class=\"screen-reader-text\">Bouldern &amp; Klettern Langen<\/span> weiterlesen <span class=\"meta-nav\">&rarr;<\/span><\/a><\/p>\n","protected":false},"author":21,"featured_media":0,"parent":0,"menu_order":0,"comment_status":"closed","ping_status":"closed","template":"","meta":{"footnotes":""},"class_list":["post-1530","page","type-page","status-publish","hentry"],"_links":{"self":[{"href":"https:\/\/dfs-betriebssport.de\/index.php?rest_route=\/wp\/v2\/pages\/1530","targetHints":{"allow":["GET"]}}],"collection":[{"href":"https:\/\/dfs-betriebssport.de\/index.php?rest_route=\/wp\/v2\/pages"}],"about":[{"href":"https:\/\/dfs-betriebssport.de\/index.php?rest_route=\/wp\/v2\/types\/page"}],"author":[{"embeddable":true,"href":"https:\/\/dfs-betriebssport.de\/index.php?rest_route=\/wp\/v2\/users\/21"}],"replies":[{"embeddable":true,"href":"https:\/\/dfs-betriebssport.de\/index.php?rest_route=%2Fwp%2Fv2%2Fcomments&post=1530"}],"version-history":[{"count":5,"href":"https:\/\/dfs-betriebssport.de\/index.php?rest_route=\/wp\/v2\/pages\/1530\/revisions"}],"predecessor-version":[{"id":1654,"href":"https:\/\/dfs-betriebssport.de\/index.php?rest_route=\/wp\/v2\/pages\/1530\/revisions\/1654"}],"wp:attachment":[{"href":"https:\/\/dfs-betriebssport.de\/index.php?rest_route=%2Fwp%2Fv2%2Fmedia&parent=1530"}],"curies":[{"name":"wp","href":"https:\/\/api.w.org\/{rel}","templated":true}]}}