{"id":15,"date":"2014-10-09T11:19:45","date_gmt":"2014-10-09T10:19:45","guid":{"rendered":"http:\/\/dfs-betriebssport.de\/?page_id=15"},"modified":"2024-03-23T00:10:40","modified_gmt":"2024-03-22T23:10:40","slug":"ueber-den-verein","status":"publish","type":"page","link":"https:\/\/dfs-betriebssport.de\/?page_id=15","title":{"rendered":"\u00dcber den Verein"},"content":{"rendered":"<p>Der DFS Betriebssportverein e.V. wurde am 7.2.2013 gegr\u00fcndet und ist seit August 2013 ein eingetragener Verein. Seit 13.12.2016 ist der DFS Betriebssportverein als gemeinn\u00fctziger Verein zur F\u00f6rderung des Sports offiziell anerkannt. Der Betriebssportverein gibt den vielf\u00e4ltigen sportlichen Aktivit\u00e4ten in der DFS einen organisatorischen Rahmen. Er erm\u00f6glicht es den Betriebssport finanziell zu f\u00f6rdern und den Mitgliedern einen umfassenden Versicherungsschutz zu gew\u00e4hrleisten.<\/p>\n<p><strong>Aktueller Vorstand des DFS Betriebssportvereins (seit 13.12.2022):<\/strong><\/p>\n<ul>\n<li><strong>Sandra Stark<\/strong>, Vorsitzende<\/li>\n<li><strong>Michael Staudt<\/strong>, 2. Vorsitzender<\/li>\n<li><strong>Boris Berdon<\/strong>, Schatzmeister<\/li>\n<li><strong>Thorsten Wortmann<\/strong>, Beisitzer<\/li>\n<li><strong>Alexander Roth<\/strong>, Schriftf\u00fchrer<\/li>\n<\/ul>\n<p><a href=\"https:\/\/dfs-betriebssport.de\/wp-content\/uploads\/2023\/01\/Neuer-Vorstand-BSV-DFS-Variante-1-scaled.jpg\"><img loading=\"lazy\" decoding=\"async\" class=\"alignnone wp-image-1344 \" src=\"https:\/\/dfs-betriebssport.de\/wp-content\/uploads\/2023\/01\/Neuer-Vorstand-BSV-DFS-Variante-1-300x199.jpg\" alt=\"\" width=\"636\" height=\"422\" srcset=\"https:\/\/dfs-betriebssport.de\/wp-content\/uploads\/2023\/01\/Neuer-Vorstand-BSV-DFS-Variante-1-300x199.jpg 300w, https:\/\/dfs-betriebssport.de\/wp-content\/uploads\/2023\/01\/Neuer-Vorstand-BSV-DFS-Variante-1-1024x678.jpg 1024w, https:\/\/dfs-betriebssport.de\/wp-content\/uploads\/2023\/01\/Neuer-Vorstand-BSV-DFS-Variante-1-768x509.jpg 768w, https:\/\/dfs-betriebssport.de\/wp-content\/uploads\/2023\/01\/Neuer-Vorstand-BSV-DFS-Variante-1-1536x1017.jpg 1536w, https:\/\/dfs-betriebssport.de\/wp-content\/uploads\/2023\/01\/Neuer-Vorstand-BSV-DFS-Variante-1-2048x1356.jpg 2048w\" sizes=\"auto, (max-width: 636px) 100vw, 636px\" \/><\/a><\/p>\n<p><strong>Weitere Informationen:<\/strong><\/p>\n<ul>\n<li>&nbsp; <strong><a title=\"So finanziert sich der DFS Betriebssportverein\" href=\"https:\/\/dfs-betriebssport.de\/?page_id=91\">So finanziert sich der DFS Betriebssportverein e.V.<\/a><\/strong><\/li>\n<li>&nbsp; <a href=\"https:\/\/dfs-betriebssport.de\/wp-content\/uploads\/2017\/04\/DFS-BSV-Satzung-Stand-5.9.2016.pdf\">Satzung des Vereins (aktuell g\u00fcltige Version: Stand 5.9.2016)<\/a><\/li>\n<li>&nbsp; <a href=\"https:\/\/dfs-betriebssport.de\/wp-content\/uploads\/2024\/03\/Finanzordnung-DFS-Betriebssportverein.pdf\">Aktuell g\u00fcltige Finanzordnung des Vereins<\/a><\/li>\n<li>&nbsp; <a href=\"https:\/\/dfs-betriebssport.de\/wp-content\/uploads\/2024\/03\/DFS-Betriebssport-Aufnahmeformular-Stand-21.03.2024-mit-DSVGO.pdf\" data-wplink-edit=\"true\">Mitgliedsantrag<\/a><\/li>\n<\/ul>\n","protected":false},"excerpt":{"rendered":"<p>Der DFS Betriebssportverein e.V. wurde am 7.2.2013 gegr\u00fcndet und ist seit August 2013 ein eingetragener Verein. Seit 13.12.2016 ist der DFS Betriebssportverein als gemeinn\u00fctziger Verein zur F\u00f6rderung des Sports offiziell anerkannt. Der Betriebssportverein gibt den vielf\u00e4ltigen sportlichen Aktivit\u00e4ten in der DFS einen organisatorischen Rahmen. Er erm\u00f6glicht es den Betriebssport finanziell zu f\u00f6rdern und den Mitgliedern &hellip; <a href=\"https:\/\/dfs-betriebssport.de\/?page_id=15\" class=\"more-link\"><span class=\"screen-reader-text\">\u00dcber den Verein<\/span> weiterlesen <span class=\"meta-nav\">&rarr;<\/span><\/a><\/p>\n","protected":false},"author":1,"featured_media":0,"parent":0,"menu_order":0,"comment_status":"closed","ping_status":"closed","template":"","meta":{"footnotes":""},"class_list":["post-15","page","type-page","status-publish","hentry"],"_links":{"self":[{"href":"https:\/\/dfs-betriebssport.de\/index.php?rest_route=\/wp\/v2\/pages\/15","targetHints":{"allow":["GET"]}}],"collection":[{"href":"https:\/\/dfs-betriebssport.de\/index.php?rest_route=\/wp\/v2\/pages"}],"about":[{"href":"https:\/\/dfs-betriebssport.de\/index.php?rest_route=\/wp\/v2\/types\/page"}],"author":[{"embeddable":true,"href":"https:\/\/dfs-betriebssport.de\/index.php?rest_route=\/wp\/v2\/users\/1"}],"replies":[{"embeddable":true,"href":"https:\/\/dfs-betriebssport.de\/index.php?rest_route=%2Fwp%2Fv2%2Fcomments&post=15"}],"version-history":[{"count":25,"href":"https:\/\/dfs-betriebssport.de\/index.php?rest_route=\/wp\/v2\/pages\/15\/revisions"}],"predecessor-version":[{"id":1500,"href":"https:\/\/dfs-betriebssport.de\/index.php?rest_route=\/wp\/v2\/pages\/15\/revisions\/1500"}],"wp:attachment":[{"href":"https:\/\/dfs-betriebssport.de\/index.php?rest_route=%2Fwp%2Fv2%2Fmedia&parent=15"}],"curies":[{"name":"wp","href":"https:\/\/api.w.org\/{rel}","templated":true}]}}