{"id":136,"date":"2015-02-20T10:03:59","date_gmt":"2015-02-20T09:03:59","guid":{"rendered":"http:\/\/dfs-betriebssport.de\/?page_id=136"},"modified":"2020-11-09T11:28:12","modified_gmt":"2020-11-09T10:28:12","slug":"sportangebot-muenchen","status":"publish","type":"page","link":"https:\/\/dfs-betriebssport.de\/?page_id=136","title":{"rendered":"Regionalsparte M\u00fcnchen"},"content":{"rendered":"<p>Herzlich willkommen bei der Regionalsportsparte M\u00fcnchen des DFS-Betriebssportvereins!<\/p>\n<p><strong>Spartenleitung:<\/strong><br \/>\nHerr Florian Bauer, Email:&nbsp;<a href=\"https:\/\/dfs-betriebssport.de\/wp-content\/uploads\/2015\/02\/email-bauer.jpg\"><img loading=\"lazy\" decoding=\"async\" class=\"alignnone size-full wp-image-210\" src=\"https:\/\/dfs-betriebssport.de\/wp-content\/uploads\/2015\/02\/email-bauer.jpg\" alt=\"email-bauer\" width=\"155\" height=\"21\" srcset=\"https:\/\/dfs-betriebssport.de\/wp-content\/uploads\/2015\/02\/email-bauer.jpg 155w, https:\/\/dfs-betriebssport.de\/wp-content\/uploads\/2015\/02\/email-bauer-150x21.jpg 150w\" sizes=\"auto, (max-width: 155px) 100vw, 155px\" \/><\/a><\/p>\n<p><strong>\u00dcber uns:<\/strong><br \/>\nDie Betriebssportgruppe M\u00fcnchen umfasst momentan 16 Mitglieder. Haupts\u00e4chlich sind wir zusammen auf dem Rennrad unterwegs. Der ein oder andere schn\u00fcrt sich aber auch schonmal die Laufschuhe.<br \/>\nUnser n\u00e4chster gemeinsamer Auftritt wird am 03. Mai 2015 beim Achensee Marathon sein. Dort geht es \u00fcber 168 k<a href=\"https:\/\/dfs-betriebssport.de\/wp-content\/uploads\/2015\/02\/Radler-muc-1.jpg\"><img loading=\"lazy\" decoding=\"async\" class=\" size-medium wp-image-368 alignleft\" src=\"https:\/\/dfs-betriebssport.de\/wp-content\/uploads\/2015\/02\/Radler-muc-1-300x225.jpg\" alt=\"Radler-muc-1\" width=\"300\" height=\"225\" srcset=\"https:\/\/dfs-betriebssport.de\/wp-content\/uploads\/2015\/02\/Radler-muc-1-300x225.jpg 300w, https:\/\/dfs-betriebssport.de\/wp-content\/uploads\/2015\/02\/Radler-muc-1.jpg 640w\" sizes=\"auto, (max-width: 300px) 100vw, 300px\" \/><\/a>m und 1500 hm.<br \/>\nAm 12. Mai findet dann der diesj\u00e4hrige M\u00fcnchener Airportlauf statt.<br \/>\nAuf dem Rennrad trainieren wir regelm\u00e4ssig aber aufgrund des Schichtdienstes nie zu bestimmten Zeiten.<br \/>\nZus\u00e4tzlich engagieren wir uns auch f\u00fcr die Aktion &#8222;Muskeln f\u00fcr Muskeln&#8220;. Eine Aktion, die ich, Florian&nbsp;Bauer, vor 6 Jahren mit zwei guten Freunden gegr\u00fcndet habe.<\/p>\n<p><strong>Sportler als Botschafter f\u00fcr SMA<\/strong><br \/>\n<em>Sport ist eine der beliebtesten Freizeitbesch\u00e4ftigungen. Allein in Deutschland gehen Millionen von Menschen in Tausenden von Sportvereinen, Fitness-Studios oder unorganisiert den unterschiedlichsten Sportarten nach. Sport ist ein ideales Mittel, um sich k\u00f6rperlich und geistig fit zu halten, gut auszuschauen, sich wohl zu f\u00fchlen und auch mental wieder Kraft zu sammeln. Sport motiviert, st\u00e4rkt Charaktereigenschaften und f\u00f6rdert den Teamgeist. Eines ist f\u00fcr alle Sportarten unerl\u00e4sslich und f\u00fcr die, die Sport treiben, selbstverst\u00e4ndlich: die Muskelkraft. Sportler brauchen Muskeln, um zu laufen, zu rennen, zu springen, zu werfen, zu schlagen, Rad zu fahren u.s.w.<\/em><\/p>\n<p><em>Menschen mit Spinaler Muskelatrophie k\u00f6nnen dies nicht. Schon bei einfachsten motorischen Bewegungen, ja sogar zum Essen, Trinken und bei jeglicher Art der Fortbewegung, sind sie in der Regel auf fremde Hilfe angewiesen, da ihre Muskelkraft nicht ausreicht. Gerade f\u00fcr Sportler ist das Gef\u00fchl der teilweisen oder vollst\u00e4ndigen Bewegungsunf\u00e4higkeit direkt nachvollziehbar. Schon ein starker Muskelkater verhindert oder schr\u00e4nkt die Aus\u00fcbung unserer Sportarten ein. Was w\u00fcrde f\u00fcr einen Sportler der Verlust seiner Muskelkraft bedeuten? K\u00f6nnt Ihr Euch ein Leben ohne Eure liebgewonnene Sportart vorstellen? Wir nicht. Daher sind f\u00fcr uns Sportler die idealen Botschafter unserer Aktion und somit f\u00fcr SMA.<\/em><\/p>\n<p><strong>Unsere Idee und unsere Ziele<\/strong><br \/>\n<em>Muskelgesunde, Sport treibende Menschen setzen sich f\u00fcr muskelkranke, an SMA leidende Menschen ein, indem sie w\u00e4hrend der Aus\u00fcbung ihrer Sportart als SMA-Botschafter auf die Krankheit aufmerksam machen. So soll der Bekanntheitsgrad einer nahezu unbekannten Krankheit gesteigert und die Schaffung einer Lobby f\u00fcr SMA unterst\u00fctzt werden. Die Aktion Muskeln f\u00fcr Muskeln will damit einen Beitrag leisten, eine Therapie f\u00fcr SMA zu finden.<\/em><\/p>\n<p><strong><em>Weitere Information findet ihr auf&nbsp;<a href=\"http:\/\/www.muskeln-fuer-muskeln.org\">http:\/\/www.muskeln-fuer-muskeln.org<\/a><\/em><br \/>\n<\/strong><\/p>\n<p><a href=\"https:\/\/dfs-betriebssport.de\/wp-content\/uploads\/2015\/02\/Radler-muc-3.jpg\"><img loading=\"lazy\" decoding=\"async\" class=\"alignnone wp-image-370 size-full\" src=\"https:\/\/dfs-betriebssport.de\/wp-content\/uploads\/2015\/02\/Radler-muc-3.jpg\" alt=\"Radler-muc-3\" width=\"640\" height=\"480\" srcset=\"https:\/\/dfs-betriebssport.de\/wp-content\/uploads\/2015\/02\/Radler-muc-3.jpg 640w, https:\/\/dfs-betriebssport.de\/wp-content\/uploads\/2015\/02\/Radler-muc-3-300x225.jpg 300w\" sizes=\"auto, (max-width: 640px) 100vw, 640px\" \/><\/a> <a href=\"https:\/\/dfs-betriebssport.de\/wp-content\/uploads\/2015\/02\/Radler-muc-2.jpg\"><img loading=\"lazy\" decoding=\"async\" class=\"alignnone size-full wp-image-369\" src=\"https:\/\/dfs-betriebssport.de\/wp-content\/uploads\/2015\/02\/Radler-muc-2.jpg\" alt=\"Radler-muc-2\" width=\"640\" height=\"480\" srcset=\"https:\/\/dfs-betriebssport.de\/wp-content\/uploads\/2015\/02\/Radler-muc-2.jpg 640w, https:\/\/dfs-betriebssport.de\/wp-content\/uploads\/2015\/02\/Radler-muc-2-300x225.jpg 300w\" sizes=\"auto, (max-width: 640px) 100vw, 640px\" \/><\/a><\/p>\n","protected":false},"excerpt":{"rendered":"<p>Herzlich willkommen bei der Regionalsportsparte M\u00fcnchen des DFS-Betriebssportvereins! Spartenleitung: Herr Florian Bauer, Email:&nbsp; \u00dcber uns: Die Betriebssportgruppe M\u00fcnchen umfasst momentan 16 Mitglieder. Haupts\u00e4chlich sind wir zusammen auf dem Rennrad unterwegs. Der ein oder andere schn\u00fcrt sich aber auch schonmal die Laufschuhe. Unser n\u00e4chster gemeinsamer Auftritt wird am 03. Mai 2015 beim Achensee Marathon sein. Dort &hellip; <a href=\"https:\/\/dfs-betriebssport.de\/?page_id=136\" class=\"more-link\"><span class=\"screen-reader-text\">Regionalsparte M\u00fcnchen<\/span> weiterlesen <span class=\"meta-nav\">&rarr;<\/span><\/a><\/p>\n","protected":false},"author":1,"featured_media":0,"parent":0,"menu_order":0,"comment_status":"closed","ping_status":"closed","template":"","meta":{"footnotes":""},"class_list":["post-136","page","type-page","status-publish","hentry"],"_links":{"self":[{"href":"https:\/\/dfs-betriebssport.de\/index.php?rest_route=\/wp\/v2\/pages\/136","targetHints":{"allow":["GET"]}}],"collection":[{"href":"https:\/\/dfs-betriebssport.de\/index.php?rest_route=\/wp\/v2\/pages"}],"about":[{"href":"https:\/\/dfs-betriebssport.de\/index.php?rest_route=\/wp\/v2\/types\/page"}],"author":[{"embeddable":true,"href":"https:\/\/dfs-betriebssport.de\/index.php?rest_route=\/wp\/v2\/users\/1"}],"replies":[{"embeddable":true,"href":"https:\/\/dfs-betriebssport.de\/index.php?rest_route=%2Fwp%2Fv2%2Fcomments&post=136"}],"version-history":[{"count":5,"href":"https:\/\/dfs-betriebssport.de\/index.php?rest_route=\/wp\/v2\/pages\/136\/revisions"}],"predecessor-version":[{"id":1163,"href":"https:\/\/dfs-betriebssport.de\/index.php?rest_route=\/wp\/v2\/pages\/136\/revisions\/1163"}],"wp:attachment":[{"href":"https:\/\/dfs-betriebssport.de\/index.php?rest_route=%2Fwp%2Fv2%2Fmedia&parent=136"}],"curies":[{"name":"wp","href":"https:\/\/api.w.org\/{rel}","templated":true}]}}