{"id":1230,"date":"2021-11-17T10:53:26","date_gmt":"2021-11-17T09:53:26","guid":{"rendered":"https:\/\/dfs-betriebssport.de\/?page_id=1230"},"modified":"2022-01-16T21:43:36","modified_gmt":"2022-01-16T20:43:36","slug":"fussball-muenchen","status":"publish","type":"page","link":"https:\/\/dfs-betriebssport.de\/?page_id=1230","title":{"rendered":"Fussball M\u00fcnchen"},"content":{"rendered":"\n<p>Herzlich Willkommen bei der M\u00fcnchner  Fu\u00dfballsparte des DFS-Betriebssportvereins<\/p>\n\n\n\n<figure class=\"wp-block-image size-large\"><a href=\"https:\/\/dfs-betriebssport.de\/wp-content\/uploads\/2022\/01\/thumbnail_IMG_3415-1.jpg\"><img loading=\"lazy\" decoding=\"async\" width=\"1024\" height=\"803\" src=\"https:\/\/dfs-betriebssport.de\/wp-content\/uploads\/2022\/01\/thumbnail_IMG_3415-1-1024x803.jpg\" alt=\"\" class=\"wp-image-1239\" srcset=\"https:\/\/dfs-betriebssport.de\/wp-content\/uploads\/2022\/01\/thumbnail_IMG_3415-1-1024x803.jpg 1024w, https:\/\/dfs-betriebssport.de\/wp-content\/uploads\/2022\/01\/thumbnail_IMG_3415-1-300x235.jpg 300w, https:\/\/dfs-betriebssport.de\/wp-content\/uploads\/2022\/01\/thumbnail_IMG_3415-1-768x602.jpg 768w, https:\/\/dfs-betriebssport.de\/wp-content\/uploads\/2022\/01\/thumbnail_IMG_3415-1.jpg 1280w\" sizes=\"auto, (max-width: 1024px) 100vw, 1024px\" \/><\/a><\/figure>\n\n\n\n<p><strong>Spartenleitung<\/strong>:<\/p>\n\n\n\n<ul class=\"wp-block-list\"><li>Andreas Schl\u00f6sser, Email: Andreas.Schloesser2@dfs.de<\/li><li>Alexander Hager, Email: Alexander.Hager@dfs.de<\/li><\/ul>\n\n\n\n<p><strong>\u00dcber uns<\/strong>:<\/p>\n\n\n\n<p>Normalerweise treffen wir uns jeden Montag um 10:30 Uhr in der <a href=\"https:\/\/goo.gl\/maps\/BYz6k5CA6AUYS95bA\" data-type=\"URL\" data-id=\"https:\/\/goo.gl\/maps\/BYz6k5CA6AUYS95bA\">Sporttraum Soccerhalle<\/a> in Heimstetten. Gerne k\u00f6nnt ihr noch Freunde oder Kollegen mitbringen. Je nach Gruppengr\u00f6\u00dfe wird auf einem 25x15m oder 29&#215;16,5m (ab 12 Leuten) gespielt.<\/p>\n\n\n\n<p>Wir vereinbaren die einzelnen Treffen per Vorabanmeldung \u00fcber Whatsapp, bei Interesse jederzeit melden, wir freuen uns \u00fcber jeden neuen Mitspieler und laden euch entsprechend in die Gruppe ein.<\/p>\n\n\n\n<p><\/p>\n\n\n\n<figure class=\"wp-block-image size-full\"><a href=\"https:\/\/dfs-betriebssport.de\/wp-content\/uploads\/2022\/01\/IMG_5586-1024x768-1.jpg\"><img loading=\"lazy\" decoding=\"async\" width=\"1024\" height=\"768\" src=\"https:\/\/dfs-betriebssport.de\/wp-content\/uploads\/2022\/01\/IMG_5586-1024x768-1.jpg\" alt=\"\" class=\"wp-image-1243\" srcset=\"https:\/\/dfs-betriebssport.de\/wp-content\/uploads\/2022\/01\/IMG_5586-1024x768-1.jpg 1024w, https:\/\/dfs-betriebssport.de\/wp-content\/uploads\/2022\/01\/IMG_5586-1024x768-1-300x225.jpg 300w, https:\/\/dfs-betriebssport.de\/wp-content\/uploads\/2022\/01\/IMG_5586-1024x768-1-768x576.jpg 768w\" sizes=\"auto, (max-width: 1024px) 100vw, 1024px\" \/><\/a><\/figure>\n","protected":false},"excerpt":{"rendered":"<p>Herzlich Willkommen bei der M\u00fcnchner Fu\u00dfballsparte des DFS-Betriebssportvereins Spartenleitung: Andreas Schl\u00f6sser, Email: Andreas.Schloesser2@dfs.de Alexander Hager, Email: Alexander.Hager@dfs.de \u00dcber uns: Normalerweise treffen wir uns jeden Montag um 10:30 Uhr in der Sporttraum Soccerhalle in Heimstetten. Gerne k\u00f6nnt ihr noch Freunde oder Kollegen mitbringen. Je nach Gruppengr\u00f6\u00dfe wird auf einem 25x15m oder 29&#215;16,5m (ab 12 Leuten) gespielt. &hellip; <a href=\"https:\/\/dfs-betriebssport.de\/?page_id=1230\" class=\"more-link\"><span class=\"screen-reader-text\">Fussball M\u00fcnchen<\/span> weiterlesen <span class=\"meta-nav\">&rarr;<\/span><\/a><\/p>\n","protected":false},"author":18,"featured_media":0,"parent":0,"menu_order":0,"comment_status":"closed","ping_status":"closed","template":"","meta":{"footnotes":""},"class_list":["post-1230","page","type-page","status-publish","hentry"],"_links":{"self":[{"href":"https:\/\/dfs-betriebssport.de\/index.php?rest_route=\/wp\/v2\/pages\/1230","targetHints":{"allow":["GET"]}}],"collection":[{"href":"https:\/\/dfs-betriebssport.de\/index.php?rest_route=\/wp\/v2\/pages"}],"about":[{"href":"https:\/\/dfs-betriebssport.de\/index.php?rest_route=\/wp\/v2\/types\/page"}],"author":[{"embeddable":true,"href":"https:\/\/dfs-betriebssport.de\/index.php?rest_route=\/wp\/v2\/users\/18"}],"replies":[{"embeddable":true,"href":"https:\/\/dfs-betriebssport.de\/index.php?rest_route=%2Fwp%2Fv2%2Fcomments&post=1230"}],"version-history":[{"count":6,"href":"https:\/\/dfs-betriebssport.de\/index.php?rest_route=\/wp\/v2\/pages\/1230\/revisions"}],"predecessor-version":[{"id":1371,"href":"https:\/\/dfs-betriebssport.de\/index.php?rest_route=\/wp\/v2\/pages\/1230\/revisions\/1371"}],"wp:attachment":[{"href":"https:\/\/dfs-betriebssport.de\/index.php?rest_route=%2Fwp%2Fv2%2Fmedia&parent=1230"}],"curies":[{"name":"wp","href":"https:\/\/api.w.org\/{rel}","templated":true}]}}