{"id":1161,"date":"2020-11-09T11:27:34","date_gmt":"2020-11-09T10:27:34","guid":{"rendered":"http:\/\/dfs-betriebssport.de\/?page_id=1161"},"modified":"2021-11-17T10:56:30","modified_gmt":"2021-11-17T09:56:30","slug":"sportangebot-muenchen-2","status":"publish","type":"page","link":"https:\/\/dfs-betriebssport.de\/?page_id=1161","title":{"rendered":"Sportangebot M\u00fcnchen"},"content":{"rendered":"<p><em><strong>Auf dem Campus M\u00fcnchen gibt es folgende Sportsparten:<\/strong><\/em><\/p>\n<p style=\"padding-left: 30px;\"><a title=\"Fussball M\u00fcnchen\" href=\"https:\/\/dfs-betriebssport.de\/?page_id=1230\">Fussball M\u00fcnchen<\/a><\/p>\n<p style=\"padding-left: 30px;\"><a title=\"Tennis M\u00fcnchen\" href=\"https:\/\/dfs-betriebssport.de\/?page_id=1077\">Tennis M\u00fcnchen<\/a><\/p>\n<p style=\"padding-left: 30px;\"><a title=\"Regionalsparte M\u00fcnchen\" href=\"https:\/\/dfs-betriebssport.de\/?page_id=136\">Regionalsparte M\u00fcnchen<\/a><\/p>\n","protected":false},"excerpt":{"rendered":"<p>Auf dem Campus M\u00fcnchen gibt es folgende Sportsparten: Fussball M\u00fcnchen Tennis M\u00fcnchen Regionalsparte M\u00fcnchen<\/p>\n","protected":false},"author":1,"featured_media":0,"parent":0,"menu_order":0,"comment_status":"closed","ping_status":"closed","template":"","meta":{"footnotes":""},"class_list":["post-1161","page","type-page","status-publish","hentry"],"_links":{"self":[{"href":"https:\/\/dfs-betriebssport.de\/index.php?rest_route=\/wp\/v2\/pages\/1161","targetHints":{"allow":["GET"]}}],"collection":[{"href":"https:\/\/dfs-betriebssport.de\/index.php?rest_route=\/wp\/v2\/pages"}],"about":[{"href":"https:\/\/dfs-betriebssport.de\/index.php?rest_route=\/wp\/v2\/types\/page"}],"author":[{"embeddable":true,"href":"https:\/\/dfs-betriebssport.de\/index.php?rest_route=\/wp\/v2\/users\/1"}],"replies":[{"embeddable":true,"href":"https:\/\/dfs-betriebssport.de\/index.php?rest_route=%2Fwp%2Fv2%2Fcomments&post=1161"}],"version-history":[{"count":4,"href":"https:\/\/dfs-betriebssport.de\/index.php?rest_route=\/wp\/v2\/pages\/1161\/revisions"}],"predecessor-version":[{"id":1235,"href":"https:\/\/dfs-betriebssport.de\/index.php?rest_route=\/wp\/v2\/pages\/1161\/revisions\/1235"}],"wp:attachment":[{"href":"https:\/\/dfs-betriebssport.de\/index.php?rest_route=%2Fwp%2Fv2%2Fmedia&parent=1161"}],"curies":[{"name":"wp","href":"https:\/\/api.w.org\/{rel}","templated":true}]}}